{"id":14914,"date":"2023-12-05T18:26:45","date_gmt":"2023-12-05T18:26:45","guid":{"rendered":"https:\/\/www.fleurop-home.ch\/?product=birdfeeder"},"modified":"2026-04-07T11:10:30","modified_gmt":"2026-04-07T09:10:30","slug":"birdfeeder","status":"publish","type":"product","link":"https:\/\/www.fleurop-home.ch\/fr-ch\/p\/birdfeeder","title":{"rendered":"Birdfeeder"},"content":{"rendered":"<p style=\"text-align: left\">Cette cabane \u00e0 oiseaux est le cadeau parfait pour tous ceux qui aiment les oiseaux. En la fixant \u00e0 la fen\u00eatre, tu peux observer de pr\u00e8s les oiseaux en train de manger. Toutes ont une fen\u00eatre, de sorte que m\u00eame les personnes qui n'ont pas de jardin peuvent offrir de la nourriture suppl\u00e9mentaire aux oiseaux. C'est un cadeau que tu peux offrir \u00e0 presque tout le monde, que tu sois vieux, jeune, homme, femme, enfant ou chat.<\/p>\n<p>Taille 10 x 18 cm<br \/>\nDesign : Pascal Charmolu<br \/>\nMat\u00e9riaux : plastique, silicone et acier.<\/p>\n<p>Conseil d'entretien : il est imp\u00e9ratif de suivre attentivement les instructions d'installation. Toutes les pi\u00e8ces doivent \u00eatre lav\u00e9es et essuy\u00e9es, y compris la fen\u00eatre. Appuie fermement sur le bouchon d'aspiration sur la cabane \u00e0 oiseaux et la fen\u00eatre. Peut \u00eatre lav\u00e9 dans le compartiment sup\u00e9rieur du lave-vaisselle.<\/p>\n<p>Fabriqu\u00e9 en Su\u00e8de<\/p>\n<p>Les designs de All Born in Sweden sont cr\u00e9\u00e9s exclusivement pour nous en collaboration avec des designers talentueux et renomm\u00e9s. Nous utilisons de petites usines avec lesquelles nous avons une longue relation, et des mat\u00e9riaux propres qui sont soit recycl\u00e9s, soit facilement recyclables.<\/p>","protected":false},"excerpt":{"rendered":"<p>Maisonnette \u00e0 oiseaux<\/p>","protected":false},"featured_media":14915,"template":"","meta":[],"product_brand":[],"product_cat":[39,34,1113],"product_tag":[312],"woo-feed-brand":[],"class_list":{"0":"post-14914","1":"product","2":"type-product","3":"status-publish","4":"has-post-thumbnail","6":"product_cat-gartenzubehoer","7":"product_cat-garten-balkon","8":"product_cat-gartenbewohner","9":"product_tag-zimmermann-flaach-ag-blumen-gartenbau","11":"first","12":"instock","13":"taxable","14":"shipping-taxable","15":"purchasable","16":"product-type-simple"},"_links":{"self":[{"href":"https:\/\/www.fleurop-home.ch\/fr-ch\/wp-json\/wp\/v2\/product\/14914","targetHints":{"allow":["GET"]}}],"collection":[{"href":"https:\/\/www.fleurop-home.ch\/fr-ch\/wp-json\/wp\/v2\/product"}],"about":[{"href":"https:\/\/www.fleurop-home.ch\/fr-ch\/wp-json\/wp\/v2\/types\/product"}],"wp:featuredmedia":[{"embeddable":true,"href":"https:\/\/www.fleurop-home.ch\/fr-ch\/wp-json\/wp\/v2\/media\/14915"}],"wp:attachment":[{"href":"https:\/\/www.fleurop-home.ch\/fr-ch\/wp-json\/wp\/v2\/media?parent=14914"}],"wp:term":[{"taxonomy":"product_brand","embeddable":true,"href":"https:\/\/www.fleurop-home.ch\/fr-ch\/wp-json\/wp\/v2\/product_brand?post=14914"},{"taxonomy":"product_cat","embeddable":true,"href":"https:\/\/www.fleurop-home.ch\/fr-ch\/wp-json\/wp\/v2\/product_cat?post=14914"},{"taxonomy":"product_tag","embeddable":true,"href":"https:\/\/www.fleurop-home.ch\/fr-ch\/wp-json\/wp\/v2\/product_tag?post=14914"},{"taxonomy":"woo-feed-brand","embeddable":true,"href":"https:\/\/www.fleurop-home.ch\/fr-ch\/wp-json\/wp\/v2\/woo-feed-brand?post=14914"}],"curies":[{"name":"wp","href":"https:\/\/api.w.org\/{rel}","templated":true}]}}