{"id":14789,"date":"2023-11-27T20:31:48","date_gmt":"2023-11-27T20:31:48","guid":{"rendered":"https:\/\/www.fleurop-home.ch\/?product=n8-hammam-set"},"modified":"2026-02-05T13:45:33","modified_gmt":"2026-02-05T12:45:33","slug":"n8-set-de-hammam","status":"publish","type":"product","link":"https:\/\/www.fleurop-home.ch\/fr-ch\/p\/n8-hammam-set","title":{"rendered":"N\u00b08 SET DE HAMMAM"},"content":{"rendered":"<p style=\"text-align: left;\"><strong>Plonge dans le monde fascinant de l'Orient avec le N\u00b08 HAMMAM SET de Primestudios. Ce set exquis cr\u00e9e une exp\u00e9rience de soin et de bien-\u00eatre qui enchante les sens et revitalise le corps et l'esprit.<\/strong><\/p>\n<p style=\"text-align: left;\"><strong>Contenu du set :<\/strong><\/p>\n<ul style=\"text-align: left;\">\n<li><strong>Sel de bain pour hammam<\/strong>: D\u00e9couvre le nettoyage et le rafra\u00eechissement traditionnels avec nos sels de bain pour hammam. Des ingr\u00e9dients de haute qualit\u00e9 nettoient la peau en profondeur et laissent une sensation de fra\u00eecheur et de revitalisation.<\/li>\n<li><strong>Savon pour les mains et le corps Hammam<\/strong>: Notre savon cr\u00e9meux pour les mains et le corps au hammam nettoie et soigne ta peau en douceur. Son parfum envo\u00fbtant te transporte dans le monde exotique de l'Orient et te garantit une peau douce et soign\u00e9e.<\/li>\n<li><strong>Savon de massage<\/strong>: Le savon de massage sp\u00e9cial est con\u00e7u pour soulager les tensions et favoriser la relaxation. Avec ses parfums orientaux et ses propri\u00e9t\u00e9s apaisantes, il est le compagnon id\u00e9al pour des moments de massage relaxants.<\/li>\n<\/ul>\n<p style=\"text-align: left;\"><strong>Points forts du produit :<\/strong><\/p>\n<ul style=\"text-align: left;\">\n<li><strong>Exp\u00e9rience du hammam<\/strong>: Les produits offrent une exp\u00e9rience authentique de hammam qui combine nettoyage, revitalisation et relaxation.<\/li>\n<li><strong>Parfum exotique de l'Orient<\/strong>: Laisse-toi s\u00e9duire par les ar\u00f4mes envo\u00fbtants de l'Orient et offre-toi un moment de d\u00e9tente et de luxe.<\/li>\n<li><strong>Ingr\u00e9dients de haute qualit\u00e9<\/strong>: nos produits contiennent uniquement des ingr\u00e9dients naturels de haute qualit\u00e9, exempts de produits chimiques nocifs, pour un soin complet de la peau.<\/li>\n<\/ul>\n<p style=\"text-align: left;\">D\u00e9couvre le monde fascinant de l'Orient avec le N\u00b08 HAMMAM SET de Primestudios. D\u00e9couvre la culture et la beaut\u00e9 d'un rituel de hammam, dans le confort de ta propre maison.<\/p>\n<p style=\"text-align: left;\">Commande d\u00e8s aujourd'hui et offre-toi le N\u00b08 HAMMAM SET de Primestudios pour profiter de moments de bien-\u00eatre et de soins uniques.<\/p>","protected":false},"excerpt":{"rendered":"<p>N\u00b08 SET DE HAMMAM<\/p>","protected":false},"featured_media":14790,"template":"","meta":[],"product_brand":[],"product_cat":[53,1023,797,1020,1018,909,916,48,50,49,52,1224],"product_tag":[322],"woo-feed-brand":[],"class_list":{"0":"post-14789","1":"product","2":"type-product","3":"status-publish","4":"has-post-thumbnail","6":"product_cat-geschenksets","7":"product_cat-fuer-mama","8":"product_cat-muttertag","9":"product_cat-ostergeschenke","10":"product_cat-ostern","11":"product_cat-weihnachten","12":"product_cat-praesente","13":"product_cat-bad-wellness","14":"product_cat-badezubehoer","15":"product_cat-seifen","16":"product_cat-geschenke","17":"product_cat-beauty-wellness","18":"product_tag-primestudios","20":"first","21":"instock","22":"taxable","23":"shipping-taxable","24":"purchasable","25":"product-type-simple"},"_links":{"self":[{"href":"https:\/\/www.fleurop-home.ch\/fr-ch\/wp-json\/wp\/v2\/product\/14789","targetHints":{"allow":["GET"]}}],"collection":[{"href":"https:\/\/www.fleurop-home.ch\/fr-ch\/wp-json\/wp\/v2\/product"}],"about":[{"href":"https:\/\/www.fleurop-home.ch\/fr-ch\/wp-json\/wp\/v2\/types\/product"}],"wp:featuredmedia":[{"embeddable":true,"href":"https:\/\/www.fleurop-home.ch\/fr-ch\/wp-json\/wp\/v2\/media\/14790"}],"wp:attachment":[{"href":"https:\/\/www.fleurop-home.ch\/fr-ch\/wp-json\/wp\/v2\/media?parent=14789"}],"wp:term":[{"taxonomy":"product_brand","embeddable":true,"href":"https:\/\/www.fleurop-home.ch\/fr-ch\/wp-json\/wp\/v2\/product_brand?post=14789"},{"taxonomy":"product_cat","embeddable":true,"href":"https:\/\/www.fleurop-home.ch\/fr-ch\/wp-json\/wp\/v2\/product_cat?post=14789"},{"taxonomy":"product_tag","embeddable":true,"href":"https:\/\/www.fleurop-home.ch\/fr-ch\/wp-json\/wp\/v2\/product_tag?post=14789"},{"taxonomy":"woo-feed-brand","embeddable":true,"href":"https:\/\/www.fleurop-home.ch\/fr-ch\/wp-json\/wp\/v2\/woo-feed-brand?post=14789"}],"curies":[{"name":"wp","href":"https:\/\/api.w.org\/{rel}","templated":true}]}}