{"id":14620,"date":"2023-11-02T18:42:52","date_gmt":"2023-11-02T18:42:52","guid":{"rendered":"https:\/\/www.fleurop-home.ch\/?product=n4-rosa-set"},"modified":"2026-02-05T13:45:34","modified_gmt":"2026-02-05T12:45:34","slug":"n4-rose-set","status":"publish","type":"product","link":"https:\/\/www.fleurop-home.ch\/fr-ch\/p\/n4-rosa-set","title":{"rendered":"N\u00b04 ROSA SET"},"content":{"rendered":"<p style=\"text-align: left;\">Plonge dans le monde d\u00e9licat des roses avec le N\u00b04 ROSA SET de Primestudios. Ce set luxueux contient tout ce dont tu as besoin pour une exp\u00e9rience de soin et de bien-\u00eatre qui te g\u00e2te.<\/p>\n<p><strong><br \/>\nContenu :<\/strong><\/p>\n<ul>\n<li><strong>Sel de bain \u00e0 la rose<\/strong>: Profite d'un bain relaxant qui stimule tes sens et prend soin de ta peau. Nos sels de bain \u00e0 la rose contiennent des ingr\u00e9dients de haute qualit\u00e9 qui nettoient et hydratent ta peau, tandis que le parfum envo\u00fbtant des p\u00e9tales de rose enchantera tes sens.<\/li>\n<li><strong>Savon pour les mains et le corps \u00e0 la rose<\/strong>: Notre savon cr\u00e9meux pour les mains et le corps \u00e0 la rose nettoie et soigne ta peau en douceur. Il laisse un d\u00e9licat parfum de rose et garantit une peau souple et douce.<\/li>\n<li><strong>Savons sp\u00e9ciaux en forme de c\u0153ur<\/strong>: Ces savons en forme de c\u0153ur ne sont pas seulement un plaisir pour les yeux, mais aussi de merveilleux cadeaux pour ceux que tu aimes. Ils sont parfaits pour les invit\u00e9s ou comme savons d\u00e9coratifs dans ta salle de bain.<\/li>\n<\/ul>\n<p><strong><br \/>\nPoints forts du produit :<\/strong><\/p>\n<ul>\n<li><strong>Magie des roses<\/strong>: Le parfum envo\u00fbtant des p\u00e9tales de rose dans tous les produits te procurera d\u00e9tente et bien-\u00eatre. Laisse-toi envo\u00fbter par l'atmosph\u00e8re romantique.<\/li>\n<li><strong>Ingr\u00e9dients de haute qualit\u00e9<\/strong>: nous n'utilisons que les meilleurs ingr\u00e9dients naturels pour prendre soin de ta peau et la choyer au mieux. Nos produits sont exempts de produits chimiques nocifs comme les parab\u00e8nes et les sulfates.<\/li>\n<li><strong>Id\u00e9e de cadeau<\/strong>: Le SET N\u00b04 ROSA est le cadeau id\u00e9al pour tes proches. Ajoute une touche de luxe et de d\u00e9tente \u00e0 tes cadeaux.<\/li>\n<\/ul>\n<p>Chouchoute-toi ou montre \u00e0 tes proches \u00e0 quel point tu les appr\u00e9cies avec le N\u00b04 ROSA SET de Primestudios. Plonge dans le monde des roses et vis une exp\u00e9rience de bain et de soin qui g\u00e2te le corps et l'\u00e2me.<\/p>","protected":false},"excerpt":{"rendered":"<p>N\u00b04 ROSA SET<\/p>","protected":false},"featured_media":14621,"template":"","meta":[],"product_brand":[],"product_cat":[53,1023,1003,797,984,993,1208,999,909,916,915,48,50,49,52,1224],"product_tag":[322],"woo-feed-brand":[],"class_list":{"0":"post-14620","1":"product","2":"type-product","3":"status-publish","4":"has-post-thumbnail","6":"product_cat-geschenksets","7":"product_cat-fuer-mama","8":"product_cat-fuer-sie","9":"product_cat-muttertag","10":"product_cat-silvester","11":"product_cat-silvestergeschenke","12":"product_cat-ueber-25-chf","13":"product_cat-valentinstag","14":"product_cat-weihnachten","15":"product_cat-praesente","16":"product_cat-wichteln","17":"product_cat-bad-wellness","18":"product_cat-badezubehoer","19":"product_cat-seifen","20":"product_cat-geschenke","21":"product_cat-beauty-wellness","22":"product_tag-primestudios","24":"first","25":"instock","26":"featured","27":"taxable","28":"shipping-taxable","29":"purchasable","30":"product-type-simple"},"_links":{"self":[{"href":"https:\/\/www.fleurop-home.ch\/fr-ch\/wp-json\/wp\/v2\/product\/14620","targetHints":{"allow":["GET"]}}],"collection":[{"href":"https:\/\/www.fleurop-home.ch\/fr-ch\/wp-json\/wp\/v2\/product"}],"about":[{"href":"https:\/\/www.fleurop-home.ch\/fr-ch\/wp-json\/wp\/v2\/types\/product"}],"wp:featuredmedia":[{"embeddable":true,"href":"https:\/\/www.fleurop-home.ch\/fr-ch\/wp-json\/wp\/v2\/media\/14621"}],"wp:attachment":[{"href":"https:\/\/www.fleurop-home.ch\/fr-ch\/wp-json\/wp\/v2\/media?parent=14620"}],"wp:term":[{"taxonomy":"product_brand","embeddable":true,"href":"https:\/\/www.fleurop-home.ch\/fr-ch\/wp-json\/wp\/v2\/product_brand?post=14620"},{"taxonomy":"product_cat","embeddable":true,"href":"https:\/\/www.fleurop-home.ch\/fr-ch\/wp-json\/wp\/v2\/product_cat?post=14620"},{"taxonomy":"product_tag","embeddable":true,"href":"https:\/\/www.fleurop-home.ch\/fr-ch\/wp-json\/wp\/v2\/product_tag?post=14620"},{"taxonomy":"woo-feed-brand","embeddable":true,"href":"https:\/\/www.fleurop-home.ch\/fr-ch\/wp-json\/wp\/v2\/woo-feed-brand?post=14620"}],"curies":[{"name":"wp","href":"https:\/\/api.w.org\/{rel}","templated":true}]}}