{"id":14614,"date":"2023-11-02T18:06:21","date_gmt":"2023-11-02T18:06:21","guid":{"rendered":"https:\/\/www.fleurop-home.ch\/?product=n4-rosa-badesalz"},"modified":"2026-04-01T15:39:14","modified_gmt":"2026-04-01T13:39:14","slug":"n4-sels-de-bain-roses","status":"publish","type":"product","link":"https:\/\/www.fleurop-home.ch\/fr-ch\/p\/n4-rosa-badesalz","title":{"rendered":"N\u00b04 SELS DE BAIN ROSES"},"content":{"rendered":"<p style=\"text-align: left;\">Plonge dans un bain de luxe avec notre exquis N\u00b04 SALLE DE BAIN ROSE de PRIMESTUDIOS. Ce bain de lait combine les propri\u00e9t\u00e9s bienfaisantes des sels de bain de qualit\u00e9 avec le d\u00e9licat parfum des roses pour t'offrir une exp\u00e9rience de bain relaxante et choyante.<\/p>","protected":false},"excerpt":{"rendered":"<p>N\u00b04 SELS DE BAIN ROSES<\/p>","protected":false},"featured_media":36403,"template":"","meta":[],"product_brand":[],"product_cat":[50,1023,797,1020,1018,1207,909,915,48],"product_tag":[322],"woo-feed-brand":[],"class_list":{"0":"post-14614","1":"product","2":"type-product","3":"status-publish","4":"has-post-thumbnail","6":"product_cat-badezubehoer","7":"product_cat-fuer-mama","8":"product_cat-muttertag","9":"product_cat-ostergeschenke","10":"product_cat-ostern","11":"product_cat-unter-25-chf","12":"product_cat-weihnachten","13":"product_cat-wichteln","14":"product_cat-bad-wellness","15":"product_tag-primestudios","17":"first","18":"instock","19":"taxable","20":"shipping-taxable","21":"purchasable","22":"product-type-simple"},"_links":{"self":[{"href":"https:\/\/www.fleurop-home.ch\/fr-ch\/wp-json\/wp\/v2\/product\/14614","targetHints":{"allow":["GET"]}}],"collection":[{"href":"https:\/\/www.fleurop-home.ch\/fr-ch\/wp-json\/wp\/v2\/product"}],"about":[{"href":"https:\/\/www.fleurop-home.ch\/fr-ch\/wp-json\/wp\/v2\/types\/product"}],"wp:featuredmedia":[{"embeddable":true,"href":"https:\/\/www.fleurop-home.ch\/fr-ch\/wp-json\/wp\/v2\/media\/36403"}],"wp:attachment":[{"href":"https:\/\/www.fleurop-home.ch\/fr-ch\/wp-json\/wp\/v2\/media?parent=14614"}],"wp:term":[{"taxonomy":"product_brand","embeddable":true,"href":"https:\/\/www.fleurop-home.ch\/fr-ch\/wp-json\/wp\/v2\/product_brand?post=14614"},{"taxonomy":"product_cat","embeddable":true,"href":"https:\/\/www.fleurop-home.ch\/fr-ch\/wp-json\/wp\/v2\/product_cat?post=14614"},{"taxonomy":"product_tag","embeddable":true,"href":"https:\/\/www.fleurop-home.ch\/fr-ch\/wp-json\/wp\/v2\/product_tag?post=14614"},{"taxonomy":"woo-feed-brand","embeddable":true,"href":"https:\/\/www.fleurop-home.ch\/fr-ch\/wp-json\/wp\/v2\/woo-feed-brand?post=14614"}],"curies":[{"name":"wp","href":"https:\/\/api.w.org\/{rel}","templated":true}]}}