{"id":14511,"date":"2023-10-19T09:34:57","date_gmt":"2023-10-19T09:34:57","guid":{"rendered":"https:\/\/www.fleurop-home.ch\/?product=arrangement-mit-stabilisierter-ranunkel-in-tasche"},"modified":"2025-04-01T05:13:35","modified_gmt":"2025-04-01T03:13:35","slug":"arrangement-avec-renoncule-stabilisee-dans-la-poche","status":"publish","type":"product","link":"https:\/\/www.fleurop-home.ch\/fr-ch\/p\/arrangement-mit-stabilisierter-ranunkel-in-tasche","title":{"rendered":"Arrangement avec renoncule stabilis\u00e9e en poche"},"content":{"rendered":"<p style=\"text-align: left\"><strong>Sac de renoncule :<\/strong>\u00a0Renoncule stabilis\u00e9e dans un sac en papier, d\u00e9cor\u00e9e de petits coquillages, de perles artificielles, de plumes, de fleurs en bois, de chatons en osier, de muehlenbeckia.<\/p>\n<p style=\"text-align: left\"><strong>Conseil d'entretien :<\/strong> Renoncule stabilis\u00e9e, dur\u00e9e de vie minimale de 2 \u00e0 3 ans. Ne doit pas entrer en contact avec l'eau, ni \u00eatre plac\u00e9e dans un endroit humide. Ne pas exposer au soleil, sinon elle se d\u00e9colore.<\/p>\n<p style=\"text-align: left\"><strong>A noter :<\/strong> La couleur montr\u00e9e sur le site web peut \u00eatre l\u00e9g\u00e8rement diff\u00e9rente de celle livr\u00e9e.<\/p>\n<p style=\"text-align: left\"><strong>Travail manuel :<\/strong> Chaque pi\u00e8ce est r\u00e9alis\u00e9e par une fleuriste. C'est pourquoi il peut y avoir de l\u00e9gers d\u00e9calages dans la disposition des d\u00e9corations. Pour la cr\u00e9ation, on utilise des outils tels que du bois, du Muehlenbeckia, du fil de fer, de la colle, de la mousse \u00e0 piquer et d'autres outils similaires, qui peuvent aussi \u00eatre l\u00e9g\u00e8rement visibles.<\/p>","protected":false},"excerpt":{"rendered":"<p>Couleur : abricot - saumon<br \/>\nLargeur : 10,5 cm \/ hauteur : 18 cm<\/p>","protected":false},"featured_media":14512,"template":"","meta":[],"product_brand":[],"product_cat":[102,23,107,26],"product_tag":[327],"woo-feed-brand":[],"class_list":{"0":"post-14511","1":"product","2":"type-product","3":"status-publish","4":"has-post-thumbnail","6":"product_cat-infinity-rosen","7":"product_cat-home-living","8":"product_cat-kunstblumen","9":"product_cat-blumen-pflanzen","10":"product_tag-blumen-jakob","12":"first","13":"instock","14":"taxable","15":"shipping-taxable","16":"purchasable","17":"product-type-simple"},"_links":{"self":[{"href":"https:\/\/www.fleurop-home.ch\/fr-ch\/wp-json\/wp\/v2\/product\/14511","targetHints":{"allow":["GET"]}}],"collection":[{"href":"https:\/\/www.fleurop-home.ch\/fr-ch\/wp-json\/wp\/v2\/product"}],"about":[{"href":"https:\/\/www.fleurop-home.ch\/fr-ch\/wp-json\/wp\/v2\/types\/product"}],"wp:featuredmedia":[{"embeddable":true,"href":"https:\/\/www.fleurop-home.ch\/fr-ch\/wp-json\/wp\/v2\/media\/14512"}],"wp:attachment":[{"href":"https:\/\/www.fleurop-home.ch\/fr-ch\/wp-json\/wp\/v2\/media?parent=14511"}],"wp:term":[{"taxonomy":"product_brand","embeddable":true,"href":"https:\/\/www.fleurop-home.ch\/fr-ch\/wp-json\/wp\/v2\/product_brand?post=14511"},{"taxonomy":"product_cat","embeddable":true,"href":"https:\/\/www.fleurop-home.ch\/fr-ch\/wp-json\/wp\/v2\/product_cat?post=14511"},{"taxonomy":"product_tag","embeddable":true,"href":"https:\/\/www.fleurop-home.ch\/fr-ch\/wp-json\/wp\/v2\/product_tag?post=14511"},{"taxonomy":"woo-feed-brand","embeddable":true,"href":"https:\/\/www.fleurop-home.ch\/fr-ch\/wp-json\/wp\/v2\/woo-feed-brand?post=14511"}],"curies":[{"name":"wp","href":"https:\/\/api.w.org\/{rel}","templated":true}]}}