{"id":14487,"date":"2023-09-29T15:32:58","date_gmt":"2023-09-29T15:32:58","guid":{"rendered":"https:\/\/www.fleurop-home.ch\/?product=blumentasche-pastell"},"modified":"2026-03-06T14:03:42","modified_gmt":"2026-03-06T13:03:42","slug":"sac-a-fleurs-pastel","status":"publish","type":"product","link":"https:\/\/www.fleurop-home.ch\/fr-ch\/p\/blumentasche-pastell","title":{"rendered":"Sac \u00e0 fleurs \"Pastel"},"content":{"rendered":"<p style=\"text-align: left\"><span style=\"font-size: 10pt\"><strong>Les sacs \u00e0 fleurs sont les tendances d\u00e9coratives de la saison.<\/strong><\/span><\/p>\n<p>As-tu d\u00e9j\u00e0 vu un sac \u00e0 fleurs aussi \u00e9l\u00e9gant fait de fleurs s\u00e9ch\u00e9es &amp; textiles ? Et comme nos fleurs sont arrang\u00e9es comme une composition, tu n'as m\u00eame pas besoin de te soucier d'un vase.<\/p>\n<p>Avec ce cadeau tendance, la surprise sera inoubliable. Notre sac \u00e0 fleurs est con\u00e7u avec des fleurs s\u00e9ch\u00e9es et des fleurs textiles tr\u00e8s tendance.<\/p>\n<p>Le sac \u00e0 fleurs peut \u00eatre utilis\u00e9 comme cadeau, accessoire d'int\u00e9rieur ou comme d\u00e9coration de table. Les fleurs s\u00e9ch\u00e9es et les fleurs textiles se conservent longtemps, et le sac \u00e0 fleurs peut donc \u00eatre r\u00e9utilis\u00e9 pour la d\u00e9coration tout au long de l'ann\u00e9e.<\/p>\n<p>- Les sacs \u00e0 fleurs en fleurs s\u00e9ch\u00e9es, fleurs textiles &amp; mat\u00e9riaux artificiels sont compos\u00e9s individuellement par nos soins et peuvent donc varier en termes de disposition et de couleur.<\/p>\n<p>- Pour la conception, on utilise en partie des mat\u00e9riaux de d\u00e9coration mont\u00e9s ainsi que du bois, du fil de fer, de la colle, du raphia et d'autres aides techniques similaires, qui peuvent \u00e9galement \u00eatre visibles. Le sac est con\u00e7u en carton\/papier et peut pr\u00e9senter des ombres\/restes de colle et des points de pression en raison du processus de collage.<\/p>\n<p style=\"text-align: left\">Il y a aussi des fleurs\/branches stabilis\u00e9es. En raison de la stabilisation et de la coloration, les branches ont une humidit\u00e9 r\u00e9siduelle dans les feuilles et peuvent transmettre de la couleur aux mains, aux v\u00eatements, etc. Fais attention s'il te pla\u00eet !<\/p>\n<p style=\"text-align: left\">D\u00e9balles-le avec pr\u00e9caution et remets \u00e9ventuellement les fleurs en forme dans le sac \u00e0 fleurs.<\/p>\n<p style=\"text-align: left\"><strong>Note bien<\/strong><br \/>\nIl peut y avoir des diff\u00e9rences entre la couleur illustr\u00e9e sur le site web et la couleur r\u00e9elle. Cela en raison de l'incidence de la lumi\u00e8re, de la luminosit\u00e9 du moniteur, du r\u00e9glage du contraste, etc. De m\u00eame que la disposition \/ composition des mat\u00e9riaux et des articles de d\u00e9coration.<\/p>\n<p>Dimensions du sac \u00e0 fleurs : longueur 20cm\/largeur 9cm\/hauteur 16 cm (hauteur avec les fleurs : environ 32 cm)<\/p>","protected":false},"excerpt":{"rendered":"<p>Dimensions du sac \u00e0 fleurs : longueur 20cm\/largeur 9cm\/hauteur 16 cm (hauteur avec les fleurs : environ 32 cm)<\/p>","protected":false},"featured_media":14488,"template":"","meta":[],"product_brand":[],"product_cat":[107,23,26],"product_tag":[290],"woo-feed-brand":[],"class_list":{"0":"post-14487","1":"product","2":"type-product","3":"status-publish","4":"has-post-thumbnail","6":"product_cat-kunstblumen","7":"product_cat-home-living","8":"product_cat-blumen-pflanzen","9":"product_tag-atelier-leutwyler","11":"first","12":"instock","13":"taxable","14":"shipping-taxable","15":"purchasable","16":"product-type-simple"},"_links":{"self":[{"href":"https:\/\/www.fleurop-home.ch\/fr-ch\/wp-json\/wp\/v2\/product\/14487","targetHints":{"allow":["GET"]}}],"collection":[{"href":"https:\/\/www.fleurop-home.ch\/fr-ch\/wp-json\/wp\/v2\/product"}],"about":[{"href":"https:\/\/www.fleurop-home.ch\/fr-ch\/wp-json\/wp\/v2\/types\/product"}],"wp:featuredmedia":[{"embeddable":true,"href":"https:\/\/www.fleurop-home.ch\/fr-ch\/wp-json\/wp\/v2\/media\/14488"}],"wp:attachment":[{"href":"https:\/\/www.fleurop-home.ch\/fr-ch\/wp-json\/wp\/v2\/media?parent=14487"}],"wp:term":[{"taxonomy":"product_brand","embeddable":true,"href":"https:\/\/www.fleurop-home.ch\/fr-ch\/wp-json\/wp\/v2\/product_brand?post=14487"},{"taxonomy":"product_cat","embeddable":true,"href":"https:\/\/www.fleurop-home.ch\/fr-ch\/wp-json\/wp\/v2\/product_cat?post=14487"},{"taxonomy":"product_tag","embeddable":true,"href":"https:\/\/www.fleurop-home.ch\/fr-ch\/wp-json\/wp\/v2\/product_tag?post=14487"},{"taxonomy":"woo-feed-brand","embeddable":true,"href":"https:\/\/www.fleurop-home.ch\/fr-ch\/wp-json\/wp\/v2\/woo-feed-brand?post=14487"}],"curies":[{"name":"wp","href":"https:\/\/api.w.org\/{rel}","templated":true}]}}