{"id":14449,"date":"2023-09-22T16:26:15","date_gmt":"2023-09-22T16:26:15","guid":{"rendered":"https:\/\/www.fleurop-home.ch\/?product=zierkissen-meadow-45-x-45-cm-100-burel-schafswolle"},"modified":"2025-11-28T08:51:48","modified_gmt":"2025-11-28T07:51:48","slug":"coussin-decoratif-meadow-45-x-45-cm-100-burel-laine-de-mouton","status":"publish","type":"product","link":"https:\/\/www.fleurop-home.ch\/fr-ch\/p\/zierkissen-meadow-45-x-45-cm-100-burel-schafswolle","title":{"rendered":"Coussin d\u00e9coratif \"Meadow\", 45 x 45 cm, 100% laine de mouton de Burel"},"content":{"rendered":"<p style=\"text-align: left\">Nos coussins d\u00e9coratifs sont fabriqu\u00e9s en laine 100% et se distinguent par une qualit\u00e9 et une durabilit\u00e9 incomparables. La laine de bure est un mat\u00e9riau naturel et \u00e9cologique, connu pour sa r\u00e9sistance et sa long\u00e9vit\u00e9. Elle provient de moutons indig\u00e8nes qui paissent librement sur les hauts plateaux luxuriants de la Serra da Estrela. Leur habitat naturel garantit la meilleure qualit\u00e9. Il est r\u00e9sistant \u00e0 l'usure et conserve sa forme et sa couleur m\u00eame apr\u00e8s une utilisation intensive. Si tu choisis ce coussin, tu n'investis pas seulement dans le style, mais aussi dans un avenir plus \u00e9cologique.<\/p>\n<p style=\"text-align: left\">Chaque coussin est un t\u00e9moignage des mains habiles d'artisans de la Serra da Estrela, au Portugal. Ils perp\u00e9tuent un h\u00e9ritage qui remonte au 19\u00e8me si\u00e8cle et utilisent des machines et des techniques historiques pour cr\u00e9er une pi\u00e8ce qui est \u00e0 la fois belle et durable.<\/p>\n<p style=\"text-align: left\">Ajoute \u00e0 ton int\u00e9rieur une touche d'h\u00e9ritage portugais et la chaleur de mat\u00e9riaux durables. Que ce soit sur le canap\u00e9, le fauteuil ou le lit, nos coussins faits \u00e0 la main deviendront \u00e0 coup s\u00fbr une partie appr\u00e9ci\u00e9e de l'histoire de ta maison.<\/p>\n<p style=\"text-align: left\">Coussin de remplissage disponible s\u00e9par\u00e9ment.<\/p>\n<p style=\"text-align: left\">Conseils d'entretien :<br \/>\nLavage \u00e0 la main max. 30\u00baC, ne pas utiliser d'eau de Javel, ne pas utiliser de s\u00e8che-linge, temp\u00e9rature maximale de repassage 150\u00baC, nettoyage \u00e0 sec autoris\u00e9<\/p>","protected":false},"excerpt":{"rendered":"<p>Pimente ton int\u00e9rieur avec l'\u00e9l\u00e9gance intemporelle de nos coussins en laine Burel faits \u00e0 la main. Fabriqu\u00e9 \u00e0 la main avec soin au c\u0153ur de la Serra da Estrela, au Portugal, \u00e0 partir de laine de mouton 100%, ce coussin combine l'artisanat traditionnel et les mat\u00e9riaux durables pour cr\u00e9er une \u0153uvre d'art fonctionnelle pour ton int\u00e9rieur.<\/p>","protected":false},"featured_media":14450,"template":"","meta":[],"product_brand":[],"product_cat":[31,23,909,1179,911],"product_tag":[314],"woo-feed-brand":[],"class_list":{"0":"post-14449","1":"product","2":"type-product","3":"status-publish","4":"has-post-thumbnail","6":"product_cat-heimtextilien","7":"product_cat-home-living","8":"product_cat-weihnachten","9":"product_cat-weihnachtsdeko","10":"product_cat-accessoires","11":"product_tag-happytrays","13":"first","14":"instock","15":"taxable","16":"shipping-taxable","17":"purchasable","18":"product-type-simple"},"_links":{"self":[{"href":"https:\/\/www.fleurop-home.ch\/fr-ch\/wp-json\/wp\/v2\/product\/14449","targetHints":{"allow":["GET"]}}],"collection":[{"href":"https:\/\/www.fleurop-home.ch\/fr-ch\/wp-json\/wp\/v2\/product"}],"about":[{"href":"https:\/\/www.fleurop-home.ch\/fr-ch\/wp-json\/wp\/v2\/types\/product"}],"wp:featuredmedia":[{"embeddable":true,"href":"https:\/\/www.fleurop-home.ch\/fr-ch\/wp-json\/wp\/v2\/media\/14450"}],"wp:attachment":[{"href":"https:\/\/www.fleurop-home.ch\/fr-ch\/wp-json\/wp\/v2\/media?parent=14449"}],"wp:term":[{"taxonomy":"product_brand","embeddable":true,"href":"https:\/\/www.fleurop-home.ch\/fr-ch\/wp-json\/wp\/v2\/product_brand?post=14449"},{"taxonomy":"product_cat","embeddable":true,"href":"https:\/\/www.fleurop-home.ch\/fr-ch\/wp-json\/wp\/v2\/product_cat?post=14449"},{"taxonomy":"product_tag","embeddable":true,"href":"https:\/\/www.fleurop-home.ch\/fr-ch\/wp-json\/wp\/v2\/product_tag?post=14449"},{"taxonomy":"woo-feed-brand","embeddable":true,"href":"https:\/\/www.fleurop-home.ch\/fr-ch\/wp-json\/wp\/v2\/woo-feed-brand?post=14449"}],"curies":[{"name":"wp","href":"https:\/\/api.w.org\/{rel}","templated":true}]}}