{"id":14408,"date":"2023-09-22T16:20:22","date_gmt":"2023-09-22T14:20:22","guid":{"rendered":"https:\/\/www.fleurop-home.ch\/?product=tablett-aus-birkenholz-still-life-27-x-20-cm"},"modified":"2025-12-01T10:32:42","modified_gmt":"2025-12-01T09:32:42","slug":"plateau-en-bois-de-bouleau-still-life-27-x-20-cm","status":"publish","type":"product","link":"https:\/\/www.fleurop-home.ch\/fr-ch\/p\/tablett-aus-birkenholz-still-life-27-x-20-cm","title":{"rendered":"Plateau en bois de bouleau \"Still Life\", 27 x 20 cm"},"content":{"rendered":"<p>Con\u00e7u pour cr\u00e9er une atmosph\u00e8re d'\u00e9l\u00e9gance et de tranquillit\u00e9, \u201aStill Life\u2018 combine des compositions de couleurs harmonieuses et des motifs naturels. Ce design fascine et apaise en m\u00eame temps, transformant ton environnement en une oasis paisible.<\/p>\n<p>La taille rectangulaire compacte est id\u00e9ale pour la pause caf\u00e9 quotidienne, avec de la place pour une boisson et un snack par exemple. Chaque plateau est fabriqu\u00e9 \u00e0 la main en Su\u00e8de \u00e0 partir d'un placage de bouleau durable de haute qualit\u00e9, il est approuv\u00e9 pour le contact avec les aliments, il r\u00e9siste \u00e0 la chaleur et aux taches et peut \u00eatre lav\u00e9 en toute s\u00e9curit\u00e9 dans le lave-vaisselle.<\/p>\n<p>Transforme les moments ordinaires en exp\u00e9riences extraordinaires avec ce plateau classique.<\/p>\n<p style=\"text-align: left\"><em>Cr\u00e9ateur :<\/em> Andreas Frei\/HappyTrays<\/p>\n<p style=\"text-align: left\"><em>Mat\u00e9riel :<\/em> Placage bouleau, rev\u00eatement m\u00e9lamine<\/p>\n<p style=\"text-align: left\"><em>Mod\u00e8le :<\/em>\u00a0Vie immobile<\/p>\n<p style=\"text-align: left\"><em>Forme :<\/em> Rectangulaire<\/p>\n<p style=\"text-align: left\"><em>La taille :<\/em> 27 x 20 cm<\/p>","protected":false},"excerpt":{"rendered":"<p>Plateau de haute qualit\u00e9 en bois de bouleau durable avec un design vivant en \u00e9dition limit\u00e9e. Con\u00e7u en Suisse, fabriqu\u00e9 \u00e0 la main en Su\u00e8de. \u00d8 46 cm.<\/p>","protected":false},"featured_media":35793,"template":"","meta":[],"product_brand":[],"product_cat":[1108,1208,909,915,42,1104,43],"product_tag":[314],"woo-feed-brand":[],"class_list":{"0":"post-14408","1":"product","2":"type-product","3":"status-publish","4":"has-post-thumbnail","6":"product_cat-tabletts","7":"product_cat-ueber-25-chf","8":"product_cat-weihnachten","9":"product_cat-wichteln","10":"product_cat-kueche","11":"product_cat-tischakzente","12":"product_cat-gedeckter-tisch","13":"product_tag-happytrays","15":"first","16":"instock","17":"taxable","18":"shipping-taxable","19":"purchasable","20":"product-type-simple"},"_links":{"self":[{"href":"https:\/\/www.fleurop-home.ch\/fr-ch\/wp-json\/wp\/v2\/product\/14408","targetHints":{"allow":["GET"]}}],"collection":[{"href":"https:\/\/www.fleurop-home.ch\/fr-ch\/wp-json\/wp\/v2\/product"}],"about":[{"href":"https:\/\/www.fleurop-home.ch\/fr-ch\/wp-json\/wp\/v2\/types\/product"}],"wp:featuredmedia":[{"embeddable":true,"href":"https:\/\/www.fleurop-home.ch\/fr-ch\/wp-json\/wp\/v2\/media\/35793"}],"wp:attachment":[{"href":"https:\/\/www.fleurop-home.ch\/fr-ch\/wp-json\/wp\/v2\/media?parent=14408"}],"wp:term":[{"taxonomy":"product_brand","embeddable":true,"href":"https:\/\/www.fleurop-home.ch\/fr-ch\/wp-json\/wp\/v2\/product_brand?post=14408"},{"taxonomy":"product_cat","embeddable":true,"href":"https:\/\/www.fleurop-home.ch\/fr-ch\/wp-json\/wp\/v2\/product_cat?post=14408"},{"taxonomy":"product_tag","embeddable":true,"href":"https:\/\/www.fleurop-home.ch\/fr-ch\/wp-json\/wp\/v2\/product_tag?post=14408"},{"taxonomy":"woo-feed-brand","embeddable":true,"href":"https:\/\/www.fleurop-home.ch\/fr-ch\/wp-json\/wp\/v2\/woo-feed-brand?post=14408"}],"curies":[{"name":"wp","href":"https:\/\/api.w.org\/{rel}","templated":true}]}}