{"id":14400,"date":"2023-09-22T13:56:01","date_gmt":"2023-09-22T13:56:01","guid":{"rendered":"https:\/\/www.fleurop-home.ch\/?product=tablett-aus-birkenholz-still-life-two-o-39-cm"},"modified":"2026-03-18T13:54:44","modified_gmt":"2026-03-18T12:54:44","slug":"plateau-en-bois-de-bouleau-still-life-two-o-39-cm","status":"publish","type":"product","link":"https:\/\/www.fleurop-home.ch\/fr-ch\/p\/tablett-aus-birkenholz-still-life-two-o-39-cm","title":{"rendered":"Plateau en bois de bouleau \"Still Life Two\", \u00d8 39 cm"},"content":{"rendered":"<p>Con\u00e7u pour cr\u00e9er une atmosph\u00e8re d'\u00e9l\u00e9gance et de tranquillit\u00e9, \u201aStill Life\u2018 combine des compositions de couleurs harmonieuses et des motifs naturels. Ce design fascine et apaise en m\u00eame temps, transformant ton environnement en une oasis paisible.<\/p>\n<p>Cette pi\u00e8ce polyvalente est volontiers utilis\u00e9e comme plateau de service, comme \u0153uvre d'art ou comme table d'appoint pratique. Chaque plateau est fabriqu\u00e9 \u00e0 la main en Su\u00e8de \u00e0 partir d'un placage de bouleau durable de haute qualit\u00e9 et est con\u00e7u pour une utilisation r\u00e9guli\u00e8re et intensive.<\/p>\n<p>Compl\u00e8te ta maison avec ce plateau harmonieux, ou fais un cadeau sp\u00e9cial \u00e0 quelqu'un.<\/p>\n<p style=\"text-align: left\"><em>Cr\u00e9ateur :<\/em> Andreas Frei\/HappyTrays<\/p>\n<p style=\"text-align: left\"><em>Mat\u00e9riel :<\/em> Placage bouleau, rev\u00eatement m\u00e9lamine<\/p>\n<p style=\"text-align: left\"><em>Mod\u00e8le :<\/em>\u00a0Still Life Two<\/p>\n<p style=\"text-align: left\"><em>Forme :<\/em>\u00a0Rond<\/p>\n<p style=\"text-align: left\"><em>Diam\u00e8tre :<\/em>\u00a0\u00d8 39 cm<\/p>","protected":false},"excerpt":{"rendered":"<p>Plateau de haute qualit\u00e9 en bois de bouleau durable avec un design vivant en \u00e9dition limit\u00e9e. Con\u00e7u en Suisse, fabriqu\u00e9 \u00e0 la main en Su\u00e8de. \u00d8 46 cm.<\/p>","protected":false},"featured_media":36067,"template":"","meta":[],"product_brand":[],"product_cat":[1108,1019,1018,984,994,909,1179,911,42,1104,43],"product_tag":[314],"woo-feed-brand":[],"class_list":{"0":"post-14400","1":"product","2":"type-product","3":"status-publish","4":"has-post-thumbnail","6":"product_cat-tabletts","7":"product_cat-osterbrunch","8":"product_cat-ostern","9":"product_cat-silvester","10":"product_cat-silvestertisch","11":"product_cat-weihnachten","12":"product_cat-weihnachtsdeko","13":"product_cat-accessoires","14":"product_cat-kueche","15":"product_cat-tischakzente","16":"product_cat-gedeckter-tisch","17":"product_tag-happytrays","19":"first","20":"instock","21":"taxable","22":"shipping-taxable","23":"purchasable","24":"product-type-simple"},"_links":{"self":[{"href":"https:\/\/www.fleurop-home.ch\/fr-ch\/wp-json\/wp\/v2\/product\/14400","targetHints":{"allow":["GET"]}}],"collection":[{"href":"https:\/\/www.fleurop-home.ch\/fr-ch\/wp-json\/wp\/v2\/product"}],"about":[{"href":"https:\/\/www.fleurop-home.ch\/fr-ch\/wp-json\/wp\/v2\/types\/product"}],"wp:featuredmedia":[{"embeddable":true,"href":"https:\/\/www.fleurop-home.ch\/fr-ch\/wp-json\/wp\/v2\/media\/36067"}],"wp:attachment":[{"href":"https:\/\/www.fleurop-home.ch\/fr-ch\/wp-json\/wp\/v2\/media?parent=14400"}],"wp:term":[{"taxonomy":"product_brand","embeddable":true,"href":"https:\/\/www.fleurop-home.ch\/fr-ch\/wp-json\/wp\/v2\/product_brand?post=14400"},{"taxonomy":"product_cat","embeddable":true,"href":"https:\/\/www.fleurop-home.ch\/fr-ch\/wp-json\/wp\/v2\/product_cat?post=14400"},{"taxonomy":"product_tag","embeddable":true,"href":"https:\/\/www.fleurop-home.ch\/fr-ch\/wp-json\/wp\/v2\/product_tag?post=14400"},{"taxonomy":"woo-feed-brand","embeddable":true,"href":"https:\/\/www.fleurop-home.ch\/fr-ch\/wp-json\/wp\/v2\/woo-feed-brand?post=14400"}],"curies":[{"name":"wp","href":"https:\/\/api.w.org\/{rel}","templated":true}]}}