{"id":14390,"date":"2023-09-22T13:40:40","date_gmt":"2023-09-22T13:40:40","guid":{"rendered":"https:\/\/www.fleurop-home.ch\/?product=tablett-aus-birkenholz-chiapas-o-46-cm"},"modified":"2026-03-18T13:54:44","modified_gmt":"2026-03-18T12:54:44","slug":"plateau-en-bois-de-bouleau-chiapas-o-46-cm","status":"publish","type":"product","link":"https:\/\/www.fleurop-home.ch\/fr-ch\/p\/tablett-aus-birkenholz-chiapas-o-46-cm","title":{"rendered":"Plateau en bois de bouleau \u201aChiapas\u2018, \u00d8 46 cm"},"content":{"rendered":"<p>\u201aChiapas\u2018 est un design inspir\u00e9 du c\u0153ur du Mexique. Cette r\u00e9gion est connue pour sa beaut\u00e9 naturelle \u00e9poustouflante et l'esprit joyeux de ses habitants. Le plateau se caract\u00e9rise par des couleurs et des formes mexicaines vives inspir\u00e9es de la nature, ce qui en fait une v\u00e9ritable c\u00e9l\u00e9bration de la vie et de la richesse culturelle.<\/p>\n<p>Cette pi\u00e8ce polyvalente est volontiers utilis\u00e9e comme plateau de service, comme \u0153uvre d'art ou comme table d'appoint pratique. Chaque plateau est fabriqu\u00e9 \u00e0 la main en Su\u00e8de \u00e0 partir d'un placage de bouleau durable de haute qualit\u00e9 et est con\u00e7u pour une utilisation r\u00e9guli\u00e8re et intensive.<\/p>\n<p>Compl\u00e8te ta maison avec ce plateau joyeux, ou fais un cadeau sp\u00e9cial \u00e0 quelqu'un.<\/p>\n<p style=\"text-align: left\"><em>Cr\u00e9ateur :<\/em> Andreas Frei\/HappyTrays<\/p>\n<p style=\"text-align: left\"><em>Mat\u00e9riel :<\/em> Placage bouleau, rev\u00eatement m\u00e9lamine<\/p>\n<p style=\"text-align: left\"><em>Mod\u00e8le :<\/em>\u00a0Chiapas<\/p>\n<p style=\"text-align: left\"><em>Forme :<\/em>\u00a0Rond<\/p>\n<p style=\"text-align: left\"><em>Diam\u00e8tre :<\/em>\u00a0\u00d8 46 cm<\/p>","protected":false},"excerpt":{"rendered":"<p>Plateau de haute qualit\u00e9 en bois de bouleau durable avec un design vivant en \u00e9dition limit\u00e9e. Con\u00e7u en Suisse, fabriqu\u00e9 \u00e0 la main en Su\u00e8de. \u00d8 46 cm.<\/p>","protected":false},"featured_media":36121,"template":"","meta":[],"product_brand":[],"product_cat":[1108,1022,797,1019,1018,42,1104,43],"product_tag":[314],"woo-feed-brand":[],"class_list":{"0":"post-14390","1":"product","2":"type-product","3":"status-publish","4":"has-post-thumbnail","6":"product_cat-tabletts","7":"product_cat-brunch","8":"product_cat-muttertag","9":"product_cat-osterbrunch","10":"product_cat-ostern","11":"product_cat-kueche","12":"product_cat-tischakzente","13":"product_cat-gedeckter-tisch","14":"product_tag-happytrays","16":"first","17":"instock","18":"taxable","19":"shipping-taxable","20":"purchasable","21":"product-type-simple"},"_links":{"self":[{"href":"https:\/\/www.fleurop-home.ch\/fr-ch\/wp-json\/wp\/v2\/product\/14390","targetHints":{"allow":["GET"]}}],"collection":[{"href":"https:\/\/www.fleurop-home.ch\/fr-ch\/wp-json\/wp\/v2\/product"}],"about":[{"href":"https:\/\/www.fleurop-home.ch\/fr-ch\/wp-json\/wp\/v2\/types\/product"}],"wp:featuredmedia":[{"embeddable":true,"href":"https:\/\/www.fleurop-home.ch\/fr-ch\/wp-json\/wp\/v2\/media\/36121"}],"wp:attachment":[{"href":"https:\/\/www.fleurop-home.ch\/fr-ch\/wp-json\/wp\/v2\/media?parent=14390"}],"wp:term":[{"taxonomy":"product_brand","embeddable":true,"href":"https:\/\/www.fleurop-home.ch\/fr-ch\/wp-json\/wp\/v2\/product_brand?post=14390"},{"taxonomy":"product_cat","embeddable":true,"href":"https:\/\/www.fleurop-home.ch\/fr-ch\/wp-json\/wp\/v2\/product_cat?post=14390"},{"taxonomy":"product_tag","embeddable":true,"href":"https:\/\/www.fleurop-home.ch\/fr-ch\/wp-json\/wp\/v2\/product_tag?post=14390"},{"taxonomy":"woo-feed-brand","embeddable":true,"href":"https:\/\/www.fleurop-home.ch\/fr-ch\/wp-json\/wp\/v2\/woo-feed-brand?post=14390"}],"curies":[{"name":"wp","href":"https:\/\/api.w.org\/{rel}","templated":true}]}}