{"id":14253,"date":"2023-09-10T08:49:52","date_gmt":"2023-09-10T08:49:52","guid":{"rendered":"https:\/\/www.fleurop-home.ch\/?product=edle-mobach-keramikvase-h-10cm-o-15cm"},"modified":"2026-03-28T19:47:40","modified_gmt":"2026-03-28T18:47:40","slug":"noble-vase-en-ceramique-mobach-h-10cm-o-15cm","status":"publish","type":"product","link":"https:\/\/www.fleurop-home.ch\/fr-ch\/p\/edle-mobach-keramikvase-h-10cm-o-15cm","title":{"rendered":"Noble vase en c\u00e9ramique Mobach, H 10cm, \u00d8 15cm"},"content":{"rendered":"<p class=\"s6\" style=\"text-align: left;\"><span class=\"s4\">Le design manuel moderne<\/span><span class=\"s4\">t<\/span><span class=\"s4\">\u00a0est produit en petites quantit\u00e9s ou en pi\u00e8ces uniques<\/span><span class=\"s4\">at<\/span><span class=\"s4\">\u00a0fabriqu\u00e9.\u00a0<\/span><\/p>\n<p class=\"s6\" style=\"text-align: left;\"><span class=\"s4\">Tourner ou construire des man<\/span><span class=\"s4\">d<\/span><span class=\"s4\">\u00a0fait\u00a0<\/span><span class=\"s4\">chaque<\/span><span class=\"s4\">\u00a0<\/span><span class=\"s4\">C\u00e9ramique <\/span><span class=\"s4\">unique.\u00a0<\/span><span class=\"s4\">Mobach-<\/span><span class=\"s4\">La c\u00e9ramique doit son apparence \u00e9l\u00e9gante aux \u00e9maux exclusifs qui\u00a0<\/span><span class=\"s4\">selon propre<\/span><span class=\"s4\">m<\/span><span class=\"s4\">\u00a0Recette \u00e0 composer. Toutes les c\u00e9ramiques sont fabriqu\u00e9es avec le\u00a0<\/span><span class=\"s4\">Mobach<\/span><span class=\"s4\">-Le tampon.\u00a0<\/span><span class=\"s4\">De plus,<\/span><span class=\"s4\">\u00a0Chaque pi\u00e8ce unique\u00a0<\/span><span class=\"s4\">vo<\/span><span class=\"s4\">m<\/span><span class=\"s4\">\u00a0Fabricant sign\u00e9.<\/span><\/p>\n<p class=\"s6\" style=\"text-align: left;\"><span class=\"s4\">Les r\u00e9cipients et les vases agissent pour eux-m\u00eames<\/span><span class=\"s4\">\u00a0<\/span><span class=\"s4\">- mais bien s\u00fbr, les cr\u00e9ations florales cr\u00e9atives mettent en valeur\u00a0<\/span><span class=\"s4\">ou des plantes\u00a0<\/span><span class=\"s4\">des accents attrayants<\/span><span class=\"s4\">.<\/span><\/p>\n<p class=\"s6\" style=\"text-align: left;\"><span class=\"s4\">Gr\u00e2ce au gla\u00e7age\u00a0<\/span><span class=\"s4\">nous<\/span><span class=\"s4\">kt<\/span><span class=\"s4\">\u00a0Chaque r\u00e9cipient\u00a0<\/span><span class=\"s4\">Diff\u00e9rent par la couleur<\/span><span class=\"s4\">,<\/span><span class=\"s4\">\u00a0et donc tu obtiens une pi\u00e8ce unique pour\u00a0<\/span><span class=\"s4\">z<\/span><span class=\"s4\">u<\/span><span class=\"s4\">\u00a0H<\/span><span class=\"s4\">ause<\/span><span class=\"s4\">\u00a0ou comme cadeau.<\/span><\/p>\n<p class=\"s6\" style=\"text-align: left;\"><span class=\"s4\">Donn\u00e9es du vase : vase H 10cm, \u00d8 15cm, ouverture \u00d8 5cm<\/span><\/p>\n<p class=\"s6\" style=\"text-align: left;\"><span class=\"s4\">Prix sans remplissage de fleurs.<\/span><\/p>","protected":false},"excerpt":{"rendered":"<p>Noble vase en c\u00e9ramique Mobach, H 10cm, \u00d8 15cm<\/p>","protected":false},"featured_media":14254,"template":"","meta":[],"product_brand":[],"product_cat":[1197,23,27],"product_tag":[294],"woo-feed-brand":[],"class_list":{"0":"post-14253","1":"product","2":"type-product","3":"status-publish","4":"has-post-thumbnail","6":"product_cat-vasen","7":"product_cat-home-living","8":"product_cat-vasen-gefaesse","9":"product_tag-the-bloomery","11":"first","12":"instock","13":"taxable","14":"shipping-taxable","15":"purchasable","16":"product-type-simple"},"_links":{"self":[{"href":"https:\/\/www.fleurop-home.ch\/fr-ch\/wp-json\/wp\/v2\/product\/14253","targetHints":{"allow":["GET"]}}],"collection":[{"href":"https:\/\/www.fleurop-home.ch\/fr-ch\/wp-json\/wp\/v2\/product"}],"about":[{"href":"https:\/\/www.fleurop-home.ch\/fr-ch\/wp-json\/wp\/v2\/types\/product"}],"wp:featuredmedia":[{"embeddable":true,"href":"https:\/\/www.fleurop-home.ch\/fr-ch\/wp-json\/wp\/v2\/media\/14254"}],"wp:attachment":[{"href":"https:\/\/www.fleurop-home.ch\/fr-ch\/wp-json\/wp\/v2\/media?parent=14253"}],"wp:term":[{"taxonomy":"product_brand","embeddable":true,"href":"https:\/\/www.fleurop-home.ch\/fr-ch\/wp-json\/wp\/v2\/product_brand?post=14253"},{"taxonomy":"product_cat","embeddable":true,"href":"https:\/\/www.fleurop-home.ch\/fr-ch\/wp-json\/wp\/v2\/product_cat?post=14253"},{"taxonomy":"product_tag","embeddable":true,"href":"https:\/\/www.fleurop-home.ch\/fr-ch\/wp-json\/wp\/v2\/product_tag?post=14253"},{"taxonomy":"woo-feed-brand","embeddable":true,"href":"https:\/\/www.fleurop-home.ch\/fr-ch\/wp-json\/wp\/v2\/woo-feed-brand?post=14253"}],"curies":[{"name":"wp","href":"https:\/\/api.w.org\/{rel}","templated":true}]}}