{"id":14245,"date":"2023-09-10T08:28:43","date_gmt":"2023-09-10T08:28:43","guid":{"rendered":"https:\/\/www.fleurop-home.ch\/?product=rainbow-schleierkraut-10-stiele-ca-70cm"},"modified":"2025-04-01T05:21:23","modified_gmt":"2025-04-01T03:21:23","slug":"gypsophile-rainbow-10-tiges-environ-70cm","status":"publish","type":"product","link":"https:\/\/www.fleurop-home.ch\/fr-ch\/p\/rainbow-schleierkraut-10-stiele-ca-70cm","title":{"rendered":"Gypsophile arc-en-ciel, 10 tiges, environ 70cm"},"content":{"rendered":"<p class=\"s3\" style=\"text-align: left\"><span class=\"s4\">Le magnifique<\/span><span class=\"s4\">e<\/span><span class=\"s4\">,<\/span><span class=\"s4\">\u00a0Le gypsophile qui brille dans toutes les couleurs de l'arc-en-ciel est tout simplement fantastique.\u00a0<\/span><span class=\"s4\">D'innombrables petites couleurs\u00a0<\/span><span class=\"s4\">Fleurs\u00a0<\/span><span class=\"s4\">agissent\u00a0<\/span><span class=\"s4\">opulent, mais\u00a0<\/span><span class=\"s4\">aussi tr\u00e8s l\u00e9ger et floconneux.<\/span><\/p>\n<p class=\"s3\" style=\"text-align: left\"><span class=\"s4\">Les fleurs blanches sont r\u00e9colt\u00e9es<\/span><span class=\"s4\">it v\u00e9g\u00e9tal non toxique<\/span><span class=\"s4\">m<\/span><span class=\"s4\">\u00a0Teinture soigneusement color\u00e9e.<\/span><\/p>\n<p class=\"s3\" style=\"text-align: left\"><span class=\"s2\">10 manches<\/span><span class=\"s2\">\u00a0<\/span><span class=\"s2\">Gypsophile arc-en-ciel<\/span><span class=\"s4\">\u00a0<\/span><span class=\"s4\">Attach\u00e9e avec de la ficelle naturelle<\/span><span class=\"s4\">. Emball\u00e9 i<\/span><span class=\"s4\">n papier \u00e0 herbe color\u00e9, parfait pour\u00a0<\/span><span class=\"s4\">\u00e0<\/span><span class=\"s4\">H<\/span><span class=\"s4\">au<\/span><span class=\"s4\">se ou comme cadeau.<\/span><\/p>\n<p class=\"s3\" style=\"text-align: left\"><span class=\"s4\">Il peut\u00a0<\/span><span class=\"s4\">M\u00eame s\u00e9ch\u00e9 tr\u00e8s facilement<\/span><span class=\"s4\">\u00a0\u00eatre.\u00a0<\/span><span class=\"s4\">Les 10 premiers jours, laisse les tiges dans l'eau.<\/span><span class=\"s4\">n<\/span><span class=\"s4\">,<\/span><span class=\"s4\">\u00a0pour que les petites fleurs puissent encore s'\u00e9panouir.\u00a0<\/span><span class=\"s4\">Puisque<\/span><span class=\"s4\">apr\u00e8s<\/span><span class=\"s4\">\u00a0placer dans un vase vide ou \u00e0 l'envers dans une pi\u00e8ce fra\u00eeche, sombre et bien ventil\u00e9e\u00a0<\/span><span class=\"s4\">sur<\/span><span class=\"s4\">pendent.\u00a0<\/span><span class=\"s4\"><br \/>\n<\/span><span class=\"s4\"><br \/>\n<\/span><a name=\"_Hlk144915833\"><\/a><span class=\"s4\">Donn\u00e9es sur<\/span><span class=\"s4\">m bouquet : 10<\/span><span class=\"s4\">\u00a0<\/span><span class=\"s4\">Les tiges,<\/span><span class=\"s4\">\u00a0<\/span><span class=\"s4\">longueur environ 70cm<\/span><\/p>","protected":false},"excerpt":{"rendered":"<p>Gypsophile arc-en-ciel, 10 tiges, environ 70cm<\/p>","protected":false},"featured_media":36672,"template":"","meta":[],"product_brand":[],"product_cat":[117,23,112,26,52,55],"product_tag":[294],"woo-feed-brand":[],"class_list":{"0":"post-14245","1":"product","2":"type-product","3":"status-publish","4":"has-post-thumbnail","6":"product_cat-trockenblumen","7":"product_cat-home-living","8":"product_cat-schnittblumen","9":"product_cat-blumen-pflanzen","10":"product_cat-geschenke","11":"product_cat-blumige-geschenke","12":"product_tag-the-bloomery","14":"first","15":"instock","16":"taxable","17":"shipping-taxable","18":"purchasable","19":"product-type-simple"},"_links":{"self":[{"href":"https:\/\/www.fleurop-home.ch\/fr-ch\/wp-json\/wp\/v2\/product\/14245","targetHints":{"allow":["GET"]}}],"collection":[{"href":"https:\/\/www.fleurop-home.ch\/fr-ch\/wp-json\/wp\/v2\/product"}],"about":[{"href":"https:\/\/www.fleurop-home.ch\/fr-ch\/wp-json\/wp\/v2\/types\/product"}],"wp:featuredmedia":[{"embeddable":true,"href":"https:\/\/www.fleurop-home.ch\/fr-ch\/wp-json\/wp\/v2\/media\/36672"}],"wp:attachment":[{"href":"https:\/\/www.fleurop-home.ch\/fr-ch\/wp-json\/wp\/v2\/media?parent=14245"}],"wp:term":[{"taxonomy":"product_brand","embeddable":true,"href":"https:\/\/www.fleurop-home.ch\/fr-ch\/wp-json\/wp\/v2\/product_brand?post=14245"},{"taxonomy":"product_cat","embeddable":true,"href":"https:\/\/www.fleurop-home.ch\/fr-ch\/wp-json\/wp\/v2\/product_cat?post=14245"},{"taxonomy":"product_tag","embeddable":true,"href":"https:\/\/www.fleurop-home.ch\/fr-ch\/wp-json\/wp\/v2\/product_tag?post=14245"},{"taxonomy":"woo-feed-brand","embeddable":true,"href":"https:\/\/www.fleurop-home.ch\/fr-ch\/wp-json\/wp\/v2\/woo-feed-brand?post=14245"}],"curies":[{"name":"wp","href":"https:\/\/api.w.org\/{rel}","templated":true}]}}