{"id":14233,"date":"2023-09-10T07:54:59","date_gmt":"2023-09-10T07:54:59","guid":{"rendered":"https:\/\/www.fleurop-home.ch\/?product=ficus-lyrata-geigenfeige-in-edler-samtbox-o-20cm-h-93cm"},"modified":"2025-05-12T14:26:34","modified_gmt":"2025-05-12T12:26:34","slug":"ficus-lyrata-figuier-de-barbarie-dans-une-noble-boite-en-velours-o-20cm-h-93cm","status":"publish","type":"product","link":"https:\/\/www.fleurop-home.ch\/fr-ch\/p\/ficus-lyrata-geigenfeige-in-edler-samtbox-o-20cm-h-93cm","title":{"rendered":"Ficus lyrata \/ figuier de Barbarie dans une \u00e9l\u00e9gante bo\u00eete en velours \u00f8 : 20cm H : 93cm"},"content":{"rendered":"<p style=\"text-align: left\"><span class=\"s4\">Ficus lyrata \/ figuier de Barbarie dans une magnifique couleur vert fonc\u00e9\u00a0<\/span><span class=\"s4\">Bo\u00eete en velours<\/span><span class=\"s4\">.\u00a0<\/span><span class=\"s4\">Une\u00a0<\/span><span class=\"s4\">d\u00e9coratif\u00a0<\/span><span class=\"s4\">et\u00a0<\/span><span class=\"s4\">hors du commun\u00a0<\/span><span class=\"s4\">Alternative<\/span><span class=\"s4\">\u00a0z<\/span><span class=\"s4\">u un bac \u00e0 plantes ordinaire.<\/span><\/p>\n<p style=\"text-align: left\"><span class=\"s4\">La plante\u00a0<\/span><span class=\"s4\">a \u00e9t\u00e9<\/span><span class=\"s4\">\u00a0plac\u00e9s dans un pot en plastique dans la bo\u00eete<\/span><span class=\"s4\">. De cette fa\u00e7on, tu as\u00a0<\/span><span class=\"s4\">La possibilit\u00e9<\/span><span class=\"s4\">,<\/span><span class=\"s4\">\u00a0apr\u00e8s le\u00a0<\/span><span class=\"s4\">G<\/span><span class=\"s4\">i<\/span><span class=\"s4\">manger\u00a0<\/span><span class=\"s4\">S<\/span><span class=\"s4\">\u00e9viter l'humidit\u00e9 de la terre. Un r\u00e9cipient int\u00e9rieur \u00e9tanche emp\u00eache<\/span><span class=\"s4\">t<\/span><span class=\"s4\">,<\/span><span class=\"s4\">\u00a0que l'eau s'\u00e9coule et \/ ou que la bo\u00eete devienne humide.<\/span><\/p>\n<p style=\"text-align: left\"><span class=\"s4\">La plante peut \u00eatre remplac\u00e9e si n\u00e9cessaire ou plant\u00e9e dans un r\u00e9cipient int\u00e9rieur plus grand. La plante a besoin\u00a0<\/span><span class=\"s4\">1-<\/span><span class=\"s4\">m<\/span><span class=\"s4\">al<\/span><span class=\"s4\">\u00a0<\/span><span class=\"s4\">hebdomadaire <\/span><span class=\"s4\">un bain d'eau.<\/span><\/p>\n<p style=\"text-align: left\"><span class=\"s4\">Informations sur la bo\u00eete \u00e0 plantes : Diam\u00e8tre Bo<\/span><span class=\"s4\">x<\/span><span class=\"s4\">\u00a020cm<\/span><span class=\"s4\">,<\/span><span class=\"s4\">\u00a0<\/span><span class=\"s4\">H<\/span><span class=\"s4\">Hauteur avec la plante : environ 93cm<\/span><\/p>","protected":false},"excerpt":{"rendered":"<p>Ficus lyrata \/ figuier de Barbarie dans une \u00e9l\u00e9gante bo\u00eete en velours \u00f8 : 20cm H : 93cm<\/p>","protected":false},"featured_media":14234,"template":"","meta":[],"product_brand":[],"product_cat":[118,23,1002,999,1088,1092,26],"product_tag":[294],"woo-feed-brand":[],"class_list":{"0":"post-14233","1":"product","2":"type-product","3":"status-publish","4":"has-post-thumbnail","6":"product_cat-zimmerpflanzen","7":"product_cat-home-living","8":"product_cat-fuer-ihn","9":"product_cat-valentinstag","10":"product_cat-vatertag","11":"product_cat-wohlfuehltyp","12":"product_cat-blumen-pflanzen","13":"product_tag-the-bloomery","15":"first","16":"instock","17":"taxable","18":"shipping-taxable","19":"purchasable","20":"product-type-simple"},"_links":{"self":[{"href":"https:\/\/www.fleurop-home.ch\/fr-ch\/wp-json\/wp\/v2\/product\/14233","targetHints":{"allow":["GET"]}}],"collection":[{"href":"https:\/\/www.fleurop-home.ch\/fr-ch\/wp-json\/wp\/v2\/product"}],"about":[{"href":"https:\/\/www.fleurop-home.ch\/fr-ch\/wp-json\/wp\/v2\/types\/product"}],"wp:featuredmedia":[{"embeddable":true,"href":"https:\/\/www.fleurop-home.ch\/fr-ch\/wp-json\/wp\/v2\/media\/14234"}],"wp:attachment":[{"href":"https:\/\/www.fleurop-home.ch\/fr-ch\/wp-json\/wp\/v2\/media?parent=14233"}],"wp:term":[{"taxonomy":"product_brand","embeddable":true,"href":"https:\/\/www.fleurop-home.ch\/fr-ch\/wp-json\/wp\/v2\/product_brand?post=14233"},{"taxonomy":"product_cat","embeddable":true,"href":"https:\/\/www.fleurop-home.ch\/fr-ch\/wp-json\/wp\/v2\/product_cat?post=14233"},{"taxonomy":"product_tag","embeddable":true,"href":"https:\/\/www.fleurop-home.ch\/fr-ch\/wp-json\/wp\/v2\/product_tag?post=14233"},{"taxonomy":"woo-feed-brand","embeddable":true,"href":"https:\/\/www.fleurop-home.ch\/fr-ch\/wp-json\/wp\/v2\/woo-feed-brand?post=14233"}],"curies":[{"name":"wp","href":"https:\/\/api.w.org\/{rel}","templated":true}]}}