{"id":14201,"date":"2023-09-01T11:39:49","date_gmt":"2023-09-01T11:39:49","guid":{"rendered":"https:\/\/www.fleurop-home.ch\/?product=lily-die-superhasin"},"modified":"2025-04-01T05:21:39","modified_gmt":"2025-04-01T03:21:39","slug":"lily-la-superhasine","status":"publish","type":"product","link":"https:\/\/www.fleurop-home.ch\/fr-ch\/p\/lily-die-superhasin","title":{"rendered":"Lily - la super lapine (\u00e0 droite)"},"content":{"rendered":"<p><strong>Information sur les soins<\/strong><\/p>\n<ul>\n<li>Lavable<\/li>\n<li>Lavage \u00e0 la main<\/li>\n<\/ul>\n<p><strong>Masse<\/strong><\/p>\n<ul>\n<li>40 cm<\/li>\n<\/ul>\n<p><strong>S\u00e9curit\u00e9 &amp; certification<\/strong><\/p>\n<ul>\n<li>Marquage de s\u00e9curit\u00e9 : s\u00e9curit\u00e9 enfants selon la norme CE<\/li>\n<\/ul>\n<p><strong>Mat\u00e9riel<\/strong><\/p>\n<ul>\n<li>peluche douce et moelleuse<\/li>\n<\/ul>","protected":false},"excerpt":{"rendered":"<p>Un lapin en peluche du genre superlatif !<br \/>\nLily, la super lapine de Bukowski, est extr\u00eamement mignonne et c\u00e2line !<\/p>","protected":false},"featured_media":35703,"template":"","meta":[],"product_brand":[],"product_cat":[62,59],"product_tag":[305],"woo-feed-brand":[],"class_list":{"0":"post-14201","1":"product","2":"type-product","3":"status-publish","4":"has-post-thumbnail","6":"product_cat-spielzeug","7":"product_cat-kids","8":"product_tag-the-white-panther-die-schonen-dinge-des-lebens","10":"first","11":"instock","12":"taxable","13":"shipping-taxable","14":"purchasable","15":"product-type-simple"},"_links":{"self":[{"href":"https:\/\/www.fleurop-home.ch\/fr-ch\/wp-json\/wp\/v2\/product\/14201","targetHints":{"allow":["GET"]}}],"collection":[{"href":"https:\/\/www.fleurop-home.ch\/fr-ch\/wp-json\/wp\/v2\/product"}],"about":[{"href":"https:\/\/www.fleurop-home.ch\/fr-ch\/wp-json\/wp\/v2\/types\/product"}],"wp:featuredmedia":[{"embeddable":true,"href":"https:\/\/www.fleurop-home.ch\/fr-ch\/wp-json\/wp\/v2\/media\/35703"}],"wp:attachment":[{"href":"https:\/\/www.fleurop-home.ch\/fr-ch\/wp-json\/wp\/v2\/media?parent=14201"}],"wp:term":[{"taxonomy":"product_brand","embeddable":true,"href":"https:\/\/www.fleurop-home.ch\/fr-ch\/wp-json\/wp\/v2\/product_brand?post=14201"},{"taxonomy":"product_cat","embeddable":true,"href":"https:\/\/www.fleurop-home.ch\/fr-ch\/wp-json\/wp\/v2\/product_cat?post=14201"},{"taxonomy":"product_tag","embeddable":true,"href":"https:\/\/www.fleurop-home.ch\/fr-ch\/wp-json\/wp\/v2\/product_tag?post=14201"},{"taxonomy":"woo-feed-brand","embeddable":true,"href":"https:\/\/www.fleurop-home.ch\/fr-ch\/wp-json\/wp\/v2\/woo-feed-brand?post=14201"}],"curies":[{"name":"wp","href":"https:\/\/api.w.org\/{rel}","templated":true}]}}