{"id":14198,"date":"2023-09-01T11:23:30","date_gmt":"2023-09-01T11:23:30","guid":{"rendered":"https:\/\/www.fleurop-home.ch\/?product=thumper-der-kuschelhase-beigerot"},"modified":"2025-11-04T15:09:16","modified_gmt":"2025-11-04T14:09:16","slug":"thumper-le-lapin-en-peluche-rouge-beige","status":"publish","type":"product","link":"https:\/\/www.fleurop-home.ch\/fr-ch\/p\/thumper-der-kuschelhase-beigerot","title":{"rendered":"Thumper - le lapin en peluche (beige\/rouge)"},"content":{"rendered":"<p><strong>Information sur les soins<\/strong><\/p>\n<ul>\n<li>Lavable<\/li>\n<li>Lavage \u00e0 la main<\/li>\n<\/ul>\n<p><strong>Masse<\/strong><\/p>\n<ul>\n<li>15 cm<\/li>\n<\/ul>\n<p><strong>S\u00e9curit\u00e9 &amp; certification<\/strong><\/p>\n<ul>\n<li>Marquage de s\u00e9curit\u00e9 : s\u00e9curit\u00e9 enfants selon la norme CE<\/li>\n<\/ul>\n<p><strong>Mat\u00e9riel<\/strong><\/p>\n<ul>\n<li>peluche douce et moelleuse<\/li>\n<\/ul>","protected":false},"excerpt":{"rendered":"<p>Le champion du monde des c\u00e2lins par excellence !<br \/>\nPetit doudou d'un autre genre :<br \/>\nCe dr\u00f4le de lapin de la collection Kanini de Bukowski est extr\u00eamement mignon et c\u00e2lin !<\/p>","protected":false},"featured_media":14199,"template":"","meta":[],"product_brand":[],"product_cat":[62,910,1018,1026,1208,909,915,59],"product_tag":[305],"woo-feed-brand":[],"class_list":{"0":"post-14198","1":"product","2":"type-product","3":"status-publish","4":"has-post-thumbnail","6":"product_cat-spielzeug","7":"product_cat-geschenkideen","8":"product_cat-ostern","9":"product_cat-osternest","10":"product_cat-ueber-25-chf","11":"product_cat-weihnachten","12":"product_cat-wichteln","13":"product_cat-kids","14":"product_tag-the-white-panther-die-schonen-dinge-des-lebens","16":"first","17":"instock","18":"taxable","19":"shipping-taxable","20":"purchasable","21":"product-type-simple"},"_links":{"self":[{"href":"https:\/\/www.fleurop-home.ch\/fr-ch\/wp-json\/wp\/v2\/product\/14198","targetHints":{"allow":["GET"]}}],"collection":[{"href":"https:\/\/www.fleurop-home.ch\/fr-ch\/wp-json\/wp\/v2\/product"}],"about":[{"href":"https:\/\/www.fleurop-home.ch\/fr-ch\/wp-json\/wp\/v2\/types\/product"}],"wp:featuredmedia":[{"embeddable":true,"href":"https:\/\/www.fleurop-home.ch\/fr-ch\/wp-json\/wp\/v2\/media\/14199"}],"wp:attachment":[{"href":"https:\/\/www.fleurop-home.ch\/fr-ch\/wp-json\/wp\/v2\/media?parent=14198"}],"wp:term":[{"taxonomy":"product_brand","embeddable":true,"href":"https:\/\/www.fleurop-home.ch\/fr-ch\/wp-json\/wp\/v2\/product_brand?post=14198"},{"taxonomy":"product_cat","embeddable":true,"href":"https:\/\/www.fleurop-home.ch\/fr-ch\/wp-json\/wp\/v2\/product_cat?post=14198"},{"taxonomy":"product_tag","embeddable":true,"href":"https:\/\/www.fleurop-home.ch\/fr-ch\/wp-json\/wp\/v2\/product_tag?post=14198"},{"taxonomy":"woo-feed-brand","embeddable":true,"href":"https:\/\/www.fleurop-home.ch\/fr-ch\/wp-json\/wp\/v2\/woo-feed-brand?post=14198"}],"curies":[{"name":"wp","href":"https:\/\/api.w.org\/{rel}","templated":true}]}}