{"id":14192,"date":"2023-09-01T10:50:09","date_gmt":"2023-09-01T10:50:09","guid":{"rendered":"https:\/\/www.fleurop-home.ch\/?product=duftkerze-weekend-aus-sojawachs"},"modified":"2025-05-12T11:31:25","modified_gmt":"2025-05-12T09:31:25","slug":"bougie-parfumee-weekend-en-cire-de-soja","status":"publish","type":"product","link":"https:\/\/www.fleurop-home.ch\/fr-ch\/p\/duftkerze-weekend-aus-sojawachs","title":{"rendered":"Bougie parfum\u00e9e \"Weekend\" - en cire de soja"},"content":{"rendered":"<p>Les bougies parfum\u00e9es en cire de soja v\u00e9g\u00e9tale aux parfums tr\u00e8s sp\u00e9ciaux et au design fantastique.<\/p>\n<p>- Taille 9 cm, diam\u00e8tre 8 cm<\/p>\n<p>- Dur\u00e9e de combustion : 60+ heures<\/p>\n<p>- M\u00e8che : 100% coton (sans plomb ni zinc)<\/p>\n<p>- Cire : m\u00e9lange de cire propri\u00e9taire \u00e0 base de soja | v\u00e9g\u00e9talien, non-OGM, casher<\/p>\n<p>- Huile parfum\u00e9e premium<\/p>\n<p>- Sans gluten, sans phtalate, non toxique, non test\u00e9 sur les animaux (\"cruelty-free\")<\/p>","protected":false},"excerpt":{"rendered":"<p>Weekend - une pause dans le quotidien. Parfum d\u00e9licat et d\u00e9tente gr\u00e2ce aux parfums suivants :<br \/>\n- Notes de t\u00eate : agrumes, pamplemousse, sauge<br \/>\n- Note de c\u0153ur : lavande<br \/>\n- Notes de fond : ambre, f\u00e8ve tonka, mousse de ch\u00eane<\/p>","protected":false},"featured_media":36558,"template":"","meta":[],"product_brand":[],"product_cat":[99,23,1088,1092,28],"product_tag":[305],"woo-feed-brand":[],"class_list":{"0":"post-14192","1":"product","2":"type-product","3":"status-publish","4":"has-post-thumbnail","6":"product_cat-duftkerzen","7":"product_cat-home-living","8":"product_cat-vatertag","9":"product_cat-wohlfuehltyp","10":"product_cat-kerzen-lichter","11":"product_tag-the-white-panther-die-schonen-dinge-des-lebens","13":"first","14":"instock","15":"taxable","16":"shipping-taxable","17":"purchasable","18":"product-type-simple"},"_links":{"self":[{"href":"https:\/\/www.fleurop-home.ch\/fr-ch\/wp-json\/wp\/v2\/product\/14192","targetHints":{"allow":["GET"]}}],"collection":[{"href":"https:\/\/www.fleurop-home.ch\/fr-ch\/wp-json\/wp\/v2\/product"}],"about":[{"href":"https:\/\/www.fleurop-home.ch\/fr-ch\/wp-json\/wp\/v2\/types\/product"}],"wp:featuredmedia":[{"embeddable":true,"href":"https:\/\/www.fleurop-home.ch\/fr-ch\/wp-json\/wp\/v2\/media\/36558"}],"wp:attachment":[{"href":"https:\/\/www.fleurop-home.ch\/fr-ch\/wp-json\/wp\/v2\/media?parent=14192"}],"wp:term":[{"taxonomy":"product_brand","embeddable":true,"href":"https:\/\/www.fleurop-home.ch\/fr-ch\/wp-json\/wp\/v2\/product_brand?post=14192"},{"taxonomy":"product_cat","embeddable":true,"href":"https:\/\/www.fleurop-home.ch\/fr-ch\/wp-json\/wp\/v2\/product_cat?post=14192"},{"taxonomy":"product_tag","embeddable":true,"href":"https:\/\/www.fleurop-home.ch\/fr-ch\/wp-json\/wp\/v2\/product_tag?post=14192"},{"taxonomy":"woo-feed-brand","embeddable":true,"href":"https:\/\/www.fleurop-home.ch\/fr-ch\/wp-json\/wp\/v2\/woo-feed-brand?post=14192"}],"curies":[{"name":"wp","href":"https:\/\/api.w.org\/{rel}","templated":true}]}}