{"id":14182,"date":"2023-09-01T09:23:41","date_gmt":"2023-09-01T09:23:41","guid":{"rendered":"https:\/\/www.fleurop-home.ch\/?product=blind-date-with-a-book-8-auf-deutsch"},"modified":"2026-02-05T13:32:58","modified_gmt":"2026-02-05T12:32:58","slug":"blind-date-with-a-book-8-en-allemand","status":"publish","type":"product","link":"https:\/\/www.fleurop-home.ch\/fr-ch\/p\/blind-date-with-a-book-8-auf-deutsch","title":{"rendered":"Blind date with a book - #8 (en allemand)"},"content":{"rendered":"<p style=\"text-align: left;\">Tu veux te d\u00e9tendre et passer un apr\u00e8s-midi un peu diff\u00e9rent ?<\/p>\n<p style=\"text-align: left;\">Ou tu es \u00e0 la recherche d'un cadeau un peu diff\u00e9rent ?<\/p>\n<p style=\"text-align: left;\">Blind Date with a Book est une s\u00e9rie de nos livres pr\u00e9f\u00e9r\u00e9s avec une litt\u00e9rature et des romans sp\u00e9ciaux, emball\u00e9s avec le plaisir et l'attrait de la surprise !<\/p>","protected":false},"excerpt":{"rendered":"<p>Une m\u00e9ditation d\u00e9licate sur la fa\u00e7on dont les gens et les livres nous changent. Une courte biographie d'une personne que tu dois conna\u00eetre !<\/p>","protected":false},"featured_media":14183,"template":"","meta":[],"product_brand":[],"product_cat":[53,984,993,52],"product_tag":[305],"woo-feed-brand":[],"class_list":{"0":"post-14182","1":"product","2":"type-product","3":"status-publish","4":"has-post-thumbnail","6":"product_cat-geschenksets","7":"product_cat-silvester","8":"product_cat-silvestergeschenke","9":"product_cat-geschenke","10":"product_tag-the-white-panther-die-schonen-dinge-des-lebens","12":"first","13":"instock","14":"taxable","15":"shipping-taxable","16":"purchasable","17":"product-type-simple"},"_links":{"self":[{"href":"https:\/\/www.fleurop-home.ch\/fr-ch\/wp-json\/wp\/v2\/product\/14182","targetHints":{"allow":["GET"]}}],"collection":[{"href":"https:\/\/www.fleurop-home.ch\/fr-ch\/wp-json\/wp\/v2\/product"}],"about":[{"href":"https:\/\/www.fleurop-home.ch\/fr-ch\/wp-json\/wp\/v2\/types\/product"}],"wp:featuredmedia":[{"embeddable":true,"href":"https:\/\/www.fleurop-home.ch\/fr-ch\/wp-json\/wp\/v2\/media\/14183"}],"wp:attachment":[{"href":"https:\/\/www.fleurop-home.ch\/fr-ch\/wp-json\/wp\/v2\/media?parent=14182"}],"wp:term":[{"taxonomy":"product_brand","embeddable":true,"href":"https:\/\/www.fleurop-home.ch\/fr-ch\/wp-json\/wp\/v2\/product_brand?post=14182"},{"taxonomy":"product_cat","embeddable":true,"href":"https:\/\/www.fleurop-home.ch\/fr-ch\/wp-json\/wp\/v2\/product_cat?post=14182"},{"taxonomy":"product_tag","embeddable":true,"href":"https:\/\/www.fleurop-home.ch\/fr-ch\/wp-json\/wp\/v2\/product_tag?post=14182"},{"taxonomy":"woo-feed-brand","embeddable":true,"href":"https:\/\/www.fleurop-home.ch\/fr-ch\/wp-json\/wp\/v2\/woo-feed-brand?post=14182"}],"curies":[{"name":"wp","href":"https:\/\/api.w.org\/{rel}","templated":true}]}}