{"id":14163,"date":"2023-08-31T12:12:20","date_gmt":"2023-08-31T12:12:20","guid":{"rendered":"https:\/\/www.fleurop-home.ch\/?product=essig-nr-47-sommernachtstraum-rosen-aprikose"},"modified":"2025-08-05T09:00:01","modified_gmt":"2025-08-05T07:00:01","slug":"vinaigre-nr-47-reve-dune-nuit-dete-rose-abricot","status":"publish","type":"product","link":"https:\/\/www.fleurop-home.ch\/fr-ch\/p\/essig-nr-47-sommernachtstraum-rosen-aprikose","title":{"rendered":"Vinaigre n\u00b0 47 - Songe d'une nuit d'\u00e9t\u00e9 (rose-abricot)"},"content":{"rendered":"<p><strong>Pour les amoureux de la vie et les exp\u00e9rimentateurs !<\/strong><br \/>\nDes vinaigres nobles aux saveurs tr\u00e8s sp\u00e9ciales pour agr\u00e9menter les salades et bien plus encore !<\/p>\n<p><strong>Pourquoi 47 ?<\/strong><br \/>\nOn pense qu'il y a environ 47 si\u00e8cles (vers 2700 avant JC), l'homme a commenc\u00e9 \u00e0 cultiver des roses dans un jardin en Chine.<\/p>\n<ul>\n<li style=\"text-align: left;\">Taux d'acidit\u00e9 3%<\/li>\n<li style=\"text-align: left;\">Type de vinaigre Aceto<\/li>\n<li style=\"text-align: left;\">Contenu : 200 ml<\/li>\n<li style=\"text-align: left;\">Particuli\u00e8rement adapt\u00e9 pour ...<br \/>\nLe go\u00fbt fruit\u00e9 et acidul\u00e9 du citron vert et la fine note de fenouil rendent cet aceto id\u00e9al- pour affiner et assaisonner les salades de printemps et d'\u00e9t\u00e9- pour accompagner les plats de poisson<\/li>\n<li style=\"text-align: left;\">Contenu : sucre, vinaigre de vin blanc, sirop de glucose, ar\u00f4mes naturels, aliments colorants : concentr\u00e9 de carthame, de citron, de carotte et de cassis, antioxydant : m\u00e9tabisulfite de potassiumAllerg\u00e8nes : peut contenir des sulfites<\/li>\n<li style=\"text-align: left;\">100 ml contiennent en moyenne<br \/>\n- Valeur \u00e9nerg\u00e9tique 294,4\/1232.8 kcal\/KJ<br \/>\n- Mati\u00e8res grasses 0,1 g ... dont acides gras satur\u00e9s 0,1 g<br \/>\n- Glucides 68,3 g ... dont sucre 67,6 g<br \/>\n- Prot\u00e9ines 0,1 g<br \/>\n- Sel 0,02 g<\/li>\n<\/ul>","protected":false},"excerpt":{"rendered":"<p>Des vinaigres nobles aux saveurs tr\u00e8s sp\u00e9ciales pour agr\u00e9menter les salades et bien plus encore !<\/p>","protected":false},"featured_media":14164,"template":"","meta":[],"product_brand":[],"product_cat":[47,1091,1088,42,111,885,52,54],"product_tag":[305],"woo-feed-brand":[],"class_list":{"0":"post-14163","1":"product","2":"type-product","3":"status-publish","4":"has-post-thumbnail","6":"product_cat-kuechenaromen","7":"product_cat-hobbykoch","8":"product_cat-vatertag","9":"product_cat-kueche","10":"product_cat-saucen","11":"product_cat-koestlichkeiten","12":"product_cat-geschenke","13":"product_cat-feinkost","14":"product_tag-the-white-panther-die-schonen-dinge-des-lebens","16":"first","17":"instock","18":"taxable","19":"shipping-taxable","20":"purchasable","21":"product-type-simple"},"_links":{"self":[{"href":"https:\/\/www.fleurop-home.ch\/fr-ch\/wp-json\/wp\/v2\/product\/14163","targetHints":{"allow":["GET"]}}],"collection":[{"href":"https:\/\/www.fleurop-home.ch\/fr-ch\/wp-json\/wp\/v2\/product"}],"about":[{"href":"https:\/\/www.fleurop-home.ch\/fr-ch\/wp-json\/wp\/v2\/types\/product"}],"wp:featuredmedia":[{"embeddable":true,"href":"https:\/\/www.fleurop-home.ch\/fr-ch\/wp-json\/wp\/v2\/media\/14164"}],"wp:attachment":[{"href":"https:\/\/www.fleurop-home.ch\/fr-ch\/wp-json\/wp\/v2\/media?parent=14163"}],"wp:term":[{"taxonomy":"product_brand","embeddable":true,"href":"https:\/\/www.fleurop-home.ch\/fr-ch\/wp-json\/wp\/v2\/product_brand?post=14163"},{"taxonomy":"product_cat","embeddable":true,"href":"https:\/\/www.fleurop-home.ch\/fr-ch\/wp-json\/wp\/v2\/product_cat?post=14163"},{"taxonomy":"product_tag","embeddable":true,"href":"https:\/\/www.fleurop-home.ch\/fr-ch\/wp-json\/wp\/v2\/product_tag?post=14163"},{"taxonomy":"woo-feed-brand","embeddable":true,"href":"https:\/\/www.fleurop-home.ch\/fr-ch\/wp-json\/wp\/v2\/woo-feed-brand?post=14163"}],"curies":[{"name":"wp","href":"https:\/\/api.w.org\/{rel}","templated":true}]}}