{"id":14157,"date":"2023-08-31T11:58:24","date_gmt":"2023-08-31T11:58:24","guid":{"rendered":"https:\/\/www.fleurop-home.ch\/?product=essig-nr-12-sudseeballade-feige-dattel"},"modified":"2025-12-10T10:41:26","modified_gmt":"2025-12-10T09:41:26","slug":"vinaigre-nr-12-ballade-du-lac-du-sud-figue-de-barbarie","status":"publish","type":"product","link":"https:\/\/www.fleurop-home.ch\/fr-ch\/p\/essig-nr-12-sudseeballade-feige-dattel","title":{"rendered":"Vinaigre n\u00b0 12 - Ballade dans les mers du Sud (figue-datte)"},"content":{"rendered":"<p><strong>Pour les amoureux de la vie et les exp\u00e9rimentateurs !<\/strong><br \/>\nDes vinaigres nobles aux saveurs tr\u00e8s sp\u00e9ciales pour agr\u00e9menter les salades et bien plus encore !<\/p>\n<p><strong>Pourquoi douze ?<\/strong><br \/>\nComme le palmier dattier fait pousser 12 nouveaux dattiers par an, dans l'\u00c9gypte ancienne, on utilisait la repr\u00e9sentation d'un palmier dattier comme symbole hi\u00e9roglyphique pour \"une ann\u00e9e\".<\/p>\n<ul>\n<li style=\"text-align: left;\">Taux d'acidit\u00e9 3%<\/li>\n<li style=\"text-align: left;\">Type de vinaigre Aceto<\/li>\n<li style=\"text-align: left;\">Ingr\u00e9dients vinaigre de figue et de datte : pulpe de figue, sirop de datte, vinaigre d'alcool, vinaigre de vin blanc, vinaigre balsamique de Mod\u00e8ne, eau, sucre, concentr\u00e9 de raisin, ar\u00f4mes naturels. Contient des sulfites.<\/li>\n<\/ul>\n<ul>\n<li style=\"text-align: left;\">Contenu : 200 ml<\/li>\n<li style=\"text-align: left;\">Particuli\u00e8rement adapt\u00e9 pour ...\n<ul>\n<li>Arroser les diff\u00e9rents types de fromage. Fromages<\/li>\n<li>Assaisonnement des sauces \u00e0 salade<\/li>\n<li>D\u00e9corer et assaisonner les desserts (glaces, diff\u00e9rentes cr\u00e8mes et biscuits sucr\u00e9s)<\/li>\n<li>Arroser les assiettes de salade pr\u00e9par\u00e9es (salade verte, m\u00e2che, roquette, etc.)<\/li>\n<\/ul>\n<\/li>\n<li style=\"text-align: left;\">100 ml contiennent en moyenne<br \/>\n<table>\n<tbody>\n<tr>\n<td>Valeur \u00e9nerg\u00e9tique<\/td>\n<td>1113kJ\/265,1kcal<\/td>\n<\/tr>\n<tr>\n<td>Graisse<\/td>\n<td>0,05g<\/td>\n<\/tr>\n<tr>\n<td>dont acides gras satur\u00e9s<\/td>\n<td>0,05g<\/td>\n<\/tr>\n<tr>\n<td>Hydrates de carbone<\/td>\n<td>63,70g<\/td>\n<\/tr>\n<tr>\n<td>dont sucre<\/td>\n<td>62,40g<\/td>\n<\/tr>\n<tr>\n<td>Prot\u00e9ines<\/td>\n<td>0,23g<\/td>\n<\/tr>\n<tr>\n<td>Sel<\/td>\n<td>0g<\/td>\n<\/tr>\n<tr>\n<td>Fibres alimentaires<\/td>\n<td>7,7g<\/td>\n<\/tr>\n<tr>\n<td>Les allerg\u00e8nes :<\/td>\n<td>Contient des sulfites<\/td>\n<\/tr>\n<\/tbody>\n<\/table>\n<\/li>\n<\/ul>","protected":false},"excerpt":{"rendered":"<p>Des vinaigres nobles aux saveurs tr\u00e8s sp\u00e9ciales pour agr\u00e9menter les salades et bien plus encore !<\/p>","protected":false},"featured_media":14158,"template":"","meta":[],"product_brand":[],"product_cat":[47,995,1091,1019,1018,984,1088,42,111,885,52,54],"product_tag":[305],"woo-feed-brand":[],"class_list":{"0":"post-14157","1":"product","2":"type-product","3":"status-publish","4":"has-post-thumbnail","6":"product_cat-kuechenaromen","7":"product_cat-essen-trinken","8":"product_cat-hobbykoch","9":"product_cat-osterbrunch","10":"product_cat-ostern","11":"product_cat-silvester","12":"product_cat-vatertag","13":"product_cat-kueche","14":"product_cat-saucen","15":"product_cat-koestlichkeiten","16":"product_cat-geschenke","17":"product_cat-feinkost","18":"product_tag-the-white-panther-die-schonen-dinge-des-lebens","20":"first","21":"instock","22":"featured","23":"taxable","24":"shipping-taxable","25":"purchasable","26":"product-type-simple"},"_links":{"self":[{"href":"https:\/\/www.fleurop-home.ch\/fr-ch\/wp-json\/wp\/v2\/product\/14157","targetHints":{"allow":["GET"]}}],"collection":[{"href":"https:\/\/www.fleurop-home.ch\/fr-ch\/wp-json\/wp\/v2\/product"}],"about":[{"href":"https:\/\/www.fleurop-home.ch\/fr-ch\/wp-json\/wp\/v2\/types\/product"}],"wp:featuredmedia":[{"embeddable":true,"href":"https:\/\/www.fleurop-home.ch\/fr-ch\/wp-json\/wp\/v2\/media\/14158"}],"wp:attachment":[{"href":"https:\/\/www.fleurop-home.ch\/fr-ch\/wp-json\/wp\/v2\/media?parent=14157"}],"wp:term":[{"taxonomy":"product_brand","embeddable":true,"href":"https:\/\/www.fleurop-home.ch\/fr-ch\/wp-json\/wp\/v2\/product_brand?post=14157"},{"taxonomy":"product_cat","embeddable":true,"href":"https:\/\/www.fleurop-home.ch\/fr-ch\/wp-json\/wp\/v2\/product_cat?post=14157"},{"taxonomy":"product_tag","embeddable":true,"href":"https:\/\/www.fleurop-home.ch\/fr-ch\/wp-json\/wp\/v2\/product_tag?post=14157"},{"taxonomy":"woo-feed-brand","embeddable":true,"href":"https:\/\/www.fleurop-home.ch\/fr-ch\/wp-json\/wp\/v2\/woo-feed-brand?post=14157"}],"curies":[{"name":"wp","href":"https:\/\/api.w.org\/{rel}","templated":true}]}}