{"id":14121,"date":"2023-08-25T15:04:11","date_gmt":"2023-08-25T15:04:11","guid":{"rendered":"https:\/\/www.fleurop-home.ch\/?product=blumenvase-aus-einsiedler-ton-mit-tupfen-grau"},"modified":"2025-10-22T13:29:25","modified_gmt":"2025-10-22T11:29:25","slug":"vase-a-fleurs-en-argile-monolithique-a-pois-gris","status":"publish","type":"product","link":"https:\/\/www.fleurop-home.ch\/fr-ch\/p\/blumenvase-aus-einsiedler-ton-mit-tupfen-grau","title":{"rendered":"Vase \u00e0 fleurs en terre d'ermite \u00e0 pois, gris"},"content":{"rendered":"<p style=\"text-align: left\">Vase T\u00fcpfli classique en argile. Chaque article est unique car il est fabriqu\u00e9 et peint \u00e0 la main par le potier.<\/p>\n<p style=\"text-align: left\">100% Swiss Made, \"vaisselle T\u00fcpfli\" classique de l'Emmental. Disponible en diff\u00e9rentes combinaisons de couleurs. (Disponibilit\u00e9 en fonction du stock, sinon d\u00e9lai de livraison d'environ 2 \u00e0 5 semaines).<br \/>\n- Argile naturelle d'Einsiedeln<br \/>\n- Couleurs naturelles<\/p>","protected":false},"excerpt":{"rendered":"<p>Vase de fleurs en terre d'ermite \u00e0 pois<\/p>","protected":false},"featured_media":14122,"template":"","meta":[],"product_brand":[],"product_cat":[27,23,1197],"product_tag":[310],"woo-feed-brand":[],"class_list":{"0":"post-14121","1":"product","2":"type-product","3":"status-publish","4":"has-post-thumbnail","6":"product_cat-vasen-gefaesse","7":"product_cat-home-living","8":"product_cat-vasen","9":"product_tag-naturguet","11":"first","12":"instock","13":"taxable","14":"shipping-taxable","15":"purchasable","16":"product-type-simple"},"_links":{"self":[{"href":"https:\/\/www.fleurop-home.ch\/fr-ch\/wp-json\/wp\/v2\/product\/14121","targetHints":{"allow":["GET"]}}],"collection":[{"href":"https:\/\/www.fleurop-home.ch\/fr-ch\/wp-json\/wp\/v2\/product"}],"about":[{"href":"https:\/\/www.fleurop-home.ch\/fr-ch\/wp-json\/wp\/v2\/types\/product"}],"wp:featuredmedia":[{"embeddable":true,"href":"https:\/\/www.fleurop-home.ch\/fr-ch\/wp-json\/wp\/v2\/media\/14122"}],"wp:attachment":[{"href":"https:\/\/www.fleurop-home.ch\/fr-ch\/wp-json\/wp\/v2\/media?parent=14121"}],"wp:term":[{"taxonomy":"product_brand","embeddable":true,"href":"https:\/\/www.fleurop-home.ch\/fr-ch\/wp-json\/wp\/v2\/product_brand?post=14121"},{"taxonomy":"product_cat","embeddable":true,"href":"https:\/\/www.fleurop-home.ch\/fr-ch\/wp-json\/wp\/v2\/product_cat?post=14121"},{"taxonomy":"product_tag","embeddable":true,"href":"https:\/\/www.fleurop-home.ch\/fr-ch\/wp-json\/wp\/v2\/product_tag?post=14121"},{"taxonomy":"woo-feed-brand","embeddable":true,"href":"https:\/\/www.fleurop-home.ch\/fr-ch\/wp-json\/wp\/v2\/woo-feed-brand?post=14121"}],"curies":[{"name":"wp","href":"https:\/\/api.w.org\/{rel}","templated":true}]}}