{"id":14091,"date":"2023-08-14T13:41:44","date_gmt":"2023-08-14T13:41:44","guid":{"rendered":"https:\/\/www.fleurop-home.ch\/?product=terra-nuova-classico-geschenk"},"modified":"2026-02-05T14:44:15","modified_gmt":"2026-02-05T13:44:15","slug":"terra-nuova-classico-cadeau","status":"publish","type":"product","link":"https:\/\/www.fleurop-home.ch\/fr-ch\/p\/terra-nuova-classico-geschenk","title":{"rendered":"Cadeau Terra Nuova Classico"},"content":{"rendered":"<p style=\"text-align: left;\">La joie de vivre m\u00e9diterran\u00e9enne r\u00e9unie en un seul set ! \"Classico\" contient tout ce qu'il faut pour une agr\u00e9able soir\u00e9e italienne. Huile d'olive et vinaigre balsamique, p\u00e2tes, pesto et tomates. Profites-en.<\/p>\n<p style=\"text-align: left;\">Comprend<\/p>\n<p style=\"text-align: left;\">1x Terra Nuova Olio extra vergine di oliva 750 ml<br \/>\n1x Terra Nuova Tagliatelle Nature 250 g<br \/>\n1x Terra Nuova vinaigre balsamique Marasca 500 ml<br \/>\n1x Terra Nuova Pomodori secchi in olio extra vergine di oliva 180 g<br \/>\n1x Terra Nuova pesto ligure 180 g<\/p>\n<p>Valeurs nutritives Terra Nuova Tagliatelle Nature 250 g :<\/p>\n<p data-mce-fragment=\"1\">Quantit\u00e9 pour 100 grammes<\/p>\n<ul data-mce-fragment=\"1\">\n<li data-mce-fragment=\"1\">Calories 375 kcal<\/li>\n<li data-mce-fragment=\"1\">Teneur en graisse 4 g<\/li>\n<li data-mce-fragment=\"1\">Glucides 69,8 g<\/li>\n<li data-mce-fragment=\"1\">Prot\u00e9ines 15,2 g<\/li>\n<\/ul>\n<p>Valeurs nutritives Terra Nuova Olio extra vergine di oliva 750 ml :<\/p>\n<p>Quantit\u00e9 pour 100 ml<\/p>\n<ul>\n<li>Calories 828 kcal<\/li>\n<li>Teneur en graisse 92 g<\/li>\n<li>Acides gras satur\u00e9s 12,83 g<\/li>\n<\/ul>\n<p>Valeurs nutritives Terra Nuova Aceto balsamico Marasca 500 ml :<\/p>\n<p>Quantit\u00e9 pour 100 ml<\/p>\n<ul>\n<li>Calories 151 kcal<\/li>\n<li>Glucides 32,8 g<\/li>\n<li>Sucre 32,7 g<\/li>\n<li>Prot\u00e9ines 0,25 g<\/li>\n<li>Sel 0.10 g<\/li>\n<\/ul>\n<p>Valeurs nutritives Terra Nuova Pomodori secchi in olio extra vergine di oliva 180 g :<\/p>\n<p>Quantit\u00e9 pour 100 grammes<\/p>\n<ul>\n<li>Calories 438 kcal<\/li>\n<li>Teneur en graisse 34 g<\/li>\n<li>Acides gras satur\u00e9s 5 g<\/li>\n<li>Glucides 31 g<\/li>\n<li>Sucre 21 g<\/li>\n<li>Prot\u00e9ines 7,8 g<\/li>\n<li>Sel 0.37 g<\/li>\n<\/ul>\n<p>Valeurs nutritives Terra Nuova Pesto Ligure 180 g :<\/p>\n<p>Quantit\u00e9 pour 100 grammes<\/p>\n<ul>\n<li>Calories 440 kcal<\/li>\n<li>Teneur en graisse 38 g<\/li>\n<li>Glucides 22 g<\/li>\n<li>Sucre 3,3 g<\/li>\n<li>Prot\u00e9ines 3 g<\/li>\n<li>Sel 0.32 g<\/li>\n<\/ul>","protected":false},"excerpt":{"rendered":"<p>Cadeau Terra Nuova Classico - pour les gourmands<\/p>","protected":false},"featured_media":14092,"template":"","meta":[],"product_brand":[],"product_cat":[47,1023,910,1091,1001,797,1020,1018,984,993,999,1088,909,916,42,885,52,1225,53],"product_tag":[326],"woo-feed-brand":[],"class_list":{"0":"post-14091","1":"product","2":"type-product","3":"status-publish","4":"has-post-thumbnail","6":"product_cat-kuechenaromen","7":"product_cat-fuer-mama","8":"product_cat-geschenkideen","9":"product_cat-hobbykoch","10":"product_cat-leckereien","11":"product_cat-muttertag","12":"product_cat-ostergeschenke","13":"product_cat-ostern","14":"product_cat-silvester","15":"product_cat-silvestergeschenke","16":"product_cat-valentinstag","17":"product_cat-vatertag","18":"product_cat-weihnachten","19":"product_cat-praesente","20":"product_cat-kueche","21":"product_cat-koestlichkeiten","22":"product_cat-geschenke","23":"product_cat-genuss","24":"product_cat-geschenksets","25":"product_tag-terra-nuova-ag","27":"first","28":"instock","29":"featured","30":"taxable","31":"shipping-taxable","32":"purchasable","33":"product-type-simple"},"_links":{"self":[{"href":"https:\/\/www.fleurop-home.ch\/fr-ch\/wp-json\/wp\/v2\/product\/14091","targetHints":{"allow":["GET"]}}],"collection":[{"href":"https:\/\/www.fleurop-home.ch\/fr-ch\/wp-json\/wp\/v2\/product"}],"about":[{"href":"https:\/\/www.fleurop-home.ch\/fr-ch\/wp-json\/wp\/v2\/types\/product"}],"wp:featuredmedia":[{"embeddable":true,"href":"https:\/\/www.fleurop-home.ch\/fr-ch\/wp-json\/wp\/v2\/media\/14092"}],"wp:attachment":[{"href":"https:\/\/www.fleurop-home.ch\/fr-ch\/wp-json\/wp\/v2\/media?parent=14091"}],"wp:term":[{"taxonomy":"product_brand","embeddable":true,"href":"https:\/\/www.fleurop-home.ch\/fr-ch\/wp-json\/wp\/v2\/product_brand?post=14091"},{"taxonomy":"product_cat","embeddable":true,"href":"https:\/\/www.fleurop-home.ch\/fr-ch\/wp-json\/wp\/v2\/product_cat?post=14091"},{"taxonomy":"product_tag","embeddable":true,"href":"https:\/\/www.fleurop-home.ch\/fr-ch\/wp-json\/wp\/v2\/product_tag?post=14091"},{"taxonomy":"woo-feed-brand","embeddable":true,"href":"https:\/\/www.fleurop-home.ch\/fr-ch\/wp-json\/wp\/v2\/woo-feed-brand?post=14091"}],"curies":[{"name":"wp","href":"https:\/\/api.w.org\/{rel}","templated":true}]}}