{"id":14089,"date":"2023-08-14T13:27:41","date_gmt":"2023-08-14T13:27:41","guid":{"rendered":"https:\/\/www.fleurop-home.ch\/?product=terra-nuova-ulivo-geschenk"},"modified":"2026-02-05T14:45:17","modified_gmt":"2026-02-05T13:45:17","slug":"terra-nuova-ulivo-cadeau","status":"publish","type":"product","link":"https:\/\/www.fleurop-home.ch\/fr-ch\/p\/terra-nuova-ulivo-geschenk","title":{"rendered":"Cadeau Terra Nuova Ulivo"},"content":{"rendered":"<p style=\"text-align: left;\">En Italie, l'olivier charg\u00e9 d'histoire s'appelle \"ulivo\". Il peut vivre plus de 2 000 ans et est le symbole de la cuisine m\u00e9diterran\u00e9enne. Avec ce coffret, tu offres la diversit\u00e9 de l'ulivo : des olives, de l'huile et de la p\u00e2te d'olive, accompagn\u00e9es de vinaigre balsamique.<\/p>\n<p style=\"text-align: left;\">Comprend<\/p>\n<p>1x Terra Nuova vinaigre balsamique Marasca 250 ml<br \/>\n1x Terra Nuova Olive Verdi Noccellara del Belice 190 g<br \/>\n1x Terra Nuova Oliva pasta alle olive nere 180 g<br \/>\n1x Terra Nuova Olio extra vergine di oliva 500 ml<\/p>\n<p>Valeurs nutritives Terra Nuova Aceto balsamico Marasca 250 ml :<br \/>\nQuantit\u00e9 pour 100 ml<\/p>\n<ul>\n<li>Calories 151 kcal<\/li>\n<li>Glucides 32,8 g<\/li>\n<li>Sucre 32,7 g<\/li>\n<li>Prot\u00e9ines 0,25 g<\/li>\n<li>Sel 0.10 g<\/li>\n<\/ul>\n<p>Valeurs nutritives Terra Nuova Olive Verdi Noccellara del Belice 190 g :<br \/>\nQuantit\u00e9 pour 100 grammes<\/p>\n<ul>\n<li>Calories 108 kcal<\/li>\n<li>Teneur en graisse 11 g<\/li>\n<li>Acides gras satur\u00e9s 1,7 g<\/li>\n<li>Prot\u00e9ines 0,9 g<\/li>\n<li>Sel 5,6 g<\/li>\n<\/ul>\n<p>Valeurs nutritives Terra Nuova Oliva pasta alle olive nere 180 g :<br \/>\nQuantit\u00e9 pour 100 grammes<\/p>\n<ul>\n<li>Calories 181 kcal<\/li>\n<li>Teneur en graisse 12 g<\/li>\n<li>Acides gras satur\u00e9s 1,7 g<\/li>\n<li>Glucides 16 g<\/li>\n<li>Sucre 12 g<\/li>\n<li>Prot\u00e9ines 4,1 g<\/li>\n<li>Sel 0.37 g<\/li>\n<\/ul>\n<p>Valeurs nutritives Terra Nuova Olio extra vergine di oliva 500 ml :<br \/>\nQuantit\u00e9 pour 100 grammes<\/p>\n<ul>\n<li>Calories 828 kcal<\/li>\n<li>Teneur en graisse 92 g<\/li>\n<li>Acides gras satur\u00e9s 12,83 g<\/li>\n<\/ul>","protected":false},"excerpt":{"rendered":"<p>Cadeau Terra Nuova Ulivo - Noble de l'olivier<\/p>","protected":false},"featured_media":14090,"template":"","meta":[],"product_brand":[],"product_cat":[47,1002,910,1091,999,1088,909,916,42,885,52,1225,53],"product_tag":[326],"woo-feed-brand":[],"class_list":{"0":"post-14089","1":"product","2":"type-product","3":"status-publish","4":"has-post-thumbnail","6":"product_cat-kuechenaromen","7":"product_cat-fuer-ihn","8":"product_cat-geschenkideen","9":"product_cat-hobbykoch","10":"product_cat-valentinstag","11":"product_cat-vatertag","12":"product_cat-weihnachten","13":"product_cat-praesente","14":"product_cat-kueche","15":"product_cat-koestlichkeiten","16":"product_cat-geschenke","17":"product_cat-genuss","18":"product_cat-geschenksets","19":"product_tag-terra-nuova-ag","21":"first","22":"instock","23":"taxable","24":"shipping-taxable","25":"purchasable","26":"product-type-simple"},"_links":{"self":[{"href":"https:\/\/www.fleurop-home.ch\/fr-ch\/wp-json\/wp\/v2\/product\/14089","targetHints":{"allow":["GET"]}}],"collection":[{"href":"https:\/\/www.fleurop-home.ch\/fr-ch\/wp-json\/wp\/v2\/product"}],"about":[{"href":"https:\/\/www.fleurop-home.ch\/fr-ch\/wp-json\/wp\/v2\/types\/product"}],"wp:featuredmedia":[{"embeddable":true,"href":"https:\/\/www.fleurop-home.ch\/fr-ch\/wp-json\/wp\/v2\/media\/14090"}],"wp:attachment":[{"href":"https:\/\/www.fleurop-home.ch\/fr-ch\/wp-json\/wp\/v2\/media?parent=14089"}],"wp:term":[{"taxonomy":"product_brand","embeddable":true,"href":"https:\/\/www.fleurop-home.ch\/fr-ch\/wp-json\/wp\/v2\/product_brand?post=14089"},{"taxonomy":"product_cat","embeddable":true,"href":"https:\/\/www.fleurop-home.ch\/fr-ch\/wp-json\/wp\/v2\/product_cat?post=14089"},{"taxonomy":"product_tag","embeddable":true,"href":"https:\/\/www.fleurop-home.ch\/fr-ch\/wp-json\/wp\/v2\/product_tag?post=14089"},{"taxonomy":"woo-feed-brand","embeddable":true,"href":"https:\/\/www.fleurop-home.ch\/fr-ch\/wp-json\/wp\/v2\/woo-feed-brand?post=14089"}],"curies":[{"name":"wp","href":"https:\/\/api.w.org\/{rel}","templated":true}]}}