{"id":14087,"date":"2023-08-14T13:15:19","date_gmt":"2023-08-14T13:15:19","guid":{"rendered":"https:\/\/www.fleurop-home.ch\/?product=terra-nuova-squisito-geschenk"},"modified":"2026-02-05T14:45:07","modified_gmt":"2026-02-05T13:45:07","slug":"terra-nuova-squisito-cadeau","status":"publish","type":"product","link":"https:\/\/www.fleurop-home.ch\/fr-ch\/p\/terra-nuova-squisito-geschenk","title":{"rendered":"Cadeau Squisito de Terra Nuova"},"content":{"rendered":"<p style=\"text-align: left;\">Squisito signifie exquis. Et cela s'applique parfaitement \u00e0 ces deux produits. L'huile d'olive douce et d\u00e9licate du sud de l'Italie est press\u00e9e \u00e0 froid le jour m\u00eame \u00e0 partir d'olives s\u00e9lectionn\u00e9es \u00e0 la main. Elle est parfaitement compl\u00e9t\u00e9e par le fameux vinaigre balsamique de Mod\u00e8ne.<\/p>\n<p style=\"text-align: left;\">Comprend<\/p>\n<p style=\"text-align: left;\">1x Terra Nuova vinaigre balsamique Marasca 250 ml<br \/>\n1x Terra Nuova Olio extra vergine di oliva 500 ml<\/p>\n<p>Valeurs nutritives Terra Nuova Olio extra vergine di oliva 500 ml :<br \/>\nQuantit\u00e9 pour 100 ml<\/p>\n<ul>\n<li>Calories 828 kcal<\/li>\n<li>Teneur en graisse 92 g<\/li>\n<li>Acides gras satur\u00e9s 12,83 g<\/li>\n<\/ul>\n<p>Valeurs nutritives Terra Nuova Aceto balsamico Marasca 500 ml :<br \/>\nQuantit\u00e9 pour 100 ml<\/p>\n<ul>\n<li>Calories 151 kcal<\/li>\n<li>Glucides 32,8 g<\/li>\n<li>Sucre 32,7 g<\/li>\n<li>Prot\u00e9ines 0,25 g<\/li>\n<li>Sel 0.10 g<\/li>\n<\/ul>","protected":false},"excerpt":{"rendered":"<p>Cadeau Squisito de Terra Nuova - le plus beau double<\/p>","protected":false},"featured_media":36431,"template":"","meta":[],"product_brand":[],"product_cat":[47,1002,910,1091,999,1088,909,916,42,111,885,52,1225,53],"product_tag":[326],"woo-feed-brand":[],"class_list":{"0":"post-14087","1":"product","2":"type-product","3":"status-publish","4":"has-post-thumbnail","6":"product_cat-kuechenaromen","7":"product_cat-fuer-ihn","8":"product_cat-geschenkideen","9":"product_cat-hobbykoch","10":"product_cat-valentinstag","11":"product_cat-vatertag","12":"product_cat-weihnachten","13":"product_cat-praesente","14":"product_cat-kueche","15":"product_cat-saucen","16":"product_cat-koestlichkeiten","17":"product_cat-geschenke","18":"product_cat-genuss","19":"product_cat-geschenksets","20":"product_tag-terra-nuova-ag","22":"first","23":"instock","24":"taxable","25":"shipping-taxable","26":"purchasable","27":"product-type-simple"},"_links":{"self":[{"href":"https:\/\/www.fleurop-home.ch\/fr-ch\/wp-json\/wp\/v2\/product\/14087","targetHints":{"allow":["GET"]}}],"collection":[{"href":"https:\/\/www.fleurop-home.ch\/fr-ch\/wp-json\/wp\/v2\/product"}],"about":[{"href":"https:\/\/www.fleurop-home.ch\/fr-ch\/wp-json\/wp\/v2\/types\/product"}],"wp:featuredmedia":[{"embeddable":true,"href":"https:\/\/www.fleurop-home.ch\/fr-ch\/wp-json\/wp\/v2\/media\/36431"}],"wp:attachment":[{"href":"https:\/\/www.fleurop-home.ch\/fr-ch\/wp-json\/wp\/v2\/media?parent=14087"}],"wp:term":[{"taxonomy":"product_brand","embeddable":true,"href":"https:\/\/www.fleurop-home.ch\/fr-ch\/wp-json\/wp\/v2\/product_brand?post=14087"},{"taxonomy":"product_cat","embeddable":true,"href":"https:\/\/www.fleurop-home.ch\/fr-ch\/wp-json\/wp\/v2\/product_cat?post=14087"},{"taxonomy":"product_tag","embeddable":true,"href":"https:\/\/www.fleurop-home.ch\/fr-ch\/wp-json\/wp\/v2\/product_tag?post=14087"},{"taxonomy":"woo-feed-brand","embeddable":true,"href":"https:\/\/www.fleurop-home.ch\/fr-ch\/wp-json\/wp\/v2\/woo-feed-brand?post=14087"}],"curies":[{"name":"wp","href":"https:\/\/api.w.org\/{rel}","templated":true}]}}