{"id":14085,"date":"2023-08-14T12:52:10","date_gmt":"2023-08-14T12:52:10","guid":{"rendered":"https:\/\/www.fleurop-home.ch\/?product=terra-nuova-olio-geschenk"},"modified":"2026-02-05T14:44:27","modified_gmt":"2026-02-05T13:44:27","slug":"terra-nuova-olio-cadeau","status":"publish","type":"product","link":"https:\/\/www.fleurop-home.ch\/fr-ch\/p\/terra-nuova-olio-geschenk","title":{"rendered":"Cadeau d'olives Terra Nuova"},"content":{"rendered":"<p style=\"text-align: left;\">Ce n'est pas pour rien que l'huile d'olive est appel\u00e9e l'or du sud. Extra vierge signifie maturit\u00e9 parfaite du fruit et pression \u00e0 froid. Affin\u00e9es avec du citron, du piment ou du romarin, ces huiles accompagnent les salades, les p\u00e2tes, le poisson ou les grillades.<\/p>\n<p style=\"text-align: left;\">Comprend<\/p>\n<p style=\"text-align: left;\">1x Terra Nuova Olio extra vergine al rosmarino 250 ml<br \/>\n1x Terra Nuova Olio extra vergine di oliva al peperoncino 250 ml<br \/>\n1x Terra Nuova Olio extra vergine di oliva al limone 250 ml<\/p>\n<p>Valeurs nutritives :<\/p>\n<p>Quantit\u00e9 pour 100 ml<\/p>\n<ul>\n<li>Calories 824 kcal<\/li>\n<li>Teneur en graisse 91,5 g<\/li>\n<li>Acides gras satur\u00e9s 13.87 g<\/li>\n<\/ul>","protected":false},"excerpt":{"rendered":"<p>Cadeau d'olives Terra Nuova - L'or du Sud<\/p>","protected":false},"featured_media":14086,"template":"","meta":[],"product_brand":[],"product_cat":[47,1022,910,1091,797,1019,1018,1208,1088,909,916,915,42,111,885,52,1225,53],"product_tag":[326],"woo-feed-brand":[],"class_list":{"0":"post-14085","1":"product","2":"type-product","3":"status-publish","4":"has-post-thumbnail","6":"product_cat-kuechenaromen","7":"product_cat-brunch","8":"product_cat-geschenkideen","9":"product_cat-hobbykoch","10":"product_cat-muttertag","11":"product_cat-osterbrunch","12":"product_cat-ostern","13":"product_cat-ueber-25-chf","14":"product_cat-vatertag","15":"product_cat-weihnachten","16":"product_cat-praesente","17":"product_cat-wichteln","18":"product_cat-kueche","19":"product_cat-saucen","20":"product_cat-koestlichkeiten","21":"product_cat-geschenke","22":"product_cat-genuss","23":"product_cat-geschenksets","24":"product_tag-terra-nuova-ag","26":"first","27":"instock","28":"taxable","29":"shipping-taxable","30":"purchasable","31":"product-type-simple"},"_links":{"self":[{"href":"https:\/\/www.fleurop-home.ch\/fr-ch\/wp-json\/wp\/v2\/product\/14085","targetHints":{"allow":["GET"]}}],"collection":[{"href":"https:\/\/www.fleurop-home.ch\/fr-ch\/wp-json\/wp\/v2\/product"}],"about":[{"href":"https:\/\/www.fleurop-home.ch\/fr-ch\/wp-json\/wp\/v2\/types\/product"}],"wp:featuredmedia":[{"embeddable":true,"href":"https:\/\/www.fleurop-home.ch\/fr-ch\/wp-json\/wp\/v2\/media\/14086"}],"wp:attachment":[{"href":"https:\/\/www.fleurop-home.ch\/fr-ch\/wp-json\/wp\/v2\/media?parent=14085"}],"wp:term":[{"taxonomy":"product_brand","embeddable":true,"href":"https:\/\/www.fleurop-home.ch\/fr-ch\/wp-json\/wp\/v2\/product_brand?post=14085"},{"taxonomy":"product_cat","embeddable":true,"href":"https:\/\/www.fleurop-home.ch\/fr-ch\/wp-json\/wp\/v2\/product_cat?post=14085"},{"taxonomy":"product_tag","embeddable":true,"href":"https:\/\/www.fleurop-home.ch\/fr-ch\/wp-json\/wp\/v2\/product_tag?post=14085"},{"taxonomy":"woo-feed-brand","embeddable":true,"href":"https:\/\/www.fleurop-home.ch\/fr-ch\/wp-json\/wp\/v2\/woo-feed-brand?post=14085"}],"curies":[{"name":"wp","href":"https:\/\/api.w.org\/{rel}","templated":true}]}}