{"id":14083,"date":"2023-08-14T12:26:11","date_gmt":"2023-08-14T12:26:11","guid":{"rendered":"https:\/\/www.fleurop-home.ch\/?product=terra-nuova-aceto-geschenk"},"modified":"2026-02-05T14:43:03","modified_gmt":"2026-02-05T13:43:03","slug":"terra-nuova-aceto-cadeau","status":"publish","type":"product","link":"https:\/\/www.fleurop-home.ch\/fr-ch\/p\/terra-nuova-aceto-geschenk","title":{"rendered":"Cadeau d'aceto Terra Nuova"},"content":{"rendered":"<p style=\"text-align: left;\">Il m\u00fbrit pendant des ann\u00e9es dans les caves de Mod\u00e8ne, jusqu'\u00e0 ce que le mo\u00fbt de raisin se transforme en un vinaigre balsamique aigre-doux incomparable. Le coffret comprend l'Aceto Balsamico di Modena classique et le balsamico blanc \u00e0 base de vinaigre de vin blanc.<\/p>\n<p style=\"text-align: left;\">Comprend<\/p>\n<p style=\"text-align: left;\">1x Terra Nuova vinaigre balsamique Marasca 250 ml<br \/>\n2x Terra Nuova bianco Marasca 250 ml<\/p>\n<p style=\"text-align: left;\">Valeurs nutritives :<\/p>\n<p data-mce-fragment=\"1\">Quantit\u00e9 pour 100 ml<\/p>\n<ul data-mce-fragment=\"1\">\n<li data-mce-fragment=\"1\">Calories 151 kcal<\/li>\n<li data-mce-fragment=\"1\">Teneur en graisse 0 g<\/li>\n<li data-mce-fragment=\"1\">Acides gras satur\u00e9s 0 g<\/li>\n<li data-mce-fragment=\"1\">Glucides 32,8 g<\/li>\n<li data-mce-fragment=\"1\">Sucre 32,7 g<\/li>\n<li data-mce-fragment=\"1\">Fibres alimentaires 1,2 g<\/li>\n<li data-mce-fragment=\"1\">Prot\u00e9ines 0,25 g<\/li>\n<li data-mce-fragment=\"1\">Sel 0.10 g<\/li>\n<\/ul>","protected":false},"excerpt":{"rendered":"<p>Cadeau d'aceto Terra Nuova - un baume pour le palais<\/p>","protected":false},"featured_media":14084,"template":"","meta":[],"product_brand":[],"product_cat":[47,910,1091,1208,1088,909,916,915,42,111,885,52,1225,53],"product_tag":[326],"woo-feed-brand":[],"class_list":{"0":"post-14083","1":"product","2":"type-product","3":"status-publish","4":"has-post-thumbnail","6":"product_cat-kuechenaromen","7":"product_cat-geschenkideen","8":"product_cat-hobbykoch","9":"product_cat-ueber-25-chf","10":"product_cat-vatertag","11":"product_cat-weihnachten","12":"product_cat-praesente","13":"product_cat-wichteln","14":"product_cat-kueche","15":"product_cat-saucen","16":"product_cat-koestlichkeiten","17":"product_cat-geschenke","18":"product_cat-genuss","19":"product_cat-geschenksets","20":"product_tag-terra-nuova-ag","22":"first","23":"instock","24":"taxable","25":"shipping-taxable","26":"purchasable","27":"product-type-simple"},"_links":{"self":[{"href":"https:\/\/www.fleurop-home.ch\/fr-ch\/wp-json\/wp\/v2\/product\/14083","targetHints":{"allow":["GET"]}}],"collection":[{"href":"https:\/\/www.fleurop-home.ch\/fr-ch\/wp-json\/wp\/v2\/product"}],"about":[{"href":"https:\/\/www.fleurop-home.ch\/fr-ch\/wp-json\/wp\/v2\/types\/product"}],"wp:featuredmedia":[{"embeddable":true,"href":"https:\/\/www.fleurop-home.ch\/fr-ch\/wp-json\/wp\/v2\/media\/14084"}],"wp:attachment":[{"href":"https:\/\/www.fleurop-home.ch\/fr-ch\/wp-json\/wp\/v2\/media?parent=14083"}],"wp:term":[{"taxonomy":"product_brand","embeddable":true,"href":"https:\/\/www.fleurop-home.ch\/fr-ch\/wp-json\/wp\/v2\/product_brand?post=14083"},{"taxonomy":"product_cat","embeddable":true,"href":"https:\/\/www.fleurop-home.ch\/fr-ch\/wp-json\/wp\/v2\/product_cat?post=14083"},{"taxonomy":"product_tag","embeddable":true,"href":"https:\/\/www.fleurop-home.ch\/fr-ch\/wp-json\/wp\/v2\/product_tag?post=14083"},{"taxonomy":"woo-feed-brand","embeddable":true,"href":"https:\/\/www.fleurop-home.ch\/fr-ch\/wp-json\/wp\/v2\/woo-feed-brand?post=14083"}],"curies":[{"name":"wp","href":"https:\/\/api.w.org\/{rel}","templated":true}]}}