{"id":14081,"date":"2023-08-14T12:16:05","date_gmt":"2023-08-14T12:16:05","guid":{"rendered":"https:\/\/www.fleurop-home.ch\/?product=terra-nuova-risotto-geschenk"},"modified":"2026-02-05T14:44:38","modified_gmt":"2026-02-05T13:44:38","slug":"terra-nuova-risotto-cadeau","status":"publish","type":"product","link":"https:\/\/www.fleurop-home.ch\/fr-ch\/p\/terra-nuova-risotto-geschenk","title":{"rendered":"Cadeau risotto Terra Nuova"},"content":{"rendered":"<p style=\"text-align: left;\">Le plat national italien. Que ce soit le \"Risotto alle Milanese\" au safran ou le \"Risotto ai funghi\" aux c\u00e8pes s\u00e9ch\u00e9s : le set de risotto r\u00e9jouit le c\u0153ur de tous les gourmands. Le c\u00e8pe est l'un des plus recherch\u00e9s parmi les champignons sauvages comestibles.<\/p>\n<p style=\"text-align: left;\">Comprend<\/p>\n<p style=\"text-align: left;\">1x Terra Nuova Zafferano in fili 1 g<br \/>\n1x Colle al Vento 4\/20 Primitivo Merlot Puglia IGP 75 cl<br \/>\n1x Terra Nuova Funghi porcini secchi 20 g<br \/>\n1x Terra Nuova Riso Carnaroli 1 kg<\/p>\n<p>Valeurs nutritives :<\/p>\n<p>Quantit\u00e9 pour 100 grammes<\/p>\n<ul>\n<li>Calories 350 kcal<\/li>\n<li>Teneur en graisse 0,6 g<\/li>\n<li>Acides gras satur\u00e9s 0,1 g<\/li>\n<li>Glucides 78 g<\/li>\n<li>Sucre 0,3 g<\/li>\n<li>Fibres alimentaires 1,4 g<\/li>\n<li>Prot\u00e9ines 7,4 g<\/li>\n<li>Sel 0.01 g<\/li>\n<\/ul>","protected":false},"excerpt":{"rendered":"<p>Cadeau Terra Nuova Risotto - le plat national italien<\/p>","protected":false},"featured_media":14082,"template":"","meta":[],"product_brand":[],"product_cat":[47,1002,1023,910,1091,797,1020,1018,984,993,999,1088,909,916,42,885,52,1225,53],"product_tag":[147,326],"woo-feed-brand":[],"class_list":{"0":"post-14081","1":"product","2":"type-product","3":"status-publish","4":"has-post-thumbnail","6":"product_cat-kuechenaromen","7":"product_cat-fuer-ihn","8":"product_cat-fuer-mama","9":"product_cat-geschenkideen","10":"product_cat-hobbykoch","11":"product_cat-muttertag","12":"product_cat-ostergeschenke","13":"product_cat-ostern","14":"product_cat-silvester","15":"product_cat-silvestergeschenke","16":"product_cat-valentinstag","17":"product_cat-vatertag","18":"product_cat-weihnachten","19":"product_cat-praesente","20":"product_cat-kueche","21":"product_cat-koestlichkeiten","22":"product_cat-geschenke","23":"product_cat-genuss","24":"product_cat-geschenksets","25":"product_tag-alkohol","26":"product_tag-terra-nuova-ag","28":"first","29":"instock","30":"featured","31":"taxable","32":"shipping-taxable","33":"purchasable","34":"product-type-simple"},"_links":{"self":[{"href":"https:\/\/www.fleurop-home.ch\/fr-ch\/wp-json\/wp\/v2\/product\/14081","targetHints":{"allow":["GET"]}}],"collection":[{"href":"https:\/\/www.fleurop-home.ch\/fr-ch\/wp-json\/wp\/v2\/product"}],"about":[{"href":"https:\/\/www.fleurop-home.ch\/fr-ch\/wp-json\/wp\/v2\/types\/product"}],"wp:featuredmedia":[{"embeddable":true,"href":"https:\/\/www.fleurop-home.ch\/fr-ch\/wp-json\/wp\/v2\/media\/14082"}],"wp:attachment":[{"href":"https:\/\/www.fleurop-home.ch\/fr-ch\/wp-json\/wp\/v2\/media?parent=14081"}],"wp:term":[{"taxonomy":"product_brand","embeddable":true,"href":"https:\/\/www.fleurop-home.ch\/fr-ch\/wp-json\/wp\/v2\/product_brand?post=14081"},{"taxonomy":"product_cat","embeddable":true,"href":"https:\/\/www.fleurop-home.ch\/fr-ch\/wp-json\/wp\/v2\/product_cat?post=14081"},{"taxonomy":"product_tag","embeddable":true,"href":"https:\/\/www.fleurop-home.ch\/fr-ch\/wp-json\/wp\/v2\/product_tag?post=14081"},{"taxonomy":"woo-feed-brand","embeddable":true,"href":"https:\/\/www.fleurop-home.ch\/fr-ch\/wp-json\/wp\/v2\/woo-feed-brand?post=14081"}],"curies":[{"name":"wp","href":"https:\/\/api.w.org\/{rel}","templated":true}]}}