{"id":14058,"date":"2023-08-11T11:50:25","date_gmt":"2023-08-11T11:50:25","guid":{"rendered":"https:\/\/www.fleurop-home.ch\/?product=metallgefass-gerda-19-l"},"modified":"2025-10-22T16:00:40","modified_gmt":"2025-10-22T14:00:40","slug":"tonneau-metallique-gerda-19-l","status":"publish","type":"product","link":"https:\/\/www.fleurop-home.ch\/fr-ch\/p\/metallgefass-gerda-19-l","title":{"rendered":"R\u00e9cipient en m\u00e9tal Gerda, 19 L"},"content":{"rendered":"<p style=\"text-align: left;\">Ce r\u00e9cipient pratique avec ses poign\u00e9es en corde est un v\u00e9ritable accroche-regard dans ton jardin ou sur ton balcon. Le bac \u00e0 plantes conique est un seau m\u00e9tallique transform\u00e9. Gr\u00e2ce aux poign\u00e9es en corde, tu peux le saisir facilement et le (re)placer. Dans le fond, il y a un trou qui permet d'\u00e9vacuer l'eau en exc\u00e8s. Mais tu peux aussi refermer le trou avec un bouchon.<\/p>\n<p style=\"text-align: left;\">Hauteur : 26 cm<br \/>\nDiam\u00e8tre de l'ouverture : 37 cm<br \/>\nDiam\u00e8tre du fond : 31 cm<br \/>\nCapacit\u00e9 : 19 L<br \/>\nMat\u00e9riel : m\u00e9tal<br \/>\nCouleur : rouge framboise<br \/>\nCaract\u00e9ristiques sp\u00e9ciales : Trou dans le fond, bouchon en caoutchouc inclus<\/p>","protected":false},"excerpt":{"rendered":"<p>R\u00e9cipient en m\u00e9tal rouge framboise<\/p>","protected":false},"featured_media":14059,"template":"","meta":[],"product_brand":[],"product_cat":[40,23,1200,27,34],"product_tag":[325],"woo-feed-brand":[],"class_list":{"0":"post-14058","1":"product","2":"type-product","3":"status-publish","4":"has-post-thumbnail","6":"product_cat-uebertoepfe","7":"product_cat-home-living","8":"product_cat-gefaesse","9":"product_cat-vasen-gefaesse","10":"product_cat-garten-balkon","11":"product_tag-veg-and-the-city","13":"first","14":"instock","15":"taxable","16":"shipping-taxable","17":"purchasable","18":"product-type-simple"},"_links":{"self":[{"href":"https:\/\/www.fleurop-home.ch\/fr-ch\/wp-json\/wp\/v2\/product\/14058","targetHints":{"allow":["GET"]}}],"collection":[{"href":"https:\/\/www.fleurop-home.ch\/fr-ch\/wp-json\/wp\/v2\/product"}],"about":[{"href":"https:\/\/www.fleurop-home.ch\/fr-ch\/wp-json\/wp\/v2\/types\/product"}],"wp:featuredmedia":[{"embeddable":true,"href":"https:\/\/www.fleurop-home.ch\/fr-ch\/wp-json\/wp\/v2\/media\/14059"}],"wp:attachment":[{"href":"https:\/\/www.fleurop-home.ch\/fr-ch\/wp-json\/wp\/v2\/media?parent=14058"}],"wp:term":[{"taxonomy":"product_brand","embeddable":true,"href":"https:\/\/www.fleurop-home.ch\/fr-ch\/wp-json\/wp\/v2\/product_brand?post=14058"},{"taxonomy":"product_cat","embeddable":true,"href":"https:\/\/www.fleurop-home.ch\/fr-ch\/wp-json\/wp\/v2\/product_cat?post=14058"},{"taxonomy":"product_tag","embeddable":true,"href":"https:\/\/www.fleurop-home.ch\/fr-ch\/wp-json\/wp\/v2\/product_tag?post=14058"},{"taxonomy":"woo-feed-brand","embeddable":true,"href":"https:\/\/www.fleurop-home.ch\/fr-ch\/wp-json\/wp\/v2\/woo-feed-brand?post=14058"}],"curies":[{"name":"wp","href":"https:\/\/api.w.org\/{rel}","templated":true}]}}