{"id":14045,"date":"2023-08-11T11:50:17","date_gmt":"2023-08-11T11:50:17","guid":{"rendered":"https:\/\/www.fleurop-home.ch\/?product=ubertopf-tulsa-hangend-26-x-27-cm"},"modified":"2025-10-22T14:05:28","modified_gmt":"2025-10-22T12:05:28","slug":"uberpot-tulsa-suspendu-26-x-27-cm","status":"publish","type":"product","link":"https:\/\/www.fleurop-home.ch\/fr-ch\/p\/ubertopf-tulsa-hangend-26-x-27-cm","title":{"rendered":"Cache-pot Tulsa suspendu, 26 x 27 cm"},"content":{"rendered":"<p style=\"text-align: left\">Avec ces paniers suspendus en osier, tu peux suspendre tes plantes d'int\u00e9rieur au plafond avec style. Qu'ils soient suspendus individuellement ou arrang\u00e9s ensemble \u00e0 diff\u00e9rentes hauteurs, ces paniers en osier apporteront certainement une ambiance chaleureuse \u00e0 ton int\u00e9rieur.<\/p>\n<p style=\"text-align: left\">Dimensions (DxH) : 26 x 27 cm<br \/>\nMat\u00e9riel : osier<br \/>\nCouleur : Nature<br \/>\nCaract\u00e9ristiques sp\u00e9ciales : Film \u00e9tanche dans le panier<\/p>","protected":false},"excerpt":{"rendered":"<p>Panier suspendu, naturel, 26 x 27 cm<\/p>","protected":false},"featured_media":14046,"template":"","meta":[],"product_brand":[],"product_cat":[40,23,1199,27,34],"product_tag":[325],"woo-feed-brand":[],"class_list":{"0":"post-14045","1":"product","2":"type-product","3":"status-publish","4":"has-post-thumbnail","6":"product_cat-uebertoepfe","7":"product_cat-home-living","8":"product_cat-koerbe","9":"product_cat-vasen-gefaesse","10":"product_cat-garten-balkon","11":"product_tag-veg-and-the-city","13":"first","14":"instock","15":"taxable","16":"shipping-taxable","17":"purchasable","18":"product-type-simple"},"_links":{"self":[{"href":"https:\/\/www.fleurop-home.ch\/fr-ch\/wp-json\/wp\/v2\/product\/14045","targetHints":{"allow":["GET"]}}],"collection":[{"href":"https:\/\/www.fleurop-home.ch\/fr-ch\/wp-json\/wp\/v2\/product"}],"about":[{"href":"https:\/\/www.fleurop-home.ch\/fr-ch\/wp-json\/wp\/v2\/types\/product"}],"wp:featuredmedia":[{"embeddable":true,"href":"https:\/\/www.fleurop-home.ch\/fr-ch\/wp-json\/wp\/v2\/media\/14046"}],"wp:attachment":[{"href":"https:\/\/www.fleurop-home.ch\/fr-ch\/wp-json\/wp\/v2\/media?parent=14045"}],"wp:term":[{"taxonomy":"product_brand","embeddable":true,"href":"https:\/\/www.fleurop-home.ch\/fr-ch\/wp-json\/wp\/v2\/product_brand?post=14045"},{"taxonomy":"product_cat","embeddable":true,"href":"https:\/\/www.fleurop-home.ch\/fr-ch\/wp-json\/wp\/v2\/product_cat?post=14045"},{"taxonomy":"product_tag","embeddable":true,"href":"https:\/\/www.fleurop-home.ch\/fr-ch\/wp-json\/wp\/v2\/product_tag?post=14045"},{"taxonomy":"woo-feed-brand","embeddable":true,"href":"https:\/\/www.fleurop-home.ch\/fr-ch\/wp-json\/wp\/v2\/woo-feed-brand?post=14045"}],"curies":[{"name":"wp","href":"https:\/\/api.w.org\/{rel}","templated":true}]}}