{"id":14036,"date":"2023-08-11T11:50:11","date_gmt":"2023-08-11T11:50:11","guid":{"rendered":"https:\/\/www.fleurop-home.ch\/?product=ubertopf-aurora-hangend-18-x-16-cm"},"modified":"2025-10-22T14:05:13","modified_gmt":"2025-10-22T12:05:13","slug":"uberpot-aurora-suspendu-18-x-16-cm","status":"publish","type":"product","link":"https:\/\/www.fleurop-home.ch\/fr-ch\/p\/ubertopf-aurora-hangend-18-x-16-cm","title":{"rendered":"Cache-pot Aurora \u00e0 suspendre, 18 x 16 cm"},"content":{"rendered":"<p style=\"text-align: left\">Avec les paniers suspendus, tu peux cr\u00e9er une oasis de bien-\u00eatre vert m\u00eame dans le plus petit des appartements. Qu'ils soient suspendus individuellement ou arrang\u00e9s en groupe \u00e0 diff\u00e9rentes hauteurs, ces paniers en osier apporteront certainement une atmosph\u00e8re chaleureuse \u00e0 ton int\u00e9rieur.<\/p>\n<p style=\"text-align: left\">Dimensions (DxH) : 18 x 16 cm<br \/>\nMat\u00e9riel : osier<br \/>\nCouleur : naturel\/noir<br \/>\nCaract\u00e9ristiques sp\u00e9ciales : Film \u00e9tanche dans le panier<\/p>","protected":false},"excerpt":{"rendered":"<p>Panier suspendu nature\/noir, 18 x 16 cm<\/p>","protected":false},"featured_media":14037,"template":"","meta":[],"product_brand":[],"product_cat":[40,23,1199,27,34],"product_tag":[325],"woo-feed-brand":[],"class_list":{"0":"post-14036","1":"product","2":"type-product","3":"status-publish","4":"has-post-thumbnail","6":"product_cat-uebertoepfe","7":"product_cat-home-living","8":"product_cat-koerbe","9":"product_cat-vasen-gefaesse","10":"product_cat-garten-balkon","11":"product_tag-veg-and-the-city","13":"first","14":"instock","15":"taxable","16":"shipping-taxable","17":"purchasable","18":"product-type-simple"},"_links":{"self":[{"href":"https:\/\/www.fleurop-home.ch\/fr-ch\/wp-json\/wp\/v2\/product\/14036","targetHints":{"allow":["GET"]}}],"collection":[{"href":"https:\/\/www.fleurop-home.ch\/fr-ch\/wp-json\/wp\/v2\/product"}],"about":[{"href":"https:\/\/www.fleurop-home.ch\/fr-ch\/wp-json\/wp\/v2\/types\/product"}],"wp:featuredmedia":[{"embeddable":true,"href":"https:\/\/www.fleurop-home.ch\/fr-ch\/wp-json\/wp\/v2\/media\/14037"}],"wp:attachment":[{"href":"https:\/\/www.fleurop-home.ch\/fr-ch\/wp-json\/wp\/v2\/media?parent=14036"}],"wp:term":[{"taxonomy":"product_brand","embeddable":true,"href":"https:\/\/www.fleurop-home.ch\/fr-ch\/wp-json\/wp\/v2\/product_brand?post=14036"},{"taxonomy":"product_cat","embeddable":true,"href":"https:\/\/www.fleurop-home.ch\/fr-ch\/wp-json\/wp\/v2\/product_cat?post=14036"},{"taxonomy":"product_tag","embeddable":true,"href":"https:\/\/www.fleurop-home.ch\/fr-ch\/wp-json\/wp\/v2\/product_tag?post=14036"},{"taxonomy":"woo-feed-brand","embeddable":true,"href":"https:\/\/www.fleurop-home.ch\/fr-ch\/wp-json\/wp\/v2\/woo-feed-brand?post=14036"}],"curies":[{"name":"wp","href":"https:\/\/api.w.org\/{rel}","templated":true}]}}