{"id":14034,"date":"2023-08-11T11:50:09","date_gmt":"2023-08-11T11:50:09","guid":{"rendered":"https:\/\/www.fleurop-home.ch\/?product=korb-wool-33-x-31-cm"},"modified":"2025-10-22T14:05:11","modified_gmt":"2025-10-22T12:05:11","slug":"panier-wool-33-x-31-cm","status":"publish","type":"product","link":"https:\/\/www.fleurop-home.ch\/fr-ch\/p\/korb-wool-33-x-31-cm","title":{"rendered":"Panier Wool, 33 x 31 cm"},"content":{"rendered":"<p style=\"text-align: left\">Les paniers en mat\u00e9riaux naturels sont \u00e0 la mode et apportent beaucoup de convivialit\u00e9 \u00e0 ton int\u00e9rieur. Ce panier est fabriqu\u00e9 en coton et son tressage rouge attire l'attention.<\/p>\n<p style=\"text-align: left\">Dimensions (DxH) : 33 x 31 cm<br \/>\nMat\u00e9riel : coton<br \/>\nCouleur : nature\/blanc\/rouge<br \/>\nCaract\u00e9ristiques particuli\u00e8res : Pas de film dans le panier<\/p>","protected":false},"excerpt":{"rendered":"<p>Panier nature\/blanc\/rouge, 33 x 31 cm<\/p>","protected":false},"featured_media":14035,"template":"","meta":[],"product_brand":[],"product_cat":[40,23,1199,27,34],"product_tag":[325],"woo-feed-brand":[],"class_list":{"0":"post-14034","1":"product","2":"type-product","3":"status-publish","4":"has-post-thumbnail","6":"product_cat-uebertoepfe","7":"product_cat-home-living","8":"product_cat-koerbe","9":"product_cat-vasen-gefaesse","10":"product_cat-garten-balkon","11":"product_tag-veg-and-the-city","13":"first","14":"instock","15":"taxable","16":"shipping-taxable","17":"purchasable","18":"product-type-simple"},"_links":{"self":[{"href":"https:\/\/www.fleurop-home.ch\/fr-ch\/wp-json\/wp\/v2\/product\/14034","targetHints":{"allow":["GET"]}}],"collection":[{"href":"https:\/\/www.fleurop-home.ch\/fr-ch\/wp-json\/wp\/v2\/product"}],"about":[{"href":"https:\/\/www.fleurop-home.ch\/fr-ch\/wp-json\/wp\/v2\/types\/product"}],"wp:featuredmedia":[{"embeddable":true,"href":"https:\/\/www.fleurop-home.ch\/fr-ch\/wp-json\/wp\/v2\/media\/14035"}],"wp:attachment":[{"href":"https:\/\/www.fleurop-home.ch\/fr-ch\/wp-json\/wp\/v2\/media?parent=14034"}],"wp:term":[{"taxonomy":"product_brand","embeddable":true,"href":"https:\/\/www.fleurop-home.ch\/fr-ch\/wp-json\/wp\/v2\/product_brand?post=14034"},{"taxonomy":"product_cat","embeddable":true,"href":"https:\/\/www.fleurop-home.ch\/fr-ch\/wp-json\/wp\/v2\/product_cat?post=14034"},{"taxonomy":"product_tag","embeddable":true,"href":"https:\/\/www.fleurop-home.ch\/fr-ch\/wp-json\/wp\/v2\/product_tag?post=14034"},{"taxonomy":"woo-feed-brand","embeddable":true,"href":"https:\/\/www.fleurop-home.ch\/fr-ch\/wp-json\/wp\/v2\/woo-feed-brand?post=14034"}],"curies":[{"name":"wp","href":"https:\/\/api.w.org\/{rel}","templated":true}]}}