{"id":13803,"date":"2023-08-11T07:57:13","date_gmt":"2023-08-11T07:57:13","guid":{"rendered":"https:\/\/www.fleurop-home.ch\/?product=black-cat-kids-socks"},"modified":"2026-04-22T09:56:06","modified_gmt":"2026-04-22T07:56:06","slug":"chaussettes-pour-enfants-black-cat","status":"publish","type":"product","link":"https:\/\/www.fleurop-home.ch\/fr-ch\/p\/black-cat-kids-socks","title":{"rendered":"Chaussettes pour enfants Black Cat"},"content":{"rendered":"<p style=\"text-align: left;\">Les chaussettes Black Cat Kids mettent un sourire sur ton visage chaque matin.<\/p>\n<p style=\"text-align: left;\">80% coton, 17% polyamide, 3% \u00e9lasthanne<\/p>","protected":false},"excerpt":{"rendered":"<p>ManyMornings - Chaussettes color\u00e9es d\u00e9pareill\u00e9es<\/p>","protected":false},"featured_media":13804,"template":"","meta":[],"product_brand":[],"product_cat":[60,1263,1270,59,52,56],"product_tag":[298],"woo-feed-brand":[],"class_list":{"0":"post-13803","1":"product","2":"type-product","3":"status-publish","4":"has-post-thumbnail","6":"product_cat-kindertextilien","7":"product_cat-fleuropkids","8":"product_cat-kleidung-alltag","9":"product_cat-kids","10":"product_cat-geschenke","11":"product_cat-bunte-socken","12":"product_tag-sportagon-gmbh","14":"first","15":"instock","16":"taxable","17":"shipping-taxable","18":"purchasable","19":"product-type-variable"},"_links":{"self":[{"href":"https:\/\/www.fleurop-home.ch\/fr-ch\/wp-json\/wp\/v2\/product\/13803","targetHints":{"allow":["GET"]}}],"collection":[{"href":"https:\/\/www.fleurop-home.ch\/fr-ch\/wp-json\/wp\/v2\/product"}],"about":[{"href":"https:\/\/www.fleurop-home.ch\/fr-ch\/wp-json\/wp\/v2\/types\/product"}],"wp:featuredmedia":[{"embeddable":true,"href":"https:\/\/www.fleurop-home.ch\/fr-ch\/wp-json\/wp\/v2\/media\/13804"}],"wp:attachment":[{"href":"https:\/\/www.fleurop-home.ch\/fr-ch\/wp-json\/wp\/v2\/media?parent=13803"}],"wp:term":[{"taxonomy":"product_brand","embeddable":true,"href":"https:\/\/www.fleurop-home.ch\/fr-ch\/wp-json\/wp\/v2\/product_brand?post=13803"},{"taxonomy":"product_cat","embeddable":true,"href":"https:\/\/www.fleurop-home.ch\/fr-ch\/wp-json\/wp\/v2\/product_cat?post=13803"},{"taxonomy":"product_tag","embeddable":true,"href":"https:\/\/www.fleurop-home.ch\/fr-ch\/wp-json\/wp\/v2\/product_tag?post=13803"},{"taxonomy":"woo-feed-brand","embeddable":true,"href":"https:\/\/www.fleurop-home.ch\/fr-ch\/wp-json\/wp\/v2\/woo-feed-brand?post=13803"}],"curies":[{"name":"wp","href":"https:\/\/api.w.org\/{rel}","templated":true}]}}