{"id":13790,"date":"2023-08-11T07:09:41","date_gmt":"2023-08-11T07:09:41","guid":{"rendered":"https:\/\/www.fleurop-home.ch\/?product=the-red-fox-socks"},"modified":"2025-05-12T11:20:50","modified_gmt":"2025-05-12T09:20:50","slug":"les-chaussettes-du-renard-rouge","status":"publish","type":"product","link":"https:\/\/www.fleurop-home.ch\/fr-ch\/p\/the-red-fox-socks","title":{"rendered":"Les chaussettes Red Fox"},"content":{"rendered":"<p style=\"text-align: left\">Les chaussettes The Red Fox mettent un sourire sur ton visage chaque matin.<\/p>\n<p style=\"text-align: left\">80% coton, 17% polyamide, 3% \u00e9lasthanne<\/p>","protected":false},"excerpt":{"rendered":"<p>ManyMornings - Chaussettes color\u00e9es d\u00e9pareill\u00e9es<\/p>","protected":false},"featured_media":13791,"template":"","meta":[],"product_brand":[],"product_cat":[56,1088,1092,52],"product_tag":[298],"woo-feed-brand":[],"class_list":{"0":"post-13790","1":"product","2":"type-product","3":"status-publish","4":"has-post-thumbnail","6":"product_cat-bunte-socken","7":"product_cat-vatertag","8":"product_cat-wohlfuehltyp","9":"product_cat-geschenke","10":"product_tag-sportagon-gmbh","12":"first","13":"instock","14":"taxable","15":"shipping-taxable","16":"purchasable","17":"product-type-variable"},"_links":{"self":[{"href":"https:\/\/www.fleurop-home.ch\/fr-ch\/wp-json\/wp\/v2\/product\/13790","targetHints":{"allow":["GET"]}}],"collection":[{"href":"https:\/\/www.fleurop-home.ch\/fr-ch\/wp-json\/wp\/v2\/product"}],"about":[{"href":"https:\/\/www.fleurop-home.ch\/fr-ch\/wp-json\/wp\/v2\/types\/product"}],"wp:featuredmedia":[{"embeddable":true,"href":"https:\/\/www.fleurop-home.ch\/fr-ch\/wp-json\/wp\/v2\/media\/13791"}],"wp:attachment":[{"href":"https:\/\/www.fleurop-home.ch\/fr-ch\/wp-json\/wp\/v2\/media?parent=13790"}],"wp:term":[{"taxonomy":"product_brand","embeddable":true,"href":"https:\/\/www.fleurop-home.ch\/fr-ch\/wp-json\/wp\/v2\/product_brand?post=13790"},{"taxonomy":"product_cat","embeddable":true,"href":"https:\/\/www.fleurop-home.ch\/fr-ch\/wp-json\/wp\/v2\/product_cat?post=13790"},{"taxonomy":"product_tag","embeddable":true,"href":"https:\/\/www.fleurop-home.ch\/fr-ch\/wp-json\/wp\/v2\/product_tag?post=13790"},{"taxonomy":"woo-feed-brand","embeddable":true,"href":"https:\/\/www.fleurop-home.ch\/fr-ch\/wp-json\/wp\/v2\/woo-feed-brand?post=13790"}],"curies":[{"name":"wp","href":"https:\/\/api.w.org\/{rel}","templated":true}]}}