{"id":13764,"date":"2023-08-11T06:13:57","date_gmt":"2023-08-11T06:13:57","guid":{"rendered":"https:\/\/www.fleurop-home.ch\/?product=the-bicycles-socks"},"modified":"2026-05-06T16:26:40","modified_gmt":"2026-05-06T14:26:40","slug":"les-chaussettes-bicyclettes","status":"publish","type":"product","link":"https:\/\/www.fleurop-home.ch\/fr-ch\/p\/the-bicycles-socks","title":{"rendered":"Les chaussettes Bicycles"},"content":{"rendered":"<p style=\"text-align: left\">Les chaussettes The Bicycles mettent un sourire sur ton visage chaque matin.<\/p>\n<p style=\"text-align: left\">80% coton, 17% polyamide, 3% \u00e9lasthanne<\/p>","protected":false},"excerpt":{"rendered":"<p>ManyMornings - Chaussettes color\u00e9es d\u00e9pareill\u00e9es<\/p>","protected":false},"featured_media":13765,"template":"","meta":[],"product_brand":[],"product_cat":[56,1002,910,1207,999,1088,909,1092,915,52],"product_tag":[1274,298],"woo-feed-brand":[],"class_list":{"0":"post-13764","1":"product","2":"type-product","3":"status-publish","4":"has-post-thumbnail","6":"product_cat-bunte-socken","7":"product_cat-fuer-ihn","8":"product_cat-geschenkideen","9":"product_cat-unter-25-chf","10":"product_cat-valentinstag","11":"product_cat-vatertag","12":"product_cat-weihnachten","13":"product_cat-wohlfuehltyp","14":"product_cat-wichteln","15":"product_cat-geschenke","16":"product_tag-pos","17":"product_tag-sportagon-gmbh","19":"first","20":"instock","21":"featured","22":"taxable","23":"shipping-taxable","24":"purchasable","25":"product-type-variable"},"_links":{"self":[{"href":"https:\/\/www.fleurop-home.ch\/fr-ch\/wp-json\/wp\/v2\/product\/13764","targetHints":{"allow":["GET"]}}],"collection":[{"href":"https:\/\/www.fleurop-home.ch\/fr-ch\/wp-json\/wp\/v2\/product"}],"about":[{"href":"https:\/\/www.fleurop-home.ch\/fr-ch\/wp-json\/wp\/v2\/types\/product"}],"wp:featuredmedia":[{"embeddable":true,"href":"https:\/\/www.fleurop-home.ch\/fr-ch\/wp-json\/wp\/v2\/media\/13765"}],"wp:attachment":[{"href":"https:\/\/www.fleurop-home.ch\/fr-ch\/wp-json\/wp\/v2\/media?parent=13764"}],"wp:term":[{"taxonomy":"product_brand","embeddable":true,"href":"https:\/\/www.fleurop-home.ch\/fr-ch\/wp-json\/wp\/v2\/product_brand?post=13764"},{"taxonomy":"product_cat","embeddable":true,"href":"https:\/\/www.fleurop-home.ch\/fr-ch\/wp-json\/wp\/v2\/product_cat?post=13764"},{"taxonomy":"product_tag","embeddable":true,"href":"https:\/\/www.fleurop-home.ch\/fr-ch\/wp-json\/wp\/v2\/product_tag?post=13764"},{"taxonomy":"woo-feed-brand","embeddable":true,"href":"https:\/\/www.fleurop-home.ch\/fr-ch\/wp-json\/wp\/v2\/woo-feed-brand?post=13764"}],"curies":[{"name":"wp","href":"https:\/\/api.w.org\/{rel}","templated":true}]}}