{"id":13741,"date":"2023-08-09T10:32:11","date_gmt":"2023-08-09T10:32:11","guid":{"rendered":"https:\/\/www.fleurop-home.ch\/?product=tsuri-ketchup-bbq"},"modified":"2025-05-12T13:44:26","modified_gmt":"2025-05-12T11:44:26","slug":"tsuri-ketchup-bbq","status":"publish","type":"product","link":"https:\/\/www.fleurop-home.ch\/fr-ch\/p\/tsuri-ketchup-bbq","title":{"rendered":"TS\u00dcRI Ketchup - BBQ"},"content":{"rendered":"<h3 style=\"text-align: left\" data-mce-fragment=\"1\"><\/h3>\n<p style=\"text-align: left\" data-mce-fragment=\"1\"><strong><strong>Un bel ar\u00f4me de fum\u00e9e de ch\u00eane canadien combin\u00e9 \u00e0 un bon piquant.<\/strong><\/strong><\/p>\n<p style=\"text-align: left\" data-mce-fragment=\"1\"><strong>Ingr\u00e9dients<\/strong><br \/>\nConcentr\u00e9 de tomates, cidre doux, vinaigre de cidre, sucre de canne, oignon, piment Habanero, ar\u00f4me naturel de fum\u00e9e, sel de mer<\/p>\n<p style=\"text-align: left\" data-mce-fragment=\"1\"><strong data-mce-fragment=\"1\"><br \/>\nUtilisation<br \/>\n<\/strong>Optimal pour les barbecues !<br \/>\n<strong data-mce-fragment=\"1\"><br \/>\nContenu<br \/>\n<\/strong>250 ml<br \/>\n<strong><br \/>\nDurabilit\u00e9<br \/>\n<\/strong>Environ 1 an, \u00e0 conserver au frais apr\u00e8s ouverture.<\/p>\n<p style=\"text-align: left\" data-mce-fragment=\"1\"><strong data-mce-fragment=\"1\"><br \/>\nValeurs nutritives<br \/>\n<\/strong>Quantit\u00e9 pour 100 grammes<\/p>\n<p><strong data-mce-fragment=\"1\">- Les calories<\/strong> 112 kcal<br \/>\n<strong data-mce-fragment=\"1\">- Teneur en graisse<\/strong> &lt;0.5 g<br \/>\n<strong data-mce-fragment=\"1\">- Acides gras satur\u00e9s<\/strong> &lt;0.5 g<br \/>\n<strong data-mce-fragment=\"1\">- Les glucides <\/strong>23 g<br \/>\n<strong data-mce-fragment=\"1\">- Le sucre <\/strong>20 g<br \/>\n<strong data-mce-fragment=\"1\">- Fibres alimentaires <\/strong>1.8 g<br \/>\n<strong data-mce-fragment=\"1\">- Prot\u00e9ines <\/strong>2.6 g<br \/>\n<strong data-mce-fragment=\"1\">- Le sel <\/strong>0.57 g<\/p>","protected":false},"excerpt":{"rendered":"<p>TS\u00dcRI Ketchup - BBQ<\/p>","protected":false},"featured_media":13742,"template":"","meta":[],"product_brand":[],"product_cat":[111,1091,1088,42,885,52,54],"product_tag":[292],"woo-feed-brand":[],"class_list":{"0":"post-13741","1":"product","2":"type-product","3":"status-publish","4":"has-post-thumbnail","6":"product_cat-saucen","7":"product_cat-hobbykoch","8":"product_cat-vatertag","9":"product_cat-kueche","10":"product_cat-koestlichkeiten","11":"product_cat-geschenke","12":"product_cat-feinkost","13":"product_tag-tsuri-group-gmbh","15":"first","16":"instock","17":"taxable","18":"shipping-taxable","19":"purchasable","20":"product-type-simple"},"_links":{"self":[{"href":"https:\/\/www.fleurop-home.ch\/fr-ch\/wp-json\/wp\/v2\/product\/13741","targetHints":{"allow":["GET"]}}],"collection":[{"href":"https:\/\/www.fleurop-home.ch\/fr-ch\/wp-json\/wp\/v2\/product"}],"about":[{"href":"https:\/\/www.fleurop-home.ch\/fr-ch\/wp-json\/wp\/v2\/types\/product"}],"wp:featuredmedia":[{"embeddable":true,"href":"https:\/\/www.fleurop-home.ch\/fr-ch\/wp-json\/wp\/v2\/media\/13742"}],"wp:attachment":[{"href":"https:\/\/www.fleurop-home.ch\/fr-ch\/wp-json\/wp\/v2\/media?parent=13741"}],"wp:term":[{"taxonomy":"product_brand","embeddable":true,"href":"https:\/\/www.fleurop-home.ch\/fr-ch\/wp-json\/wp\/v2\/product_brand?post=13741"},{"taxonomy":"product_cat","embeddable":true,"href":"https:\/\/www.fleurop-home.ch\/fr-ch\/wp-json\/wp\/v2\/product_cat?post=13741"},{"taxonomy":"product_tag","embeddable":true,"href":"https:\/\/www.fleurop-home.ch\/fr-ch\/wp-json\/wp\/v2\/product_tag?post=13741"},{"taxonomy":"woo-feed-brand","embeddable":true,"href":"https:\/\/www.fleurop-home.ch\/fr-ch\/wp-json\/wp\/v2\/woo-feed-brand?post=13741"}],"curies":[{"name":"wp","href":"https:\/\/api.w.org\/{rel}","templated":true}]}}