{"id":13713,"date":"2023-07-24T14:22:03","date_gmt":"2023-07-24T12:22:03","guid":{"rendered":"https:\/\/www.fleurop-home.ch\/?product=geschenkset-genuss-symphonie-ii"},"modified":"2026-02-05T14:32:07","modified_gmt":"2026-02-05T13:32:07","slug":"set-cadeau-plaisir-symphonie-ii","status":"publish","type":"product","link":"https:\/\/www.fleurop-home.ch\/fr-ch\/p\/geschenkset-genuss-symphonie-ii","title":{"rendered":"Coffret cadeau Gottlieber \"Symphonie de plaisirs II"},"content":{"rendered":"<div class=\"description\">\n<p>De magnifiques magnolias en pleine floraison d\u00e9corent notre nouvelle bo\u00eete \u00e0 bijoux \"Symphonie de plaisir II\". Avec son design \u00e0 la fois discret et particulier, elle constitue un cadeau raffin\u00e9 ou un objet de collection pour tous les amateurs de nos sp\u00e9cialit\u00e9s Gottlieber. La bo\u00eete d\u00e9corative unique est remplie de bouch\u00e9es premium Amaretto, Cappuccino &amp; Irish Cream, de mini-bouch\u00e9es Black Special Grand Cru et de d\u00e9licieuses amandes au cacao Gottlieber.<\/p>\n<\/div>\n<dl class=\"product-attributes\">\n<dt class=\"label\">\n<div class=\"description\">\n<p>Notre fourrage \u00e0 l'amaretto est compos\u00e9 d'amandes fines et de couverture fonc\u00e9e bio et \u00e9quitable, associ\u00e9es \u00e0 l'ar\u00f4me naturel d'amaretto. Ce trio cr\u00e9e un go\u00fbt d\u00e9licat d'amandes am\u00e8res, souvent associ\u00e9 \u00e0 la p\u00e2te d'amande. Nous obtenons le go\u00fbt s\u00e9duisant de la liqueur de whisky cr\u00e9meuse Irish Cream avec du caf\u00e9 arabica du commerce \u00e9quitable, du cacao et du lait en poudre bio et un doux ar\u00f4me Irish Cream. Notre fourrage Black Special Grand Cru avec plus de 60% de cacao est la cabane parfaite pour les vrais amateurs de chocolat noir.<\/p>\n<p><strong>Contenu<br \/>\n<\/strong>10 sachets Royal-Mix, 150 g<br \/>\nenviron 22 mini-bouch\u00e9es Black Special Grand Cru, 95 g<br \/>\n180 g d'amandes au cacao en sachet<\/p>\n<p><strong>Masse<br \/>\n<\/strong>200 x 200 x 70 mm<\/p>\n<p><a href=\"https:\/\/www.gottlieber.ch\/de\/online-shop\/naehrwertinformationen\" target=\"_blank\" rel=\"noopener\">Informations nutritionnelles et conseils pour les personnes allergiques<\/a><\/p>\n<\/div>\n<\/dt>\n<\/dl>","protected":false},"excerpt":{"rendered":"<p>Fourr\u00e9 de bricelets &amp; d'amandes au cacao<\/p>","protected":false},"featured_media":13714,"template":"","meta":[],"product_brand":[],"product_cat":[53,995,984,1208,909,915,42,114,885,52,1225],"product_tag":[286],"woo-feed-brand":[],"class_list":{"0":"post-13713","1":"product","2":"type-product","3":"status-publish","4":"has-post-thumbnail","6":"product_cat-geschenksets","7":"product_cat-essen-trinken","8":"product_cat-silvester","9":"product_cat-ueber-25-chf","10":"product_cat-weihnachten","11":"product_cat-wichteln","12":"product_cat-kueche","13":"product_cat-schokolade-sweets","14":"product_cat-koestlichkeiten","15":"product_cat-geschenke","16":"product_cat-genuss","17":"product_tag-gottlieber-spezialitaten-ag","19":"first","20":"instock","21":"taxable","22":"shipping-taxable","23":"purchasable","24":"product-type-simple"},"_links":{"self":[{"href":"https:\/\/www.fleurop-home.ch\/fr-ch\/wp-json\/wp\/v2\/product\/13713","targetHints":{"allow":["GET"]}}],"collection":[{"href":"https:\/\/www.fleurop-home.ch\/fr-ch\/wp-json\/wp\/v2\/product"}],"about":[{"href":"https:\/\/www.fleurop-home.ch\/fr-ch\/wp-json\/wp\/v2\/types\/product"}],"wp:featuredmedia":[{"embeddable":true,"href":"https:\/\/www.fleurop-home.ch\/fr-ch\/wp-json\/wp\/v2\/media\/13714"}],"wp:attachment":[{"href":"https:\/\/www.fleurop-home.ch\/fr-ch\/wp-json\/wp\/v2\/media?parent=13713"}],"wp:term":[{"taxonomy":"product_brand","embeddable":true,"href":"https:\/\/www.fleurop-home.ch\/fr-ch\/wp-json\/wp\/v2\/product_brand?post=13713"},{"taxonomy":"product_cat","embeddable":true,"href":"https:\/\/www.fleurop-home.ch\/fr-ch\/wp-json\/wp\/v2\/product_cat?post=13713"},{"taxonomy":"product_tag","embeddable":true,"href":"https:\/\/www.fleurop-home.ch\/fr-ch\/wp-json\/wp\/v2\/product_tag?post=13713"},{"taxonomy":"woo-feed-brand","embeddable":true,"href":"https:\/\/www.fleurop-home.ch\/fr-ch\/wp-json\/wp\/v2\/woo-feed-brand?post=13713"}],"curies":[{"name":"wp","href":"https:\/\/api.w.org\/{rel}","templated":true}]}}