{"id":13710,"date":"2023-07-24T14:18:30","date_gmt":"2023-07-24T12:18:30","guid":{"rendered":"https:\/\/www.fleurop-home.ch\/?product=geschenkset-genuss-symphonie-i"},"modified":"2026-04-01T13:37:58","modified_gmt":"2026-04-01T11:37:58","slug":"set-cadeau-plaisir-symphonie-i","status":"publish","type":"product","link":"https:\/\/www.fleurop-home.ch\/fr-ch\/p\/geschenkset-genuss-symphonie-i","title":{"rendered":"Coffret cadeau Gottlieber \"Symphonie du plaisir I"},"content":{"rendered":"<div class=\"description\">\n<p style=\"text-align: left;\">De magnifiques magnolias en pleine floraison d\u00e9corent notre nouvelle bo\u00eete \u00e0 bijoux \"Symphonie de plaisir I\". Avec son design \u00e0 la fois discret et particulier, elle constitue un cadeau raffin\u00e9 ou un objet de collection pour tous les amateurs de nos sp\u00e9cialit\u00e9s Gottlieber. La bo\u00eete d\u00e9corative unique est remplie de mini-bouch\u00e9es Noix de Coco, de bouch\u00e9es premium Amaretto, Cappuccino &amp; Irish Cream ainsi que d'un sachet de d\u00e9licieux Tartufi bianchi Gottlieber avec des morceaux de bouch\u00e9es.<\/p>\n<p style=\"text-align: left;\">Les mini-bouch\u00e9es Noix de Coco sont un d\u00e9lice exotique qui, avec son fourrage cr\u00e9meux \u00e0 la noix de coco, donne l'impression d'\u00eatre aux Cara\u00efbes. Les bouch\u00e9es premium Amaretto &amp; Irish Cream s\u00e9duisent (sans alcool) avec leur fourrage velout\u00e9 et cr\u00e9meux au go\u00fbt appr\u00e9ci\u00e9 d'Amaretto et d'Irish Cream. Les tartufi bianchi sont fabriqu\u00e9s \u00e0 la main dans notre confiserie et chaque tartufi est un petit chef-d'\u0153uvre en soi. Le r\u00eave de chocolat blanc est perfectionn\u00e9 avec des noisettes grill\u00e9es, un soup\u00e7on de caramel et des morceaux de cr\u00eapes.<\/p>\n<p><strong>Garniture de bricelets<br \/>\n<\/strong>Noix de coco, amaretto, cappuccino, cr\u00e8me irlandaise<\/p>\n<p><strong>Contenu<br \/>\n<\/strong>10 sachets Royal-Mix, 150 g<br \/>\nenviron 22 mini-bouch\u00e9es Noix de Coco, 85 g<br \/>\n20 Tartufi bianchi, environ 240 g<\/p>\n<p><strong>Masse<\/strong><br \/>\n200 x 200 x 70 mm<\/p>\n<p><a href=\"https:\/\/www.gottlieber.ch\/de\/online-shop\/naehrwertinformationen\" target=\"_blank\" rel=\"noopener\">Informations nutritionnelles et conseils pour les personnes allergiques<\/a><\/p>\n<\/div>","protected":false},"excerpt":{"rendered":"<p>Fourr\u00e9 de bricelets &amp; tartufi bianchi<\/p>","protected":false},"featured_media":36504,"template":"","meta":[],"product_brand":[],"product_cat":[984,995,1023,1001,797,999,909,916,42,114,885,52,1225,53],"product_tag":[286],"woo-feed-brand":[],"class_list":{"0":"post-13710","1":"product","2":"type-product","3":"status-publish","4":"has-post-thumbnail","6":"product_cat-silvester","7":"product_cat-essen-trinken","8":"product_cat-fuer-mama","9":"product_cat-leckereien","10":"product_cat-muttertag","11":"product_cat-valentinstag","12":"product_cat-weihnachten","13":"product_cat-praesente","14":"product_cat-kueche","15":"product_cat-schokolade-sweets","16":"product_cat-koestlichkeiten","17":"product_cat-geschenke","18":"product_cat-genuss","19":"product_cat-geschenksets","20":"product_tag-gottlieber-spezialitaten-ag","22":"first","23":"instock","24":"taxable","25":"shipping-taxable","26":"purchasable","27":"product-type-simple"},"_links":{"self":[{"href":"https:\/\/www.fleurop-home.ch\/fr-ch\/wp-json\/wp\/v2\/product\/13710","targetHints":{"allow":["GET"]}}],"collection":[{"href":"https:\/\/www.fleurop-home.ch\/fr-ch\/wp-json\/wp\/v2\/product"}],"about":[{"href":"https:\/\/www.fleurop-home.ch\/fr-ch\/wp-json\/wp\/v2\/types\/product"}],"wp:featuredmedia":[{"embeddable":true,"href":"https:\/\/www.fleurop-home.ch\/fr-ch\/wp-json\/wp\/v2\/media\/36504"}],"wp:attachment":[{"href":"https:\/\/www.fleurop-home.ch\/fr-ch\/wp-json\/wp\/v2\/media?parent=13710"}],"wp:term":[{"taxonomy":"product_brand","embeddable":true,"href":"https:\/\/www.fleurop-home.ch\/fr-ch\/wp-json\/wp\/v2\/product_brand?post=13710"},{"taxonomy":"product_cat","embeddable":true,"href":"https:\/\/www.fleurop-home.ch\/fr-ch\/wp-json\/wp\/v2\/product_cat?post=13710"},{"taxonomy":"product_tag","embeddable":true,"href":"https:\/\/www.fleurop-home.ch\/fr-ch\/wp-json\/wp\/v2\/product_tag?post=13710"},{"taxonomy":"woo-feed-brand","embeddable":true,"href":"https:\/\/www.fleurop-home.ch\/fr-ch\/wp-json\/wp\/v2\/woo-feed-brand?post=13710"}],"curies":[{"name":"wp","href":"https:\/\/api.w.org\/{rel}","templated":true}]}}