{"id":13677,"date":"2023-07-14T11:59:54","date_gmt":"2023-07-14T11:59:54","guid":{"rendered":"https:\/\/www.fleurop-home.ch\/?product=olivgrunes-kuchentuch-mit-weissen-streifen-aus-bio-baumwoll-leinenmix"},"modified":"2026-03-11T09:46:47","modified_gmt":"2026-03-11T08:46:47","slug":"linge-a-gateau-vert-olive-a-rayures-blanches-en-melange-de-lin-et-de-coton-bio","status":"publish","type":"product","link":"https:\/\/www.fleurop-home.ch\/fr-ch\/p\/olivgrunes-kuchentuch-mit-weissen-streifen-aus-bio-baumwoll-leinenmix","title":{"rendered":"Linge de cuisine vert olive \u00e0 rayures blanches en m\u00e9lange de coton et de lin bio"},"content":{"rendered":"<p style=\"text-align: left;\">Notre torchon discret est intemporel et ajoute une ambiance raffin\u00e9e \u00e0 ta cuisine. Gr\u00e2ce au m\u00e9lange de coton et de lin, il est absorbant et r\u00e9sistant. La boucle situ\u00e9e dans le coin sup\u00e9rieur du torchon permet de le suspendre facilement.<\/p>\n<p style=\"text-align: left;\">- Torchon en tissu m\u00e9lang\u00e9 lin\/coton durable<br \/>\n- Avec boucle de suspension<br \/>\n- Tr\u00e8s absorbant, avec une texture agr\u00e9able qui ne raye pas la vaisselle et les verres<br \/>\n- 50 x 70 cm<br \/>\n- Teinture de haute qualit\u00e9 qui tient m\u00eame apr\u00e8s de nombreux lavages<br \/>\n- Lavable \u00e0 40 - 60 degr\u00e9s<\/p>","protected":false},"excerpt":{"rendered":"<p>Linge de cuisine vert olive \u00e0 rayures blanches en m\u00e9lange coton\/lin bio, 50 x 70 cm<\/p>","protected":false},"featured_media":52198,"template":"","meta":[],"product_brand":[],"product_cat":[1100,42,1098],"product_tag":[324],"woo-feed-brand":[],"class_list":{"0":"post-13677","1":"product","2":"type-product","3":"status-publish","4":"has-post-thumbnail","6":"product_cat-kuechentextilien","7":"product_cat-kueche","8":"product_cat-textilien","9":"product_tag-marein-ag","11":"first","12":"instock","13":"taxable","14":"shipping-taxable","15":"purchasable","16":"product-type-simple"},"_links":{"self":[{"href":"https:\/\/www.fleurop-home.ch\/fr-ch\/wp-json\/wp\/v2\/product\/13677","targetHints":{"allow":["GET"]}}],"collection":[{"href":"https:\/\/www.fleurop-home.ch\/fr-ch\/wp-json\/wp\/v2\/product"}],"about":[{"href":"https:\/\/www.fleurop-home.ch\/fr-ch\/wp-json\/wp\/v2\/types\/product"}],"wp:featuredmedia":[{"embeddable":true,"href":"https:\/\/www.fleurop-home.ch\/fr-ch\/wp-json\/wp\/v2\/media\/52198"}],"wp:attachment":[{"href":"https:\/\/www.fleurop-home.ch\/fr-ch\/wp-json\/wp\/v2\/media?parent=13677"}],"wp:term":[{"taxonomy":"product_brand","embeddable":true,"href":"https:\/\/www.fleurop-home.ch\/fr-ch\/wp-json\/wp\/v2\/product_brand?post=13677"},{"taxonomy":"product_cat","embeddable":true,"href":"https:\/\/www.fleurop-home.ch\/fr-ch\/wp-json\/wp\/v2\/product_cat?post=13677"},{"taxonomy":"product_tag","embeddable":true,"href":"https:\/\/www.fleurop-home.ch\/fr-ch\/wp-json\/wp\/v2\/product_tag?post=13677"},{"taxonomy":"woo-feed-brand","embeddable":true,"href":"https:\/\/www.fleurop-home.ch\/fr-ch\/wp-json\/wp\/v2\/woo-feed-brand?post=13677"}],"curies":[{"name":"wp","href":"https:\/\/api.w.org\/{rel}","templated":true}]}}