{"id":13662,"date":"2023-07-14T11:59:53","date_gmt":"2023-07-14T11:59:53","guid":{"rendered":"https:\/\/www.fleurop-home.ch\/?product=stehender-grauer-keramiktopf-mit-metallbeinen-und-schwarzem-brennmuster"},"modified":"2026-01-05T14:10:19","modified_gmt":"2026-01-05T13:10:19","slug":"pot-en-ceramique-gris-debout-avec-des-pieds-en-metal-et-un-motif-de-cuisson-noir","status":"publish","type":"product","link":"https:\/\/www.fleurop-home.ch\/fr-ch\/p\/stehender-grauer-keramiktopf-mit-metallbeinen-und-schwarzem-brennmuster","title":{"rendered":"Pot en c\u00e9ramique gris debout avec des pieds en m\u00e9tal et un motif de cuisson noir"},"content":{"rendered":"<p style=\"text-align: left\">Notre pot sur pied en c\u00e9ramique avec des pieds m\u00e9talliques d\u00e9licats est adapt\u00e9 \u00e0 l'int\u00e9rieur et \u00e0 l'ext\u00e9rieur. Le pot peut \u00eatre s\u00e9par\u00e9 des pieds et sert \u00e9galement de d\u00e9coration \u00e0 l'int\u00e9rieur. Le pot est disponible en deux tailles, ce qui permet de cr\u00e9er des combinaisons particuli\u00e8rement jolies.<\/p>\n<p style=\"text-align: left\">- Le pot peut \u00eatre s\u00e9par\u00e9 du pied<br \/>\n- En c\u00e9ramique \u00e9maill\u00e9e \u00e0 la main avec amour, ce qui fait que l'\u00e9mail peut varier<br \/>\n- Pot sans trous<br \/>\n- Diam\u00e8tre 13.5 cm, hauteur 36.5 cm<\/p>","protected":false},"excerpt":{"rendered":"<p>Pot en c\u00e9ramique gris debout avec des pieds en m\u00e9tal et un motif de cuisson noir, \u00d8 13.5 cm x H 36.5 cm<\/p>","protected":false},"featured_media":36690,"template":"","meta":[],"product_brand":[],"product_cat":[27,23,1198,34,40],"product_tag":[324],"woo-feed-brand":[],"class_list":{"0":"post-13662","1":"product","2":"type-product","3":"status-publish","4":"has-post-thumbnail","6":"product_cat-vasen-gefaesse","7":"product_cat-home-living","8":"product_cat-toepfe","9":"product_cat-garten-balkon","10":"product_cat-uebertoepfe","11":"product_tag-marein-ag","13":"first","14":"instock","15":"taxable","16":"shipping-taxable","17":"purchasable","18":"product-type-simple"},"_links":{"self":[{"href":"https:\/\/www.fleurop-home.ch\/fr-ch\/wp-json\/wp\/v2\/product\/13662","targetHints":{"allow":["GET"]}}],"collection":[{"href":"https:\/\/www.fleurop-home.ch\/fr-ch\/wp-json\/wp\/v2\/product"}],"about":[{"href":"https:\/\/www.fleurop-home.ch\/fr-ch\/wp-json\/wp\/v2\/types\/product"}],"wp:featuredmedia":[{"embeddable":true,"href":"https:\/\/www.fleurop-home.ch\/fr-ch\/wp-json\/wp\/v2\/media\/36690"}],"wp:attachment":[{"href":"https:\/\/www.fleurop-home.ch\/fr-ch\/wp-json\/wp\/v2\/media?parent=13662"}],"wp:term":[{"taxonomy":"product_brand","embeddable":true,"href":"https:\/\/www.fleurop-home.ch\/fr-ch\/wp-json\/wp\/v2\/product_brand?post=13662"},{"taxonomy":"product_cat","embeddable":true,"href":"https:\/\/www.fleurop-home.ch\/fr-ch\/wp-json\/wp\/v2\/product_cat?post=13662"},{"taxonomy":"product_tag","embeddable":true,"href":"https:\/\/www.fleurop-home.ch\/fr-ch\/wp-json\/wp\/v2\/product_tag?post=13662"},{"taxonomy":"woo-feed-brand","embeddable":true,"href":"https:\/\/www.fleurop-home.ch\/fr-ch\/wp-json\/wp\/v2\/woo-feed-brand?post=13662"}],"curies":[{"name":"wp","href":"https:\/\/api.w.org\/{rel}","templated":true}]}}