{"id":13658,"date":"2023-07-14T11:59:52","date_gmt":"2023-07-14T11:59:52","guid":{"rendered":"https:\/\/www.fleurop-home.ch\/?product=blauer-handglasierter-krug-costal"},"modified":"2026-04-01T15:35:53","modified_gmt":"2026-04-01T13:35:53","slug":"pichet-bleu-emaille-a-la-main-costal","status":"publish","type":"product","link":"https:\/\/www.fleurop-home.ch\/fr-ch\/p\/blauer-handglasierter-krug-costal","title":{"rendered":"Pichet bleu \u00e9maill\u00e9 \u00e0 la main \"Costal"},"content":{"rendered":"<p style=\"text-align: left;\">Chacune de ces jolies chopes rondes est unique gr\u00e2ce \u00e0 la fa\u00efence \u00e9maill\u00e9e \u00e0 la main, de couleur bleu-gris et 100% lavable au lave-vaisselle. La fa\u00efence est particuli\u00e8rement stable, durable et incassable et convient parfaitement aux boissons chaudes et froides.<\/p>\n<p style=\"text-align: left;\">- Chaque pichet est amoureusement \u00e9maill\u00e9 \u00e0 la main en bleu-gris, c'est pourquoi l'\u00e9mail peut varier.<br \/>\n- En fa\u00efence durable<br \/>\n- Id\u00e9al pour le th\u00e9, l'eau ou les sodas<br \/>\n- Contient 1,2 litre de liquide<br \/>\n- Hauteur 17 cm, diam\u00e8tre 12,8 cm<br \/>\n- Convient pour les aliments et passe au lave-vaisselle<\/p>","protected":false},"excerpt":{"rendered":"<p>Pichet bleu \u00e9maill\u00e9 \u00e0 la main \"Costal\" , 1.2 litre<\/p>","protected":false},"featured_media":13659,"template":"","meta":[],"product_brand":[],"product_cat":[1103,1022,797,1019,1018,42,1101,43],"product_tag":[324],"woo-feed-brand":[],"class_list":{"0":"post-13658","1":"product","2":"type-product","3":"status-publish","4":"has-post-thumbnail","6":"product_cat-trinken","7":"product_cat-brunch","8":"product_cat-muttertag","9":"product_cat-osterbrunch","10":"product_cat-ostern","11":"product_cat-kueche","12":"product_cat-geschirr","13":"product_cat-gedeckter-tisch","14":"product_tag-marein-ag","16":"first","17":"instock","18":"taxable","19":"shipping-taxable","20":"purchasable","21":"product-type-simple"},"_links":{"self":[{"href":"https:\/\/www.fleurop-home.ch\/fr-ch\/wp-json\/wp\/v2\/product\/13658","targetHints":{"allow":["GET"]}}],"collection":[{"href":"https:\/\/www.fleurop-home.ch\/fr-ch\/wp-json\/wp\/v2\/product"}],"about":[{"href":"https:\/\/www.fleurop-home.ch\/fr-ch\/wp-json\/wp\/v2\/types\/product"}],"wp:featuredmedia":[{"embeddable":true,"href":"https:\/\/www.fleurop-home.ch\/fr-ch\/wp-json\/wp\/v2\/media\/13659"}],"wp:attachment":[{"href":"https:\/\/www.fleurop-home.ch\/fr-ch\/wp-json\/wp\/v2\/media?parent=13658"}],"wp:term":[{"taxonomy":"product_brand","embeddable":true,"href":"https:\/\/www.fleurop-home.ch\/fr-ch\/wp-json\/wp\/v2\/product_brand?post=13658"},{"taxonomy":"product_cat","embeddable":true,"href":"https:\/\/www.fleurop-home.ch\/fr-ch\/wp-json\/wp\/v2\/product_cat?post=13658"},{"taxonomy":"product_tag","embeddable":true,"href":"https:\/\/www.fleurop-home.ch\/fr-ch\/wp-json\/wp\/v2\/product_tag?post=13658"},{"taxonomy":"woo-feed-brand","embeddable":true,"href":"https:\/\/www.fleurop-home.ch\/fr-ch\/wp-json\/wp\/v2\/woo-feed-brand?post=13658"}],"curies":[{"name":"wp","href":"https:\/\/api.w.org\/{rel}","templated":true}]}}