{"id":13634,"date":"2023-07-14T11:59:49","date_gmt":"2023-07-14T11:59:49","guid":{"rendered":"https:\/\/www.fleurop-home.ch\/?product=schlichter-eleganter-serviettenring-aus-metall-fur-stoffservietten"},"modified":"2026-03-18T13:42:05","modified_gmt":"2026-03-18T12:42:05","slug":"rond-de-serviette-en-metal-sobre-et-elegant-pour-les-serviettes-en-tissu","status":"publish","type":"product","link":"https:\/\/www.fleurop-home.ch\/fr-ch\/p\/schlichter-eleganter-serviettenring-aus-metall-fur-stoffservietten","title":{"rendered":"Rond de serviette en m\u00e9tal sobre et \u00e9l\u00e9gant pour les serviettes en tissu"},"content":{"rendered":"<p style=\"text-align: left;\">Notre rond de serviette avec son m\u00e9tal ondul\u00e9 tr\u00e8s tendance en argent apporte de l'\u00e9l\u00e9gance \u00e0 la table dress\u00e9e - que ce soit lors d'occasions sp\u00e9ciales comme les mariages, No\u00ebl, les anniversaires ou d'autres c\u00e9l\u00e9brations et rassemblements. Les serviettes en tissu restent ainsi en forme et cr\u00e9ent un look \u00e9l\u00e9gant sans trop d'efforts et de pliages compliqu\u00e9s.<\/p>\n<p style=\"text-align: left;\">- Rond de serviette en m\u00e9tal ondul\u00e9 d'une belle couleur argent\u00e9e brillante<br \/>\n- Finition de haute qualit\u00e9 en aluminium l\u00e9ger et durable<br \/>\n- Design classique et intemporel<br \/>\n- Convient \u00e0 toutes les serviettes en tissu<br \/>\n- Diam\u00e8tre : 4,5 cm, hauteur : 2,8 cm<br \/>\n- Parfait pour les occasions sp\u00e9ciales comme les mariages, No\u00ebl et autres f\u00eates<br \/>\n- Apporte de l'\u00e9l\u00e9gance \u00e0 la table en un clin d'\u0153il<\/p>","protected":false},"excerpt":{"rendered":"<p>Rond de serviette simple et \u00e9l\u00e9gant en m\u00e9tal pour serviettes en tissu, \u00d8 4,5 cm, argent\u00e9<\/p>","protected":false},"featured_media":13635,"template":"","meta":[],"product_brand":[],"product_cat":[1105,1019,1018,984,994,909,1179,911,42,1104,43],"product_tag":[324],"woo-feed-brand":[],"class_list":{"0":"post-13634","1":"product","2":"type-product","3":"status-publish","4":"has-post-thumbnail","6":"product_cat-serviettenringe","7":"product_cat-osterbrunch","8":"product_cat-ostern","9":"product_cat-silvester","10":"product_cat-silvestertisch","11":"product_cat-weihnachten","12":"product_cat-weihnachtsdeko","13":"product_cat-accessoires","14":"product_cat-kueche","15":"product_cat-tischakzente","16":"product_cat-gedeckter-tisch","17":"product_tag-marein-ag","19":"first","20":"instock","21":"taxable","22":"shipping-taxable","23":"purchasable","24":"product-type-simple"},"_links":{"self":[{"href":"https:\/\/www.fleurop-home.ch\/fr-ch\/wp-json\/wp\/v2\/product\/13634","targetHints":{"allow":["GET"]}}],"collection":[{"href":"https:\/\/www.fleurop-home.ch\/fr-ch\/wp-json\/wp\/v2\/product"}],"about":[{"href":"https:\/\/www.fleurop-home.ch\/fr-ch\/wp-json\/wp\/v2\/types\/product"}],"wp:featuredmedia":[{"embeddable":true,"href":"https:\/\/www.fleurop-home.ch\/fr-ch\/wp-json\/wp\/v2\/media\/13635"}],"wp:attachment":[{"href":"https:\/\/www.fleurop-home.ch\/fr-ch\/wp-json\/wp\/v2\/media?parent=13634"}],"wp:term":[{"taxonomy":"product_brand","embeddable":true,"href":"https:\/\/www.fleurop-home.ch\/fr-ch\/wp-json\/wp\/v2\/product_brand?post=13634"},{"taxonomy":"product_cat","embeddable":true,"href":"https:\/\/www.fleurop-home.ch\/fr-ch\/wp-json\/wp\/v2\/product_cat?post=13634"},{"taxonomy":"product_tag","embeddable":true,"href":"https:\/\/www.fleurop-home.ch\/fr-ch\/wp-json\/wp\/v2\/product_tag?post=13634"},{"taxonomy":"woo-feed-brand","embeddable":true,"href":"https:\/\/www.fleurop-home.ch\/fr-ch\/wp-json\/wp\/v2\/woo-feed-brand?post=13634"}],"curies":[{"name":"wp","href":"https:\/\/api.w.org\/{rel}","templated":true}]}}