{"id":13611,"date":"2023-07-14T11:59:46","date_gmt":"2023-07-14T11:59:46","guid":{"rendered":"https:\/\/www.fleurop-home.ch\/?product=handglasiertes-porzellantassen-set-latte-macchiato-tassen"},"modified":"2026-04-01T15:35:53","modified_gmt":"2026-04-01T13:35:53","slug":"set-de-tasses-en-porcelaine-emaillee-a-la-main-tasses-a-latte-macchiato","status":"publish","type":"product","link":"https:\/\/www.fleurop-home.ch\/fr-ch\/p\/handglasiertes-porzellantassen-set-latte-macchiato-tassen","title":{"rendered":"Set de tasses en porcelaine \u00e9maill\u00e9e \u00e0 la main, tasses \u00e0 latte macchiato"},"content":{"rendered":"<p style=\"text-align: left;\">Ce joli set de tasses a \u00e9t\u00e9 soigneusement \u00e9maill\u00e9 \u00e0 la main en quatre couleurs diff\u00e9rentes et sert ton latte macchiato avec style et de mani\u00e8re individuelle.<\/p>\n<p style=\"text-align: left;\">- Quatre tasses \u00e0 latte macchiato en porcelaine<br \/>\n- Amoureusement \u00e9maill\u00e9e \u00e0 la main, c'est pourquoi l'\u00e9mail peut varier<br \/>\n- Convient pour les aliments et passe au lave-vaisselle<br \/>\n- Contient 330 ml<\/p>","protected":false},"excerpt":{"rendered":"<p>Set de tasses en porcelaine \u00e9maill\u00e9e \u00e0 la main dans diff\u00e9rentes nuances de vert, tasses \u00e0 latte macchiato, 4 x 330 ml, H 12.5 \u00d8 9 cm<\/p>","protected":false},"featured_media":13612,"template":"","meta":[],"product_brand":[],"product_cat":[1103,1022,797,1019,1018,984,994,42,1101,43],"product_tag":[324],"woo-feed-brand":[],"class_list":{"0":"post-13611","1":"product","2":"type-product","3":"status-publish","4":"has-post-thumbnail","6":"product_cat-trinken","7":"product_cat-brunch","8":"product_cat-muttertag","9":"product_cat-osterbrunch","10":"product_cat-ostern","11":"product_cat-silvester","12":"product_cat-silvestertisch","13":"product_cat-kueche","14":"product_cat-geschirr","15":"product_cat-gedeckter-tisch","16":"product_tag-marein-ag","18":"first","19":"instock","20":"taxable","21":"shipping-taxable","22":"purchasable","23":"product-type-simple"},"_links":{"self":[{"href":"https:\/\/www.fleurop-home.ch\/fr-ch\/wp-json\/wp\/v2\/product\/13611","targetHints":{"allow":["GET"]}}],"collection":[{"href":"https:\/\/www.fleurop-home.ch\/fr-ch\/wp-json\/wp\/v2\/product"}],"about":[{"href":"https:\/\/www.fleurop-home.ch\/fr-ch\/wp-json\/wp\/v2\/types\/product"}],"wp:featuredmedia":[{"embeddable":true,"href":"https:\/\/www.fleurop-home.ch\/fr-ch\/wp-json\/wp\/v2\/media\/13612"}],"wp:attachment":[{"href":"https:\/\/www.fleurop-home.ch\/fr-ch\/wp-json\/wp\/v2\/media?parent=13611"}],"wp:term":[{"taxonomy":"product_brand","embeddable":true,"href":"https:\/\/www.fleurop-home.ch\/fr-ch\/wp-json\/wp\/v2\/product_brand?post=13611"},{"taxonomy":"product_cat","embeddable":true,"href":"https:\/\/www.fleurop-home.ch\/fr-ch\/wp-json\/wp\/v2\/product_cat?post=13611"},{"taxonomy":"product_tag","embeddable":true,"href":"https:\/\/www.fleurop-home.ch\/fr-ch\/wp-json\/wp\/v2\/product_tag?post=13611"},{"taxonomy":"woo-feed-brand","embeddable":true,"href":"https:\/\/www.fleurop-home.ch\/fr-ch\/wp-json\/wp\/v2\/woo-feed-brand?post=13611"}],"curies":[{"name":"wp","href":"https:\/\/api.w.org\/{rel}","templated":true}]}}