{"id":13597,"date":"2023-07-14T11:59:44","date_gmt":"2023-07-14T11:59:44","guid":{"rendered":"https:\/\/www.fleurop-home.ch\/?product=stehtopf-blumentopf-mit-beinen-aus-metall"},"modified":"2026-01-05T14:10:23","modified_gmt":"2026-01-05T13:10:23","slug":"pot-de-fleurs-sur-pied-avec-pieds-en-metal","status":"publish","type":"product","link":"https:\/\/www.fleurop-home.ch\/fr-ch\/p\/stehtopf-blumentopf-mit-beinen-aus-metall","title":{"rendered":"Pot sur pied \/ pot de fleurs avec pieds en m\u00e9tal"},"content":{"rendered":"<p style=\"text-align: left\">Pot de fleurs ou support pour plantes moderne en m\u00e9tal noir mat. Disponible en deux tailles pour des combinaisons particuli\u00e8rement belles.<\/p>\n<p style=\"text-align: left\">- Pot sur pied noir mat, simple, avec quatre pieds, id\u00e9al pour les fleurs ou les plantes<br \/>\n- Le pot peut \u00eatre s\u00e9par\u00e9 du pied<br \/>\n- Pot sans trous<br \/>\n- Diam\u00e8tre 21 cm, hauteur 62 cm<\/p>","protected":false},"excerpt":{"rendered":"<p>Pot sur pied \/ pot de fleurs avec pieds en m\u00e9tal, noir mat, 62 cm<\/p>","protected":false},"featured_media":13598,"template":"","meta":[],"product_brand":[],"product_cat":[27,23,1198,34,40],"product_tag":[324],"woo-feed-brand":[],"class_list":{"0":"post-13597","1":"product","2":"type-product","3":"status-publish","4":"has-post-thumbnail","6":"product_cat-vasen-gefaesse","7":"product_cat-home-living","8":"product_cat-toepfe","9":"product_cat-garten-balkon","10":"product_cat-uebertoepfe","11":"product_tag-marein-ag","13":"first","14":"instock","15":"taxable","16":"shipping-taxable","17":"purchasable","18":"product-type-simple"},"_links":{"self":[{"href":"https:\/\/www.fleurop-home.ch\/fr-ch\/wp-json\/wp\/v2\/product\/13597","targetHints":{"allow":["GET"]}}],"collection":[{"href":"https:\/\/www.fleurop-home.ch\/fr-ch\/wp-json\/wp\/v2\/product"}],"about":[{"href":"https:\/\/www.fleurop-home.ch\/fr-ch\/wp-json\/wp\/v2\/types\/product"}],"wp:featuredmedia":[{"embeddable":true,"href":"https:\/\/www.fleurop-home.ch\/fr-ch\/wp-json\/wp\/v2\/media\/13598"}],"wp:attachment":[{"href":"https:\/\/www.fleurop-home.ch\/fr-ch\/wp-json\/wp\/v2\/media?parent=13597"}],"wp:term":[{"taxonomy":"product_brand","embeddable":true,"href":"https:\/\/www.fleurop-home.ch\/fr-ch\/wp-json\/wp\/v2\/product_brand?post=13597"},{"taxonomy":"product_cat","embeddable":true,"href":"https:\/\/www.fleurop-home.ch\/fr-ch\/wp-json\/wp\/v2\/product_cat?post=13597"},{"taxonomy":"product_tag","embeddable":true,"href":"https:\/\/www.fleurop-home.ch\/fr-ch\/wp-json\/wp\/v2\/product_tag?post=13597"},{"taxonomy":"woo-feed-brand","embeddable":true,"href":"https:\/\/www.fleurop-home.ch\/fr-ch\/wp-json\/wp\/v2\/woo-feed-brand?post=13597"}],"curies":[{"name":"wp","href":"https:\/\/api.w.org\/{rel}","templated":true}]}}