{"id":13577,"date":"2023-07-14T11:59:42","date_gmt":"2023-07-14T11:59:42","guid":{"rendered":"https:\/\/www.fleurop-home.ch\/?product=dekorativer-rechteckiger-dekohocker"},"modified":"2026-01-08T09:18:50","modified_gmt":"2026-01-08T08:18:50","slug":"tabouret-decoratif-rectangulaire","status":"publish","type":"product","link":"https:\/\/www.fleurop-home.ch\/fr-ch\/p\/dekorativer-rechteckiger-dekohocker","title":{"rendered":"Tabouret d\u00e9coratif rectangulaire"},"content":{"rendered":"<p style=\"text-align: left;\">Cr\u00e9e de la hauteur avec ce joli tabouret en bois et place tes plantes, tes livres ou tes d\u00e9corations dessus. Le tabouret est disponible en deux tailles, ce qui permet de r\u00e9aliser de tr\u00e8s belles combinaisons.<\/p>\n<p style=\"text-align: left;\">- Tabouret d\u00e9coratif en bois clair<br \/>\n- Design simple, disponible en deux tailles<br \/>\n- Id\u00e9al comme support pour plantes, petite table d'appoint ou pr\u00e9sentoir d'accentuation<br \/>\n- Aucun montage n\u00e9cessaire<\/p>","protected":false},"excerpt":{"rendered":"<p>Tabouret d\u00e9coratif rectangulaire, 33 x 15 x H31 cm<\/p>","protected":false},"featured_media":51693,"template":"","meta":[],"product_brand":[],"product_cat":[23,1192,30],"product_tag":[324],"woo-feed-brand":[],"class_list":{"0":"post-13577","1":"product","2":"type-product","3":"status-publish","4":"has-post-thumbnail","6":"product_cat-home-living","7":"product_cat-hocker-beistelltische","8":"product_cat-deko-accessoires","9":"product_tag-marein-ag","11":"first","12":"instock","13":"featured","14":"taxable","15":"shipping-taxable","16":"purchasable","17":"product-type-simple"},"_links":{"self":[{"href":"https:\/\/www.fleurop-home.ch\/fr-ch\/wp-json\/wp\/v2\/product\/13577","targetHints":{"allow":["GET"]}}],"collection":[{"href":"https:\/\/www.fleurop-home.ch\/fr-ch\/wp-json\/wp\/v2\/product"}],"about":[{"href":"https:\/\/www.fleurop-home.ch\/fr-ch\/wp-json\/wp\/v2\/types\/product"}],"wp:featuredmedia":[{"embeddable":true,"href":"https:\/\/www.fleurop-home.ch\/fr-ch\/wp-json\/wp\/v2\/media\/51693"}],"wp:attachment":[{"href":"https:\/\/www.fleurop-home.ch\/fr-ch\/wp-json\/wp\/v2\/media?parent=13577"}],"wp:term":[{"taxonomy":"product_brand","embeddable":true,"href":"https:\/\/www.fleurop-home.ch\/fr-ch\/wp-json\/wp\/v2\/product_brand?post=13577"},{"taxonomy":"product_cat","embeddable":true,"href":"https:\/\/www.fleurop-home.ch\/fr-ch\/wp-json\/wp\/v2\/product_cat?post=13577"},{"taxonomy":"product_tag","embeddable":true,"href":"https:\/\/www.fleurop-home.ch\/fr-ch\/wp-json\/wp\/v2\/product_tag?post=13577"},{"taxonomy":"woo-feed-brand","embeddable":true,"href":"https:\/\/www.fleurop-home.ch\/fr-ch\/wp-json\/wp\/v2\/woo-feed-brand?post=13577"}],"curies":[{"name":"wp","href":"https:\/\/api.w.org\/{rel}","templated":true}]}}