{"id":13524,"date":"2023-07-14T11:59:35","date_gmt":"2023-07-14T11:59:35","guid":{"rendered":"https:\/\/www.fleurop-home.ch\/?product=handglasierte-cremefarbene-espresso-tasse-aria"},"modified":"2026-04-01T15:35:53","modified_gmt":"2026-04-01T13:35:53","slug":"tasse-a-espresso-creme-emaillee-a-la-main-aria","status":"publish","type":"product","link":"https:\/\/www.fleurop-home.ch\/fr-ch\/p\/handglasierte-cremefarbene-espresso-tasse-aria","title":{"rendered":"Tasse \u00e0 espresso cr\u00e8me \u00e9maill\u00e9e \u00e0 la main \"Aria"},"content":{"rendered":"<p style=\"text-align: left;\">Belle tasse \u00e0 espresso, id\u00e9ale pour commencer la journ\u00e9e. Chaque tasse est unique gr\u00e2ce \u00e0 la fa\u00efence blanche et beige \u00e9maill\u00e9e \u00e0 la main. La fa\u00efence est particuli\u00e8rement stable, durable et incassable et convient parfaitement \u00e0 une utilisation quotidienne.<\/p>\n<p style=\"text-align: left;\">- Chaque tasse \u00e0 espresso a \u00e9t\u00e9 amoureusement \u00e9maill\u00e9e \u00e0 la main en couleur cr\u00e8me, de sorte que l'\u00e9mail peut varier.<br \/>\n- En fa\u00efence durable et facile \u00e0 entretenir avec une forme incurv\u00e9e<br \/>\n- Passe au lave-vaisselle et au micro-ondes, convient pour les aliments<br \/>\n- Contient 100 ml de liquide<br \/>\n- hauteur 6 cm, diam\u00e8tre 6 cm<\/p>","protected":false},"excerpt":{"rendered":"<p>Tasse \u00e0 espresso cr\u00e8me \u00e9maill\u00e9e \u00e0 la main \"Aria\", 100 ml, H 6 x \u00d8 6 cm<\/p>","protected":false},"featured_media":13525,"template":"","meta":[],"product_brand":[],"product_cat":[1103,1022,797,984,994,909,1179,911,42,1101,43],"product_tag":[324],"woo-feed-brand":[],"class_list":{"0":"post-13524","1":"product","2":"type-product","3":"status-publish","4":"has-post-thumbnail","6":"product_cat-trinken","7":"product_cat-brunch","8":"product_cat-muttertag","9":"product_cat-silvester","10":"product_cat-silvestertisch","11":"product_cat-weihnachten","12":"product_cat-weihnachtsdeko","13":"product_cat-accessoires","14":"product_cat-kueche","15":"product_cat-geschirr","16":"product_cat-gedeckter-tisch","17":"product_tag-marein-ag","19":"first","20":"instock","21":"taxable","22":"shipping-taxable","23":"purchasable","24":"product-type-simple"},"_links":{"self":[{"href":"https:\/\/www.fleurop-home.ch\/fr-ch\/wp-json\/wp\/v2\/product\/13524","targetHints":{"allow":["GET"]}}],"collection":[{"href":"https:\/\/www.fleurop-home.ch\/fr-ch\/wp-json\/wp\/v2\/product"}],"about":[{"href":"https:\/\/www.fleurop-home.ch\/fr-ch\/wp-json\/wp\/v2\/types\/product"}],"wp:featuredmedia":[{"embeddable":true,"href":"https:\/\/www.fleurop-home.ch\/fr-ch\/wp-json\/wp\/v2\/media\/13525"}],"wp:attachment":[{"href":"https:\/\/www.fleurop-home.ch\/fr-ch\/wp-json\/wp\/v2\/media?parent=13524"}],"wp:term":[{"taxonomy":"product_brand","embeddable":true,"href":"https:\/\/www.fleurop-home.ch\/fr-ch\/wp-json\/wp\/v2\/product_brand?post=13524"},{"taxonomy":"product_cat","embeddable":true,"href":"https:\/\/www.fleurop-home.ch\/fr-ch\/wp-json\/wp\/v2\/product_cat?post=13524"},{"taxonomy":"product_tag","embeddable":true,"href":"https:\/\/www.fleurop-home.ch\/fr-ch\/wp-json\/wp\/v2\/product_tag?post=13524"},{"taxonomy":"woo-feed-brand","embeddable":true,"href":"https:\/\/www.fleurop-home.ch\/fr-ch\/wp-json\/wp\/v2\/woo-feed-brand?post=13524"}],"curies":[{"name":"wp","href":"https:\/\/api.w.org\/{rel}","templated":true}]}}