{"id":13520,"date":"2023-07-14T11:59:35","date_gmt":"2023-07-14T11:59:35","guid":{"rendered":"https:\/\/www.fleurop-home.ch\/?product=gelber-keramikkerzenhalter"},"modified":"2026-04-01T15:36:23","modified_gmt":"2026-04-01T13:36:23","slug":"porte-bougie-en-ceramique-jaune","status":"publish","type":"product","link":"https:\/\/www.fleurop-home.ch\/fr-ch\/p\/gelber-keramikkerzenhalter","title":{"rendered":"Porte-bougie en c\u00e9ramique jaune"},"content":{"rendered":"<p style=\"text-align: left;\">Ce bougeoir en c\u00e9ramique avec poign\u00e9e est particuli\u00e8rement beau lorsqu'il est associ\u00e9 \u00e0 notre mini-bol assorti et donne un look moderne \u00e0 ton int\u00e9rieur.<\/p>\n<p style=\"text-align: left;\">- Convient pour les bougies \u00e0 tige<br \/>\n- Chaque produit est fait \u00e0 la main, donc le gla\u00e7age peut varier.<br \/>\n- Le transport de la bougie est facilit\u00e9 par la poign\u00e9e<\/p>","protected":false},"excerpt":{"rendered":"<p>Bougeoir en c\u00e9ramique jaune, avec poign\u00e9e et motif de gla\u00e7age blanc, \u00d8 8.8 cm x H 7.5 cm<\/p>","protected":false},"featured_media":59537,"template":"","meta":[],"product_brand":[],"product_cat":[104,23,797,1024,28],"product_tag":[324],"woo-feed-brand":[],"class_list":{"0":"post-13520","1":"product","2":"type-product","3":"status-publish","4":"has-post-thumbnail","6":"product_cat-kerzenhalter","7":"product_cat-home-living","8":"product_cat-muttertag","9":"product_cat-muttertagsdeko","10":"product_cat-kerzen-lichter","11":"product_tag-marein-ag","13":"first","14":"instock","15":"taxable","16":"shipping-taxable","17":"purchasable","18":"product-type-simple"},"_links":{"self":[{"href":"https:\/\/www.fleurop-home.ch\/fr-ch\/wp-json\/wp\/v2\/product\/13520","targetHints":{"allow":["GET"]}}],"collection":[{"href":"https:\/\/www.fleurop-home.ch\/fr-ch\/wp-json\/wp\/v2\/product"}],"about":[{"href":"https:\/\/www.fleurop-home.ch\/fr-ch\/wp-json\/wp\/v2\/types\/product"}],"wp:featuredmedia":[{"embeddable":true,"href":"https:\/\/www.fleurop-home.ch\/fr-ch\/wp-json\/wp\/v2\/media\/59537"}],"wp:attachment":[{"href":"https:\/\/www.fleurop-home.ch\/fr-ch\/wp-json\/wp\/v2\/media?parent=13520"}],"wp:term":[{"taxonomy":"product_brand","embeddable":true,"href":"https:\/\/www.fleurop-home.ch\/fr-ch\/wp-json\/wp\/v2\/product_brand?post=13520"},{"taxonomy":"product_cat","embeddable":true,"href":"https:\/\/www.fleurop-home.ch\/fr-ch\/wp-json\/wp\/v2\/product_cat?post=13520"},{"taxonomy":"product_tag","embeddable":true,"href":"https:\/\/www.fleurop-home.ch\/fr-ch\/wp-json\/wp\/v2\/product_tag?post=13520"},{"taxonomy":"woo-feed-brand","embeddable":true,"href":"https:\/\/www.fleurop-home.ch\/fr-ch\/wp-json\/wp\/v2\/woo-feed-brand?post=13520"}],"curies":[{"name":"wp","href":"https:\/\/api.w.org\/{rel}","templated":true}]}}