{"id":13488,"date":"2023-07-14T11:59:32","date_gmt":"2023-07-14T11:59:32","guid":{"rendered":"https:\/\/www.fleurop-home.ch\/?product=eleganter-serviettenring-mit-blatterdesign"},"modified":"2026-04-01T15:35:54","modified_gmt":"2026-04-01T13:35:54","slug":"elegant-rond-de-serviette-a-motif-de-feuilles-argente","status":"publish","type":"product","link":"https:\/\/www.fleurop-home.ch\/fr-ch\/p\/eleganter-serviettenring-mit-blaetterdesign-silber","title":{"rendered":"Rond de serviette \u00e9l\u00e9gant avec motif de feuilles, argent\u00e9"},"content":{"rendered":"<p style=\"text-align: left;\">Ce rond de serviette de haute qualit\u00e9 avec son design romantique en forme de feuille apporte de l'\u00e9l\u00e9gance \u00e0 la table, que ce soit lors d'occasions sp\u00e9ciales comme les mariages, No\u00ebl, les anniversaires ou d'autres c\u00e9l\u00e9brations et rassemblements. Les serviettes en tissu re\u00e7oivent ainsi une touche d\u00e9corative suppl\u00e9mentaire.<\/p>\n<p style=\"text-align: left;\">- Rond de serviette avec motif de feuilles en m\u00e9tal dans un bel argent brillant<br \/>\n- Finition de haute qualit\u00e9 en aluminium l\u00e9ger et durable<br \/>\n- Design classique et intemporel<br \/>\n- Convient \u00e0 toutes les serviettes en tissu<br \/>\n- Diam\u00e8tre : 4,5 cm, hauteur : 4,5 cm<br \/>\n- Parfait pour les occasions sp\u00e9ciales comme les mariages, No\u00ebl et autres f\u00eates<br \/>\n- Apporte de l'\u00e9l\u00e9gance \u00e0 la table en un clin d'\u0153il<\/p>","protected":false},"excerpt":{"rendered":"<p>Rond de serviette \u00e9l\u00e9gant avec motif de feuilles \/ en m\u00e9tal pour serviettes en tissu, \u00d8 4,5 cm, argent\u00e9<\/p>","protected":false},"featured_media":36472,"template":"","meta":[],"product_brand":[],"product_cat":[1105,1022,797,1019,1018,984,994,42,1104,43],"product_tag":[324],"woo-feed-brand":[],"class_list":{"0":"post-13488","1":"product","2":"type-product","3":"status-publish","4":"has-post-thumbnail","6":"product_cat-serviettenringe","7":"product_cat-brunch","8":"product_cat-muttertag","9":"product_cat-osterbrunch","10":"product_cat-ostern","11":"product_cat-silvester","12":"product_cat-silvestertisch","13":"product_cat-kueche","14":"product_cat-tischakzente","15":"product_cat-gedeckter-tisch","16":"product_tag-marein-ag","18":"first","19":"instock","20":"featured","21":"taxable","22":"shipping-taxable","23":"purchasable","24":"product-type-simple"},"_links":{"self":[{"href":"https:\/\/www.fleurop-home.ch\/fr-ch\/wp-json\/wp\/v2\/product\/13488","targetHints":{"allow":["GET"]}}],"collection":[{"href":"https:\/\/www.fleurop-home.ch\/fr-ch\/wp-json\/wp\/v2\/product"}],"about":[{"href":"https:\/\/www.fleurop-home.ch\/fr-ch\/wp-json\/wp\/v2\/types\/product"}],"wp:featuredmedia":[{"embeddable":true,"href":"https:\/\/www.fleurop-home.ch\/fr-ch\/wp-json\/wp\/v2\/media\/36472"}],"wp:attachment":[{"href":"https:\/\/www.fleurop-home.ch\/fr-ch\/wp-json\/wp\/v2\/media?parent=13488"}],"wp:term":[{"taxonomy":"product_brand","embeddable":true,"href":"https:\/\/www.fleurop-home.ch\/fr-ch\/wp-json\/wp\/v2\/product_brand?post=13488"},{"taxonomy":"product_cat","embeddable":true,"href":"https:\/\/www.fleurop-home.ch\/fr-ch\/wp-json\/wp\/v2\/product_cat?post=13488"},{"taxonomy":"product_tag","embeddable":true,"href":"https:\/\/www.fleurop-home.ch\/fr-ch\/wp-json\/wp\/v2\/product_tag?post=13488"},{"taxonomy":"woo-feed-brand","embeddable":true,"href":"https:\/\/www.fleurop-home.ch\/fr-ch\/wp-json\/wp\/v2\/woo-feed-brand?post=13488"}],"curies":[{"name":"wp","href":"https:\/\/api.w.org\/{rel}","templated":true}]}}