{"id":13457,"date":"2023-07-09T10:13:37","date_gmt":"2023-07-09T10:13:37","guid":{"rendered":"https:\/\/www.fleurop-home.ch\/?product=hand-korperseife-n6-calendula"},"modified":"2025-04-01T05:39:59","modified_gmt":"2025-04-01T03:39:59","slug":"savon-pour-les-mains-n6-calendula","status":"publish","type":"product","link":"https:\/\/www.fleurop-home.ch\/fr-ch\/p\/hand-korperseife-n6-calendula","title":{"rendered":"Savon pour les mains et le corps N\u00b06 CALENDULA"},"content":{"rendered":"<div class=\"flex-shrink-0 flex flex-col relative items-end\">\n<div class=\"w-[30px]\">\n<div class=\"relative p-1 rounded-sm h-[30px] w-[30px] text-white flex items-center justify-center\" style=\"text-align: left\">Die Ringelblumen Hand- und K\u00f6rperseife ist eine pflegende Reinigungsformel, die Ihre Haut sanft und gr\u00fcndlich reinigt. Angereichert mit den wohltuenden Eigenschaften von Ringelblumenextrakt, spendet sie Ihrer Haut Feuchtigkeit und sch\u00fctzt sie vor dem Austrocknen. Die Seife enth\u00e4lt nat\u00fcrliche Inhaltsstoffe, die beruhigend und regenerierend wirken und helfen, Hautirritationen zu lindern. Der zarte Duft der Ringelblume verleiht Ihnen ein Gef\u00fchl von Frische und Wohlbefinden. Genie\u00dfen Sie die sanfte Reinigung und verw\u00f6hnen Sie Ihre Haut mit der Ringelblumen Hand- und K\u00f6rperseife f\u00fcr eine gepflegte und strahlende Haut.<\/div>\n<div class=\"relative p-1 rounded-sm h-[30px] w-[30px] text-white flex items-center justify-center\" style=\"text-align: left\"><\/div>\n<div class=\"relative p-1 rounded-sm h-[30px] w-[30px] text-white flex items-center justify-center\" style=\"text-align: left\">100gr.<\/div>\n<\/div>\n<\/div>\n","protected":false},"excerpt":{"rendered":"<p>N\u00b06 CALENDULA<\/p>","protected":false},"featured_media":13458,"template":"","meta":[],"product_brand":[],"product_cat":[49,48],"product_tag":[322],"woo-feed-brand":[],"class_list":{"0":"post-13457","1":"product","2":"type-product","3":"status-publish","4":"has-post-thumbnail","6":"product_cat-seifen","7":"product_cat-bad-wellness","8":"product_tag-primestudios","10":"first","11":"instock","12":"taxable","13":"shipping-taxable","14":"purchasable","15":"product-type-simple"},"_links":{"self":[{"href":"https:\/\/www.fleurop-home.ch\/fr-ch\/wp-json\/wp\/v2\/product\/13457","targetHints":{"allow":["GET"]}}],"collection":[{"href":"https:\/\/www.fleurop-home.ch\/fr-ch\/wp-json\/wp\/v2\/product"}],"about":[{"href":"https:\/\/www.fleurop-home.ch\/fr-ch\/wp-json\/wp\/v2\/types\/product"}],"wp:featuredmedia":[{"embeddable":true,"href":"https:\/\/www.fleurop-home.ch\/fr-ch\/wp-json\/wp\/v2\/media\/13458"}],"wp:attachment":[{"href":"https:\/\/www.fleurop-home.ch\/fr-ch\/wp-json\/wp\/v2\/media?parent=13457"}],"wp:term":[{"taxonomy":"product_brand","embeddable":true,"href":"https:\/\/www.fleurop-home.ch\/fr-ch\/wp-json\/wp\/v2\/product_brand?post=13457"},{"taxonomy":"product_cat","embeddable":true,"href":"https:\/\/www.fleurop-home.ch\/fr-ch\/wp-json\/wp\/v2\/product_cat?post=13457"},{"taxonomy":"product_tag","embeddable":true,"href":"https:\/\/www.fleurop-home.ch\/fr-ch\/wp-json\/wp\/v2\/product_tag?post=13457"},{"taxonomy":"woo-feed-brand","embeddable":true,"href":"https:\/\/www.fleurop-home.ch\/fr-ch\/wp-json\/wp\/v2\/woo-feed-brand?post=13457"}],"curies":[{"name":"wp","href":"https:\/\/api.w.org\/{rel}","templated":true}]}}