{"id":13455,"date":"2023-07-09T10:10:29","date_gmt":"2023-07-09T10:10:29","guid":{"rendered":"https:\/\/www.fleurop-home.ch\/?product=hand-korperseife-n10-pinus-cembra"},"modified":"2026-05-06T16:19:20","modified_gmt":"2026-05-06T14:19:20","slug":"savon-de-corps-a-la-main-n10-pinus-cembra","status":"publish","type":"product","link":"https:\/\/www.fleurop-home.ch\/fr-ch\/p\/hand-korperseife-n10-pinus-cembra","title":{"rendered":"Savon pour les mains et le corps N\u00b010 PINUS CEMBRA"},"content":{"rendered":"<div class=\"flex-shrink-0 flex flex-col relative items-end\">\n<div class=\"w-[30px]\">\n<div class=\"relative p-1 rounded-sm h-[30px] w-[30px] text-white flex items-center justify-center\" style=\"text-align: left\">Die Arven Hand- und K\u00f6rperseife ist eine erfrischende Reinigungsformel, die Ihre Haut sanft und gr\u00fcndlich reinigt. Mit dem nat\u00fcrlichen Duft von Arvenholz verleiht sie Ihnen ein Gef\u00fchl von Frische und belebender Natur. Die Seife enth\u00e4lt hochwertige Inhaltsstoffe, die Ihre Haut mit Feuchtigkeit versorgen und sie geschmeidig halten. Der charakteristische Duft der Arve wirkt entspannend und harmonisierend und schafft eine angenehme Atmosph\u00e4re. Genie\u00dfen Sie das erfrischende Aroma und verw\u00f6hnen Sie Ihre Haut mit der Arven Hand- und K\u00f6rperseife f\u00fcr ein belebendes und verw\u00f6hnendes Reinigungserlebnis inmitten der Natur.<\/div>\n<div class=\"relative p-1 rounded-sm h-[30px] w-[30px] text-white flex items-center justify-center\" style=\"text-align: left\"><\/div>\n<div class=\"relative p-1 rounded-sm h-[30px] w-[30px] text-white flex items-center justify-center\" style=\"text-align: left\">100gr.<\/div>\n<\/div>\n<\/div>\n","protected":false},"excerpt":{"rendered":"<p>N\u00b010 PINUS CEMBRA<\/p>","protected":false},"featured_media":13456,"template":"","meta":[],"product_brand":[],"product_cat":[49,48],"product_tag":[1274,322],"woo-feed-brand":[],"class_list":{"0":"post-13455","1":"product","2":"type-product","3":"status-publish","4":"has-post-thumbnail","6":"product_cat-seifen","7":"product_cat-bad-wellness","8":"product_tag-pos","9":"product_tag-primestudios","11":"first","12":"instock","13":"taxable","14":"shipping-taxable","15":"purchasable","16":"product-type-simple"},"_links":{"self":[{"href":"https:\/\/www.fleurop-home.ch\/fr-ch\/wp-json\/wp\/v2\/product\/13455","targetHints":{"allow":["GET"]}}],"collection":[{"href":"https:\/\/www.fleurop-home.ch\/fr-ch\/wp-json\/wp\/v2\/product"}],"about":[{"href":"https:\/\/www.fleurop-home.ch\/fr-ch\/wp-json\/wp\/v2\/types\/product"}],"wp:featuredmedia":[{"embeddable":true,"href":"https:\/\/www.fleurop-home.ch\/fr-ch\/wp-json\/wp\/v2\/media\/13456"}],"wp:attachment":[{"href":"https:\/\/www.fleurop-home.ch\/fr-ch\/wp-json\/wp\/v2\/media?parent=13455"}],"wp:term":[{"taxonomy":"product_brand","embeddable":true,"href":"https:\/\/www.fleurop-home.ch\/fr-ch\/wp-json\/wp\/v2\/product_brand?post=13455"},{"taxonomy":"product_cat","embeddable":true,"href":"https:\/\/www.fleurop-home.ch\/fr-ch\/wp-json\/wp\/v2\/product_cat?post=13455"},{"taxonomy":"product_tag","embeddable":true,"href":"https:\/\/www.fleurop-home.ch\/fr-ch\/wp-json\/wp\/v2\/product_tag?post=13455"},{"taxonomy":"woo-feed-brand","embeddable":true,"href":"https:\/\/www.fleurop-home.ch\/fr-ch\/wp-json\/wp\/v2\/woo-feed-brand?post=13455"}],"curies":[{"name":"wp","href":"https:\/\/api.w.org\/{rel}","templated":true}]}}