{"id":13407,"date":"2023-07-04T14:13:30","date_gmt":"2023-07-04T12:13:30","guid":{"rendered":"https:\/\/www.fleurop-home.ch\/?product=microgreen-saat-weisser-senf-50gr"},"modified":"2025-05-12T14:02:14","modified_gmt":"2025-05-12T12:02:14","slug":"microgreen-graines-moutarde-blanche-50gr","status":"publish","type":"product","link":"https:\/\/www.fleurop-home.ch\/fr-ch\/p\/microgreen-saat-weisser-senf-50gr","title":{"rendered":"Graine Microgreen 50gr \u201aMoutarde blanche\u2018"},"content":{"rendered":"<p>Sinapis alba<br \/>\nMENFON BLANC<\/p>\n<p>Go\u00fbt intense et piquant<\/p>\n<p>Graines \u00e0 germer BIO pour cultiver toute l'ann\u00e9e, facilement et rapidement, des pousses \u00e0 germer et des microgreens<\/p>\n<p>Remplir le r\u00e9cipient d'eau jusqu'\u00e0 la hauteur des graines jusqu'\u00e0 ce que la grille soit mouill\u00e9e d'eau par le bas. Placer le r\u00e9cipient dans un endroit clair, \u00e0 l'abri de la lumi\u00e8re directe du soleil. Si n\u00e9cessaire, rajouter de l'eau qui s'est \u00e9vapor\u00e9e. Conseil : faire tremper les graines \u00e0 germer une nuit dans l'eau. Il est \u00e9galement possible de faire pousser des germes - pr\u00eats \u00e0 \u00eatre consomm\u00e9s en 3 \u00e0 5 jours.<\/p>\n<p>DE-\u00d6KO-013 \/ Agriculture UE<\/p>","protected":false},"excerpt":{"rendered":"<p>Bio<\/p>","protected":false},"featured_media":46711,"template":"","meta":[],"product_brand":[],"product_cat":[47,1091,1088,42,885],"product_tag":[289],"woo-feed-brand":[],"class_list":{"0":"post-13407","1":"product","2":"type-product","3":"status-publish","4":"has-post-thumbnail","6":"product_cat-kuechenaromen","7":"product_cat-hobbykoch","8":"product_cat-vatertag","9":"product_cat-kueche","10":"product_cat-koestlichkeiten","11":"product_tag-blumengarten-kung-ag","13":"first","14":"instock","15":"taxable","16":"shipping-taxable","17":"purchasable","18":"product-type-simple"},"_links":{"self":[{"href":"https:\/\/www.fleurop-home.ch\/fr-ch\/wp-json\/wp\/v2\/product\/13407","targetHints":{"allow":["GET"]}}],"collection":[{"href":"https:\/\/www.fleurop-home.ch\/fr-ch\/wp-json\/wp\/v2\/product"}],"about":[{"href":"https:\/\/www.fleurop-home.ch\/fr-ch\/wp-json\/wp\/v2\/types\/product"}],"wp:featuredmedia":[{"embeddable":true,"href":"https:\/\/www.fleurop-home.ch\/fr-ch\/wp-json\/wp\/v2\/media\/46711"}],"wp:attachment":[{"href":"https:\/\/www.fleurop-home.ch\/fr-ch\/wp-json\/wp\/v2\/media?parent=13407"}],"wp:term":[{"taxonomy":"product_brand","embeddable":true,"href":"https:\/\/www.fleurop-home.ch\/fr-ch\/wp-json\/wp\/v2\/product_brand?post=13407"},{"taxonomy":"product_cat","embeddable":true,"href":"https:\/\/www.fleurop-home.ch\/fr-ch\/wp-json\/wp\/v2\/product_cat?post=13407"},{"taxonomy":"product_tag","embeddable":true,"href":"https:\/\/www.fleurop-home.ch\/fr-ch\/wp-json\/wp\/v2\/product_tag?post=13407"},{"taxonomy":"woo-feed-brand","embeddable":true,"href":"https:\/\/www.fleurop-home.ch\/fr-ch\/wp-json\/wp\/v2\/woo-feed-brand?post=13407"}],"curies":[{"name":"wp","href":"https:\/\/api.w.org\/{rel}","templated":true}]}}