{"id":13405,"date":"2023-07-04T14:13:29","date_gmt":"2023-07-04T12:13:29","guid":{"rendered":"https:\/\/www.fleurop-home.ch\/?product=microgreen-anzuchtset-sprossenbox"},"modified":"2025-04-01T05:40:31","modified_gmt":"2025-04-01T03:40:31","slug":"kit-de-culture-microgreen-boite-a-pousses","status":"publish","type":"product","link":"https:\/\/www.fleurop-home.ch\/fr-ch\/p\/microgreen-anzuchtset-sprossenbox","title":{"rendered":"Kit de culture Microgreen \u201aBo\u00eete \u00e0 pousses\u2018"},"content":{"rendered":"<p>BO\u00ceTE DE SPROSSE<br \/>\nCulture facile de pousses fra\u00eeches et croquantes<\/p>\n<p>PR\u00caT \u00c0 CONSOMMER EN ENV. 2-10 JOURS AVEC CULTURE DE POUSSES<\/p>\n<p>Le bac \u00e0 pousses de SPERLI assure un arrosage optimal de tes pousses. Place le r\u00e9cipient dans un endroit lumineux, \u00e0 l'abri de la lumi\u00e8re directe du soleil. Jusqu'\u00e0 la r\u00e9colte, tu devrais arroser 2 \u00e0 3 fois par jour. Conseil : laisse les graines germ\u00e9es gonfler dans l'eau pendant la nuit. Les germes pr\u00eats \u00e0 \u00eatre consomm\u00e9s se conservent quelques jours au r\u00e9frig\u00e9rateur. Avant de les d\u00e9guster, il est conseill\u00e9 de les rincer une derni\u00e8re fois soigneusement.<\/p>","protected":false},"excerpt":{"rendered":"<p>Pour cultiver des pousses fra\u00eeches et croquantes \u00e0 partir de graines<\/p>","protected":false},"featured_media":46759,"template":"","meta":[],"product_brand":[],"product_cat":[47,42,885,44],"product_tag":[289],"woo-feed-brand":[],"class_list":{"0":"post-13405","1":"product","2":"type-product","3":"status-publish","4":"has-post-thumbnail","6":"product_cat-kuechenaromen","7":"product_cat-kueche","8":"product_cat-koestlichkeiten","9":"product_cat-kuechenhelfer","10":"product_tag-blumengarten-kung-ag","12":"first","13":"instock","14":"taxable","15":"shipping-taxable","16":"purchasable","17":"product-type-simple"},"_links":{"self":[{"href":"https:\/\/www.fleurop-home.ch\/fr-ch\/wp-json\/wp\/v2\/product\/13405","targetHints":{"allow":["GET"]}}],"collection":[{"href":"https:\/\/www.fleurop-home.ch\/fr-ch\/wp-json\/wp\/v2\/product"}],"about":[{"href":"https:\/\/www.fleurop-home.ch\/fr-ch\/wp-json\/wp\/v2\/types\/product"}],"wp:featuredmedia":[{"embeddable":true,"href":"https:\/\/www.fleurop-home.ch\/fr-ch\/wp-json\/wp\/v2\/media\/46759"}],"wp:attachment":[{"href":"https:\/\/www.fleurop-home.ch\/fr-ch\/wp-json\/wp\/v2\/media?parent=13405"}],"wp:term":[{"taxonomy":"product_brand","embeddable":true,"href":"https:\/\/www.fleurop-home.ch\/fr-ch\/wp-json\/wp\/v2\/product_brand?post=13405"},{"taxonomy":"product_cat","embeddable":true,"href":"https:\/\/www.fleurop-home.ch\/fr-ch\/wp-json\/wp\/v2\/product_cat?post=13405"},{"taxonomy":"product_tag","embeddable":true,"href":"https:\/\/www.fleurop-home.ch\/fr-ch\/wp-json\/wp\/v2\/product_tag?post=13405"},{"taxonomy":"woo-feed-brand","embeddable":true,"href":"https:\/\/www.fleurop-home.ch\/fr-ch\/wp-json\/wp\/v2\/woo-feed-brand?post=13405"}],"curies":[{"name":"wp","href":"https:\/\/api.w.org\/{rel}","templated":true}]}}